{"id":69,"date":"2020-03-18T14:58:32","date_gmt":"2020-03-18T13:58:32","guid":{"rendered":"https:\/\/www.hotelcadoro.com\/?page_id=69"},"modified":"2024-04-02T17:32:46","modified_gmt":"2024-04-02T15:32:46","slug":"dove-siamo","status":"publish","type":"page","link":"https:\/\/www.hotelcadoro.com\/it\/dove-siamo\/","title":{"rendered":"Dove siamo"},"content":{"rendered":"\n<div class=\"wp-block-group cadoro-bg-gold-small-l\"><div class=\"wp-block-group__inner-container is-layout-flow wp-block-group-is-layout-flow\"><\/div><\/div>\n\n\n\n<div class=\"wp-block-group cadoro-1\"><div class=\"wp-block-group__inner-container is-layout-flow wp-block-group-is-layout-flow\">\n<h2 class=\"wp-block-heading\">Location<\/h2>\n\n\n\n<p>Raggiungere l\u2019Hotel Ca\u2019 d\u2019Oro \u00e8 molto semplice e <strong>numerosi sono i mezzi di collegamento<\/strong> alla localit\u00e0 balneare: in auto, in aereo o in treno, Bibione \u00e8 raggiungibile comodamente da qualsiasi citt\u00e0 italiana e straniera.<\/p>\n\n\n\n<p>La location dell\u2019albergo \u00e8 inoltre privilegiata: il nostro hotel a Bibione centro sorge, infatti, in una <strong>zona tranquilla, a pochissimi passi dal mare e dalle terme.<\/strong> Una posizione strategica per chi desidera di giorno raggiungere comodamente la spiaggia, trascorrendovi rilassanti momenti, ma a un passo dalla propria camera e dalle comodit\u00e0 dell\u2019albergo, e di sera fare piacevoli e divertenti passeggiate dall\u2019hotel al centro di Bibione.<br><br>Inoltre, l&#8217;hotel dispone di un <strong>parcheggio<\/strong>, rendendo ancora pi\u00f9 comodo l&#8217;arrivo e la permanenza degli ospiti che scelgono di viaggiare in auto.<\/p>\n\n\n\n<h3 class=\"wp-block-heading\">Indicazioni<\/h3>\n\n\n\n<p>Via Taigete, 16 \u2013 30020 Bibione (Ve)<\/p>\n\n\n\n<ul class=\"wp-block-list\">\n<li>Autostrada A4 Venezia-Trieste uscita Latisana, seguire per Bibione.<\/li>\n\n\n\n<li>Aeroporto di Treviso, collegamento con transfert diretto in bus fino a Bibione.<\/li>\n\n\n\n<li><a href=\"https:\/\/www.bibione.com\/it\/scopri\/arrivare\/mezzi-pubblici\/\" target=\"_blank\" rel=\"noreferrer noopener\">Stazione ferroviaria<\/a> di Latisana, che dista 20 km da Bibione.<\/li>\n<\/ul>\n<\/div><\/div>\n\n\n\n<div class=\"wp-block-group cadoro-2-gallery\"><div class=\"wp-block-group__inner-container is-layout-flow wp-block-group-is-layout-flow\">\n<iframe loading=\"lazy\" src=\"https:\/\/www.google.com\/maps\/embed?pb=!1m14!1m8!1m3!1d25864.058797889076!2d13.05576!3d45.63413!3m2!1i1024!2i768!4f13.1!3m3!1m2!1s0x0%3A0x640c41a0272f46f8!2sHotel%20Ca'%20D'Oro%20Bibione!5e1!3m2!1sit!2sit!4v1587121410631!5m2!1sit!2sit\" width=\"100%\" height=\"350px\" frameborder=\"0\" style=\"border:0;\" allowfullscreen=\"\" aria-hidden=\"false\" tabindex=\"0\"><\/iframe>\n<\/div><\/div>\n","protected":false},"excerpt":{"rendered":"<p>Location Raggiungere l\u2019Hotel Ca\u2019 d\u2019Oro \u00e8 molto semplice e numerosi sono i mezzi di collegamento alla localit\u00e0 balneare: in auto, in aereo o in treno, Bibione \u00e8 raggiungibile comodamente da qualsiasi citt\u00e0 italiana e straniera. La location dell\u2019albergo \u00e8 inoltre privilegiata: il nostro hotel a Bibione centro sorge, infatti, in una zona tranquilla, a pochissimi [&hellip;]<\/p>\n","protected":false},"author":2,"featured_media":1784,"parent":0,"menu_order":0,"comment_status":"closed","ping_status":"closed","template":"","meta":{"_acf_changed":false,"advgb_blocks_editor_width":"","advgb_blocks_columns_visual_guide":"","footnotes":""},"class_list":["post-69","page","type-page","status-publish","has-post-thumbnail","hentry"],"acf":[],"yoast_head":"<!-- This site is optimized with the Yoast SEO plugin v25.6 - https:\/\/yoast.com\/wordpress\/plugins\/seo\/ -->\n<title>Dove siamo - Hotel Ca&#039; D&#039;Oro - Tre Stelle Superior a Bibione<\/title>\n<meta name=\"description\" content=\"Raggiungere l\u2019Hotel Ca\u2019 d\u2019Oro \u00e8 molto semplice e numerosi sono i mezzi di collegamento alla localit\u00e0 balneare: in auto, in aereo o in treno.\" \/>\n<meta name=\"robots\" content=\"index, follow, max-snippet:-1, max-image-preview:large, max-video-preview:-1\" \/>\n<link rel=\"canonical\" href=\"https:\/\/www.hotelcadoro.com\/it\/dove-siamo\/\" \/>\n<meta property=\"og:locale\" content=\"it_IT\" \/>\n<meta property=\"og:type\" content=\"article\" \/>\n<meta property=\"og:title\" content=\"Dove siamo - Hotel Ca&#039; D&#039;Oro - Tre Stelle Superior a Bibione\" \/>\n<meta property=\"og:description\" content=\"Raggiungere l\u2019Hotel Ca\u2019 d\u2019Oro \u00e8 molto semplice e numerosi sono i mezzi di collegamento alla localit\u00e0 balneare: in auto, in aereo o in treno.\" \/>\n<meta property=\"og:url\" content=\"https:\/\/www.hotelcadoro.com\/it\/dove-siamo\/\" \/>\n<meta property=\"og:site_name\" content=\"Hotel Ca&#039; D&#039;Oro\" \/>\n<meta property=\"article:modified_time\" content=\"2024-04-02T15:32:46+00:00\" \/>\n<meta property=\"og:image\" content=\"https:\/\/www.hotelcadoro.com\/wp-content\/uploads\/2020\/04\/Banner_dovesiamo.jpg\" \/>\n\t<meta property=\"og:image:width\" content=\"2000\" \/>\n\t<meta property=\"og:image:height\" content=\"490\" \/>\n\t<meta property=\"og:image:type\" content=\"image\/jpeg\" \/>\n<meta name=\"twitter:card\" content=\"summary_large_image\" \/>\n<meta name=\"twitter:label1\" content=\"Tempo di lettura stimato\" \/>\n\t<meta name=\"twitter:data1\" content=\"2 minuti\" \/>\n<script type=\"application\/ld+json\" class=\"yoast-schema-graph\">{\"@context\":\"https:\/\/schema.org\",\"@graph\":[{\"@type\":\"WebPage\",\"@id\":\"https:\/\/www.hotelcadoro.com\/it\/dove-siamo\/\",\"url\":\"https:\/\/www.hotelcadoro.com\/it\/dove-siamo\/\",\"name\":\"Dove siamo - Hotel Ca&#039; D&#039;Oro - Tre Stelle Superior a Bibione\",\"isPartOf\":{\"@id\":\"https:\/\/www.hotelcadoro.com\/it\/#website\"},\"primaryImageOfPage\":{\"@id\":\"https:\/\/www.hotelcadoro.com\/it\/dove-siamo\/#primaryimage\"},\"image\":{\"@id\":\"https:\/\/www.hotelcadoro.com\/it\/dove-siamo\/#primaryimage\"},\"thumbnailUrl\":\"https:\/\/www.hotelcadoro.com\/wp-content\/uploads\/2020\/04\/Banner_dovesiamo.jpg\",\"datePublished\":\"2020-03-18T13:58:32+00:00\",\"dateModified\":\"2024-04-02T15:32:46+00:00\",\"description\":\"Raggiungere l\u2019Hotel Ca\u2019 d\u2019Oro \u00e8 molto semplice e numerosi sono i mezzi di collegamento alla localit\u00e0 balneare: in auto, in aereo o in treno.\",\"breadcrumb\":{\"@id\":\"https:\/\/www.hotelcadoro.com\/it\/dove-siamo\/#breadcrumb\"},\"inLanguage\":\"it-IT\",\"potentialAction\":[{\"@type\":\"ReadAction\",\"target\":[\"https:\/\/www.hotelcadoro.com\/it\/dove-siamo\/\"]}]},{\"@type\":\"ImageObject\",\"inLanguage\":\"it-IT\",\"@id\":\"https:\/\/www.hotelcadoro.com\/it\/dove-siamo\/#primaryimage\",\"url\":\"https:\/\/www.hotelcadoro.com\/wp-content\/uploads\/2020\/04\/Banner_dovesiamo.jpg\",\"contentUrl\":\"https:\/\/www.hotelcadoro.com\/wp-content\/uploads\/2020\/04\/Banner_dovesiamo.jpg\",\"width\":2000,\"height\":490,\"caption\":\"Vista aerea di Bibione\"},{\"@type\":\"BreadcrumbList\",\"@id\":\"https:\/\/www.hotelcadoro.com\/it\/dove-siamo\/#breadcrumb\",\"itemListElement\":[{\"@type\":\"ListItem\",\"position\":1,\"name\":\"Home\",\"item\":\"https:\/\/www.hotelcadoro.com\/it\/\"},{\"@type\":\"ListItem\",\"position\":2,\"name\":\"Dove siamo\"}]},{\"@type\":\"WebSite\",\"@id\":\"https:\/\/www.hotelcadoro.com\/it\/#website\",\"url\":\"https:\/\/www.hotelcadoro.com\/it\/\",\"name\":\"Hotel Ca&#039; D&#039;Oro\",\"description\":\"\",\"publisher\":{\"@id\":\"https:\/\/www.hotelcadoro.com\/it\/#organization\"},\"potentialAction\":[{\"@type\":\"SearchAction\",\"target\":{\"@type\":\"EntryPoint\",\"urlTemplate\":\"https:\/\/www.hotelcadoro.com\/it\/?s={search_term_string}\"},\"query-input\":{\"@type\":\"PropertyValueSpecification\",\"valueRequired\":true,\"valueName\":\"search_term_string\"}}],\"inLanguage\":\"it-IT\"},{\"@type\":\"Organization\",\"@id\":\"https:\/\/www.hotelcadoro.com\/it\/#organization\",\"name\":\"Hotel Ca' D'Oro\",\"url\":\"https:\/\/www.hotelcadoro.com\/it\/\",\"logo\":{\"@type\":\"ImageObject\",\"inLanguage\":\"it-IT\",\"@id\":\"https:\/\/www.hotelcadoro.com\/it\/#\/schema\/logo\/image\/\",\"url\":\"https:\/\/www.hotelcadoro.com\/wp-content\/uploads\/2020\/03\/logo.png\",\"contentUrl\":\"https:\/\/www.hotelcadoro.com\/wp-content\/uploads\/2020\/03\/logo.png\",\"width\":528,\"height\":400,\"caption\":\"Hotel Ca' D'Oro\"},\"image\":{\"@id\":\"https:\/\/www.hotelcadoro.com\/it\/#\/schema\/logo\/image\/\"}}]}<\/script>\n<!-- \/ Yoast SEO plugin. -->","yoast_head_json":{"title":"Dove siamo - Hotel Ca&#039; D&#039;Oro - Tre Stelle Superior a Bibione","description":"Raggiungere l\u2019Hotel Ca\u2019 d\u2019Oro \u00e8 molto semplice e numerosi sono i mezzi di collegamento alla localit\u00e0 balneare: in auto, in aereo o in treno.","robots":{"index":"index","follow":"follow","max-snippet":"max-snippet:-1","max-image-preview":"max-image-preview:large","max-video-preview":"max-video-preview:-1"},"canonical":"https:\/\/www.hotelcadoro.com\/it\/dove-siamo\/","og_locale":"it_IT","og_type":"article","og_title":"Dove siamo - Hotel Ca&#039; D&#039;Oro - Tre Stelle Superior a Bibione","og_description":"Raggiungere l\u2019Hotel Ca\u2019 d\u2019Oro \u00e8 molto semplice e numerosi sono i mezzi di collegamento alla localit\u00e0 balneare: in auto, in aereo o in treno.","og_url":"https:\/\/www.hotelcadoro.com\/it\/dove-siamo\/","og_site_name":"Hotel Ca&#039; D&#039;Oro","article_modified_time":"2024-04-02T15:32:46+00:00","og_image":[{"width":2000,"height":490,"url":"https:\/\/www.hotelcadoro.com\/wp-content\/uploads\/2020\/04\/Banner_dovesiamo.jpg","type":"image\/jpeg"}],"twitter_card":"summary_large_image","twitter_misc":{"Tempo di lettura stimato":"2 minuti"},"schema":{"@context":"https:\/\/schema.org","@graph":[{"@type":"WebPage","@id":"https:\/\/www.hotelcadoro.com\/it\/dove-siamo\/","url":"https:\/\/www.hotelcadoro.com\/it\/dove-siamo\/","name":"Dove siamo - Hotel Ca&#039; D&#039;Oro - Tre Stelle Superior a Bibione","isPartOf":{"@id":"https:\/\/www.hotelcadoro.com\/it\/#website"},"primaryImageOfPage":{"@id":"https:\/\/www.hotelcadoro.com\/it\/dove-siamo\/#primaryimage"},"image":{"@id":"https:\/\/www.hotelcadoro.com\/it\/dove-siamo\/#primaryimage"},"thumbnailUrl":"https:\/\/www.hotelcadoro.com\/wp-content\/uploads\/2020\/04\/Banner_dovesiamo.jpg","datePublished":"2020-03-18T13:58:32+00:00","dateModified":"2024-04-02T15:32:46+00:00","description":"Raggiungere l\u2019Hotel Ca\u2019 d\u2019Oro \u00e8 molto semplice e numerosi sono i mezzi di collegamento alla localit\u00e0 balneare: in auto, in aereo o in treno.","breadcrumb":{"@id":"https:\/\/www.hotelcadoro.com\/it\/dove-siamo\/#breadcrumb"},"inLanguage":"it-IT","potentialAction":[{"@type":"ReadAction","target":["https:\/\/www.hotelcadoro.com\/it\/dove-siamo\/"]}]},{"@type":"ImageObject","inLanguage":"it-IT","@id":"https:\/\/www.hotelcadoro.com\/it\/dove-siamo\/#primaryimage","url":"https:\/\/www.hotelcadoro.com\/wp-content\/uploads\/2020\/04\/Banner_dovesiamo.jpg","contentUrl":"https:\/\/www.hotelcadoro.com\/wp-content\/uploads\/2020\/04\/Banner_dovesiamo.jpg","width":2000,"height":490,"caption":"Vista aerea di Bibione"},{"@type":"BreadcrumbList","@id":"https:\/\/www.hotelcadoro.com\/it\/dove-siamo\/#breadcrumb","itemListElement":[{"@type":"ListItem","position":1,"name":"Home","item":"https:\/\/www.hotelcadoro.com\/it\/"},{"@type":"ListItem","position":2,"name":"Dove siamo"}]},{"@type":"WebSite","@id":"https:\/\/www.hotelcadoro.com\/it\/#website","url":"https:\/\/www.hotelcadoro.com\/it\/","name":"Hotel Ca&#039; D&#039;Oro","description":"","publisher":{"@id":"https:\/\/www.hotelcadoro.com\/it\/#organization"},"potentialAction":[{"@type":"SearchAction","target":{"@type":"EntryPoint","urlTemplate":"https:\/\/www.hotelcadoro.com\/it\/?s={search_term_string}"},"query-input":{"@type":"PropertyValueSpecification","valueRequired":true,"valueName":"search_term_string"}}],"inLanguage":"it-IT"},{"@type":"Organization","@id":"https:\/\/www.hotelcadoro.com\/it\/#organization","name":"Hotel Ca' D'Oro","url":"https:\/\/www.hotelcadoro.com\/it\/","logo":{"@type":"ImageObject","inLanguage":"it-IT","@id":"https:\/\/www.hotelcadoro.com\/it\/#\/schema\/logo\/image\/","url":"https:\/\/www.hotelcadoro.com\/wp-content\/uploads\/2020\/03\/logo.png","contentUrl":"https:\/\/www.hotelcadoro.com\/wp-content\/uploads\/2020\/03\/logo.png","width":528,"height":400,"caption":"Hotel Ca' D'Oro"},"image":{"@id":"https:\/\/www.hotelcadoro.com\/it\/#\/schema\/logo\/image\/"}}]}},"coauthors":[],"author_meta":{"author_link":"https:\/\/www.hotelcadoro.com\/it\/author\/c4d-0r0w\/","display_name":"c4d-0r0w"},"relative_dates":{"created":"Pubblicato 6 anni fa","modified":"Aggiornato 2 anni fa"},"absolute_dates":{"created":"Pubblicato il 18 Marzo 2020","modified":"Aggiornato il 2 Aprile 2024"},"absolute_dates_time":{"created":"Pubblicato il 18 Marzo 2020 14:58","modified":"Aggiornato il 2 Aprile 2024 17:32"},"featured_img_caption":"","featured_img":"https:\/\/www.hotelcadoro.com\/wp-content\/uploads\/2020\/04\/Banner_dovesiamo-1200x294.jpg","series_order":"","_links":{"self":[{"href":"https:\/\/www.hotelcadoro.com\/it\/wp-json\/wp\/v2\/pages\/69","targetHints":{"allow":["GET"]}}],"collection":[{"href":"https:\/\/www.hotelcadoro.com\/it\/wp-json\/wp\/v2\/pages"}],"about":[{"href":"https:\/\/www.hotelcadoro.com\/it\/wp-json\/wp\/v2\/types\/page"}],"author":[{"embeddable":true,"href":"https:\/\/www.hotelcadoro.com\/it\/wp-json\/wp\/v2\/users\/2"}],"replies":[{"embeddable":true,"href":"https:\/\/www.hotelcadoro.com\/it\/wp-json\/wp\/v2\/comments?post=69"}],"version-history":[{"count":2,"href":"https:\/\/www.hotelcadoro.com\/it\/wp-json\/wp\/v2\/pages\/69\/revisions"}],"predecessor-version":[{"id":3068,"href":"https:\/\/www.hotelcadoro.com\/it\/wp-json\/wp\/v2\/pages\/69\/revisions\/3068"}],"wp:featuredmedia":[{"embeddable":true,"href":"https:\/\/www.hotelcadoro.com\/it\/wp-json\/wp\/v2\/media\/1784"}],"wp:attachment":[{"href":"https:\/\/www.hotelcadoro.com\/it\/wp-json\/wp\/v2\/media?parent=69"}],"curies":[{"name":"wp","href":"https:\/\/api.w.org\/{rel}","templated":true}]}}