{"id":666,"date":"2020-04-08T17:18:07","date_gmt":"2020-04-08T15:18:07","guid":{"rendered":"https:\/\/www.hotelcadoro.com\/?page_id=666"},"modified":"2024-04-03T09:55:53","modified_gmt":"2024-04-03T07:55:53","slug":"sport-beauty","status":"publish","type":"page","link":"https:\/\/www.hotelcadoro.com\/it\/sport-beauty\/","title":{"rendered":"Sport &#038; Beauty"},"content":{"rendered":"\n<div class=\"wp-block-group cadoro-bg-gold-small-l\"><div class=\"wp-block-group__inner-container is-layout-flow wp-block-group-is-layout-flow\"><\/div><\/div>\n\n\n\n<div id=\"sport\" class=\"wp-block-group cadoro-1\"><div class=\"wp-block-group__inner-container is-layout-flow wp-block-group-is-layout-flow\">\n<h2 class=\"wp-block-heading\">Sport e divertimento all\u2019aria aperta<\/h2>\n\n\n\n<p>Bibione \u00e8 una meta ideale anche per gli amanti dello sport: sono, infatti, <strong>numerose le attivit\u00e0 che si possono fare in vari punti della citt\u00e0<\/strong>. Vengono organizzati corsi di nuoto, surf, vela ed equitazione a cui possono partecipare anche i pi\u00f9 piccoli. Durante la stagione estiva vengono organizzate anche <strong>grandi manifestazioni sportive<\/strong> per tutti i gusti come per esempio:<\/p>\n<\/div><\/div>\n\n\n\n<div class=\"wp-block-group cadoro-2\"><div class=\"wp-block-group__inner-container is-layout-flow wp-block-group-is-layout-flow\">\n<p><strong>Raduno Calcio a 5:<\/strong><br>Il pi\u00f9 importante torneo estivo per numero di partecipanti, ha un programma intenso e carico di incontri sportivi che si concludono alla sera con grandi feste;<\/p>\n\n\n\n<p><strong>Beach Rugby Festival:<\/strong><br>Se le parole meta, trasformazione, touch o mischia non vi dicono niente, questa \u00e8 l\u2019occasione giusta per scoprire questo affascinante gioco. Due giorni carichi di sportivit\u00e0 e agonismo con atleti da tutto il mondo;<\/p>\n\n\n\n<p><strong>Raduno Fitness:<\/strong><br>offre un ricco programma di aerobica tenuto dai migliori istruttori pronti a coinvolgere i partecipanti a sedute di step, pilates, spinning;<\/p>\n\n\n\n<p><strong>Beach&amp;Ball:<\/strong><br>Evento organizzato direttamente dalla <strong>F.I.P. <\/strong>che ogni anno vede aumentare il numero di partecipanti.<\/p>\n<\/div><\/div>\n\n\n\n<div class=\"wp-block-group cadoro-5\"><div class=\"wp-block-group__inner-container is-layout-flow wp-block-group-is-layout-flow\">\n<div class=\"wp-block-columns alignfull colonne is-layout-flex wp-container-core-columns-is-layout-9d6595d7 wp-block-columns-is-layout-flex\">\n<div class=\"wp-block-column is-layout-flow wp-block-column-is-layout-flow\">\n<div class=\"wp-block-group alignfull\"><div class=\"wp-block-group__inner-container is-layout-flow wp-block-group-is-layout-flow\">\n<h4 class=\"wp-block-heading\">Sport acquatici<\/h4>\n\n\n\n<p>A Bibione si possono praticare moltissime attivit\u00e0 marine <strong>dal nuoto alle immersioni<\/strong>, dalla <strong>vela<\/strong> allo <strong>sci nautico<\/strong> ma anche <strong>surf<\/strong>, <strong>wind surf <\/strong>e <strong>parafly<\/strong>.<br>Questi sport non sono adatti solo alle persone con esperienza ma anche per i principianti vista la presenza di istruttori qualificati ai quali fare riferimento.<\/p>\n<\/div><\/div>\n\n\n\n<div class=\"wp-block-group\"><div class=\"wp-block-group__inner-container is-layout-flow wp-block-group-is-layout-flow\">\n<h4 class=\"wp-block-heading\">Beach volley<\/h4>\n\n\n\n<p>Ormai \u00e8 diventato uno sport popolare e praticato in tutte le spiagge del mondo tanto che dal 2004 \u00e8 diventato anche uno sport olimpico. L\u2019ampia spiaggia di Bibione \u00e8 il luogo ideale per praticarlo.<\/p>\n<\/div><\/div>\n\n\n\n<div class=\"wp-block-group\"><div class=\"wp-block-group__inner-container is-layout-flow wp-block-group-is-layout-flow\">\n<h4 class=\"wp-block-heading\">Tennis<\/h4>\n\n\n\n<p>Gli appasionati del tennis potranno accedere al <strong>Centro Tennistico Comunale<\/strong>, oppure provare a <strong>giocare sulla spiaggia<\/strong>. Ricordiamo che a Bibione viene organizzato ogni anno un importante raduno di beach tennis.<\/p>\n<\/div><\/div>\n<\/div>\n\n\n\n<div class=\"wp-block-column is-layout-flow wp-block-column-is-layout-flow\">\n<div class=\"wp-block-group alignfull\"><div class=\"wp-block-group__inner-container is-layout-flow wp-block-group-is-layout-flow\">\n<h4 class=\"wp-block-heading\">Piste ciclabili<\/h4>\n\n\n\n<p>Il comune di Bibione ha costruito molte piste ciclabili in modo da <strong>rendere pi\u00f9 sicure le vostre escursioni<\/strong>. Diversi sono gli itinerari che si possono percorrere in base a quello che si vuole visitare. Per esempio le <strong>aziende agricole<\/strong> nei presssi di Bibione offrono la possibilit\u00e0 di gustare prodotti tipici autoctoni oppure si pu\u00f2 visitare la <strong>villa marittima <\/strong>di et\u00e0 romana, nella zona \u201cMutteron dei Frati\u201d.<\/p>\n<\/div><\/div>\n\n\n\n<div class=\"wp-block-group\"><div class=\"wp-block-group__inner-container is-layout-flow wp-block-group-is-layout-flow\">\n<h4 class=\"wp-block-heading\">Beach soccer<\/h4>\n\n\n\n<p>Come poteva mancare la versione estiva dello sport pi\u00f9 giocato al mondo? Nelle aree attrezzate \u00e8 possibile praticare anche il calcio da spiaggia.<\/p>\n<\/div><\/div>\n\n\n\n<div class=\"wp-block-group\"><div class=\"wp-block-group__inner-container is-layout-flow wp-block-group-is-layout-flow\">\n<h4 class=\"wp-block-heading\">Golf<\/h4>\n\n\n\n<p><strong>A pochi km da Bibione<\/strong> sono presenti <strong>due Campi da Golf a 18 buche<\/strong> il primo a Lignano e il secondo a Caorle.<\/p>\n<\/div><\/div>\n<\/div>\n<\/div>\n<\/div><\/div>\n\n\n\n<div id=\"terme\" class=\"wp-block-group cadoro-6\"><div class=\"wp-block-group__inner-container is-layout-flow wp-block-group-is-layout-flow\">\n<h2 class=\"wp-block-heading\">Rilassati alle Terme di Bibione<\/h2>\n\n\n\n<p>Il <strong>Centro Termale di Bibione<\/strong>, immerso in un\u2019incantevole pineta \u00e8 il modo migliore per rigenerare lo spirito e il corpo! Il nuovo Centro Termale \u00e8 aperto tutto l\u2019anno ed \u00e8 fornito delle migliori attrezzature.<\/p>\n\n\n\n<div class=\"wp-block-group read-more\"><div class=\"wp-block-group__inner-container is-layout-constrained wp-block-group-is-layout-constrained\">\n<p>Il <strong>personale altamente qualificato <\/strong>sapr\u00e0 valutare il percorso curativo e riabilitativo pi\u00f9 adatto alle vostre esigenze, sia che si tratti di ritrovare la forma fisica sia che abbiate bisogno di cure specifiche.<\/p>\n\n\n\n<p>Oltre alle cure termali classiche sono a disposizione <strong>palestre<\/strong> per il fitness, un <strong>istituto di estetica <\/strong>all\u2019avanguardia, grandi <strong>piscine termali coperte e all\u2019aperto <\/strong>con idromassaggi, giochi d\u2019acqua per adulti e bambini, saune, bagno turco, solarium e servizi di ristoro.<\/p>\n<\/div><\/div>\n\n\n\n<div style=\"height:155px\" aria-hidden=\"true\" class=\"wp-block-spacer spazio-sport\"><\/div>\n\n\n\n<h4 class=\"wp-block-heading\"><strong>Caratteristiche dell\u2019acqua termale<\/strong><\/h4>\n\n\n\n<p>Dal bacino idrotermale situato nell\u2019entroterra di Bibione, <strong>sgorga a 52\u00b0 C<\/strong> acqua minerale ipertermale alcalina bicarbonata sodica fluorata, la cui efficacia terapeutica \u00e8 stata riconosciuta dal Ministero della Sanit\u00e0 con decreti n. 2918 e 2950 del 1996.<br><br>Per saperne di pi\u00f9:&nbsp;<a rel=\"noreferrer noopener\" href=\"http:\/\/www.bibioneterme.it\/\" target=\"_blank\">www.bibioneterme.com<\/a><\/p>\n<\/div><\/div>\n\n\n\n<div class=\"wp-block-group cadoro-6-bg-light-blu-small-l\"><div class=\"wp-block-group__inner-container is-layout-flow wp-block-group-is-layout-flow\"><\/div><\/div>\n\n\n\n<div class=\"wp-block-group cadoro-7-gallery\"><div class=\"wp-block-group__inner-container is-layout-flow wp-block-group-is-layout-flow\">\n<figure class=\"wp-block-gallery has-nested-images columns-2 is-cropped wp-block-gallery-2 is-layout-flex wp-block-gallery-is-layout-flex\">\n<figure class=\"wp-block-image size-large\"><img loading=\"lazy\" decoding=\"async\" width=\"800\" height=\"560\" data-id=\"1731\" src=\"https:\/\/www.hotelcadoro.com\/wp-content\/uploads\/2020\/04\/bibione_terme_01.jpg\" alt=\"\" class=\"wp-image-1731\" srcset=\"https:\/\/www.hotelcadoro.com\/wp-content\/uploads\/2020\/04\/bibione_terme_01.jpg 800w, https:\/\/www.hotelcadoro.com\/wp-content\/uploads\/2020\/04\/bibione_terme_01-300x210.jpg 300w, https:\/\/www.hotelcadoro.com\/wp-content\/uploads\/2020\/04\/bibione_terme_01-768x538.jpg 768w\" sizes=\"auto, (max-width: 800px) 100vw, 800px\" \/><\/figure>\n\n\n\n<figure class=\"wp-block-image size-large\"><img loading=\"lazy\" decoding=\"async\" width=\"800\" height=\"560\" data-id=\"1734\" src=\"https:\/\/www.hotelcadoro.com\/wp-content\/uploads\/2020\/04\/bibione_terme_02.jpg\" alt=\"\" class=\"wp-image-1734\" srcset=\"https:\/\/www.hotelcadoro.com\/wp-content\/uploads\/2020\/04\/bibione_terme_02.jpg 800w, https:\/\/www.hotelcadoro.com\/wp-content\/uploads\/2020\/04\/bibione_terme_02-300x210.jpg 300w, https:\/\/www.hotelcadoro.com\/wp-content\/uploads\/2020\/04\/bibione_terme_02-768x538.jpg 768w\" sizes=\"auto, (max-width: 800px) 100vw, 800px\" \/><\/figure>\n\n\n\n<figure class=\"wp-block-image size-large\"><img loading=\"lazy\" decoding=\"async\" width=\"1024\" height=\"681\" data-id=\"770\" src=\"https:\/\/www.hotelcadoro.com\/wp-content\/uploads\/2020\/04\/Centro_Bibione_Thermae-1-1024x681.jpg\" alt=\"\" class=\"wp-image-770\" srcset=\"https:\/\/www.hotelcadoro.com\/wp-content\/uploads\/2020\/04\/Centro_Bibione_Thermae-1-1024x681.jpg 1024w, https:\/\/www.hotelcadoro.com\/wp-content\/uploads\/2020\/04\/Centro_Bibione_Thermae-1-300x200.jpg 300w, https:\/\/www.hotelcadoro.com\/wp-content\/uploads\/2020\/04\/Centro_Bibione_Thermae-1-768x511.jpg 768w, https:\/\/www.hotelcadoro.com\/wp-content\/uploads\/2020\/04\/Centro_Bibione_Thermae-1-1600x1064.jpg 1600w, https:\/\/www.hotelcadoro.com\/wp-content\/uploads\/2020\/04\/Centro_Bibione_Thermae-1-1536x1021.jpg 1536w, https:\/\/www.hotelcadoro.com\/wp-content\/uploads\/2020\/04\/Centro_Bibione_Thermae-1-1200x798.jpg 1200w, https:\/\/www.hotelcadoro.com\/wp-content\/uploads\/2020\/04\/Centro_Bibione_Thermae-1-1980x1317.jpg 1980w, https:\/\/www.hotelcadoro.com\/wp-content\/uploads\/2020\/04\/Centro_Bibione_Thermae-1.jpg 2000w\" sizes=\"auto, (max-width: 1024px) 100vw, 1024px\" \/><\/figure>\n<\/figure>\n<\/div><\/div>\n","protected":false},"excerpt":{"rendered":"<p>Sport e divertimento all\u2019aria aperta Bibione \u00e8 una meta ideale anche per gli amanti dello sport: sono, infatti, numerose le attivit\u00e0 che si possono fare in vari punti della citt\u00e0. Vengono organizzati corsi di nuoto, surf, vela ed equitazione a cui possono partecipare anche i pi\u00f9 piccoli. Durante la stagione estiva vengono organizzate anche grandi [&hellip;]<\/p>\n","protected":false},"author":2,"featured_media":1644,"parent":0,"menu_order":0,"comment_status":"closed","ping_status":"closed","template":"","meta":{"_acf_changed":false,"advgb_blocks_editor_width":"","advgb_blocks_columns_visual_guide":"","footnotes":""},"class_list":["post-666","page","type-page","status-publish","has-post-thumbnail","hentry"],"acf":[],"yoast_head":"<!-- This site is optimized with the Yoast SEO plugin v25.6 - https:\/\/yoast.com\/wordpress\/plugins\/seo\/ -->\n<title>Sport &amp; Beauty - Hotel Ca&#039; D&#039;Oro - Tre Stelle Superior a Bibione<\/title>\n<meta name=\"description\" content=\"Bibione \u00e8 una meta ideale anche per gli amanti dello sport: sono, infatti, numerose le attivit\u00e0 che si possono fare in vari punti della citt\u00e0.\" \/>\n<meta name=\"robots\" content=\"index, follow, max-snippet:-1, max-image-preview:large, max-video-preview:-1\" \/>\n<link rel=\"canonical\" href=\"https:\/\/www.hotelcadoro.com\/it\/sport-beauty\/\" \/>\n<meta property=\"og:locale\" content=\"it_IT\" \/>\n<meta property=\"og:type\" content=\"article\" \/>\n<meta property=\"og:title\" content=\"Sport &amp; Beauty - Hotel Ca&#039; D&#039;Oro - Tre Stelle Superior a Bibione\" \/>\n<meta property=\"og:description\" content=\"Bibione \u00e8 una meta ideale anche per gli amanti dello sport: sono, infatti, numerose le attivit\u00e0 che si possono fare in vari punti della citt\u00e0.\" \/>\n<meta property=\"og:url\" content=\"https:\/\/www.hotelcadoro.com\/it\/sport-beauty\/\" \/>\n<meta property=\"og:site_name\" content=\"Hotel Ca&#039; D&#039;Oro\" \/>\n<meta property=\"article:modified_time\" content=\"2024-04-03T07:55:53+00:00\" \/>\n<meta property=\"og:image\" content=\"https:\/\/www.hotelcadoro.com\/wp-content\/uploads\/2020\/04\/Banner_Sport-beauty-1.jpg\" \/>\n\t<meta property=\"og:image:width\" content=\"2000\" \/>\n\t<meta property=\"og:image:height\" content=\"490\" \/>\n\t<meta property=\"og:image:type\" content=\"image\/jpeg\" \/>\n<meta name=\"twitter:card\" content=\"summary_large_image\" \/>\n<meta name=\"twitter:label1\" content=\"Tempo di lettura stimato\" \/>\n\t<meta name=\"twitter:data1\" content=\"4 minuti\" \/>\n<script type=\"application\/ld+json\" class=\"yoast-schema-graph\">{\"@context\":\"https:\/\/schema.org\",\"@graph\":[{\"@type\":\"WebPage\",\"@id\":\"https:\/\/www.hotelcadoro.com\/it\/sport-beauty\/\",\"url\":\"https:\/\/www.hotelcadoro.com\/it\/sport-beauty\/\",\"name\":\"Sport & Beauty - Hotel Ca&#039; D&#039;Oro - Tre Stelle Superior a Bibione\",\"isPartOf\":{\"@id\":\"https:\/\/www.hotelcadoro.com\/it\/#website\"},\"primaryImageOfPage\":{\"@id\":\"https:\/\/www.hotelcadoro.com\/it\/sport-beauty\/#primaryimage\"},\"image\":{\"@id\":\"https:\/\/www.hotelcadoro.com\/it\/sport-beauty\/#primaryimage\"},\"thumbnailUrl\":\"https:\/\/www.hotelcadoro.com\/wp-content\/uploads\/2020\/04\/Banner_Sport-beauty-1.jpg\",\"datePublished\":\"2020-04-08T15:18:07+00:00\",\"dateModified\":\"2024-04-03T07:55:53+00:00\",\"description\":\"Bibione \u00e8 una meta ideale anche per gli amanti dello sport: sono, infatti, numerose le attivit\u00e0 che si possono fare in vari punti della citt\u00e0.\",\"breadcrumb\":{\"@id\":\"https:\/\/www.hotelcadoro.com\/it\/sport-beauty\/#breadcrumb\"},\"inLanguage\":\"it-IT\",\"potentialAction\":[{\"@type\":\"ReadAction\",\"target\":[\"https:\/\/www.hotelcadoro.com\/it\/sport-beauty\/\"]}]},{\"@type\":\"ImageObject\",\"inLanguage\":\"it-IT\",\"@id\":\"https:\/\/www.hotelcadoro.com\/it\/sport-beauty\/#primaryimage\",\"url\":\"https:\/\/www.hotelcadoro.com\/wp-content\/uploads\/2020\/04\/Banner_Sport-beauty-1.jpg\",\"contentUrl\":\"https:\/\/www.hotelcadoro.com\/wp-content\/uploads\/2020\/04\/Banner_Sport-beauty-1.jpg\",\"width\":2000,\"height\":490,\"caption\":\"Terme di Bibione\"},{\"@type\":\"BreadcrumbList\",\"@id\":\"https:\/\/www.hotelcadoro.com\/it\/sport-beauty\/#breadcrumb\",\"itemListElement\":[{\"@type\":\"ListItem\",\"position\":1,\"name\":\"Home\",\"item\":\"https:\/\/www.hotelcadoro.com\/it\/\"},{\"@type\":\"ListItem\",\"position\":2,\"name\":\"Sport &#038; Beauty\"}]},{\"@type\":\"WebSite\",\"@id\":\"https:\/\/www.hotelcadoro.com\/it\/#website\",\"url\":\"https:\/\/www.hotelcadoro.com\/it\/\",\"name\":\"Hotel Ca&#039; D&#039;Oro\",\"description\":\"\",\"publisher\":{\"@id\":\"https:\/\/www.hotelcadoro.com\/it\/#organization\"},\"potentialAction\":[{\"@type\":\"SearchAction\",\"target\":{\"@type\":\"EntryPoint\",\"urlTemplate\":\"https:\/\/www.hotelcadoro.com\/it\/?s={search_term_string}\"},\"query-input\":{\"@type\":\"PropertyValueSpecification\",\"valueRequired\":true,\"valueName\":\"search_term_string\"}}],\"inLanguage\":\"it-IT\"},{\"@type\":\"Organization\",\"@id\":\"https:\/\/www.hotelcadoro.com\/it\/#organization\",\"name\":\"Hotel Ca' D'Oro\",\"url\":\"https:\/\/www.hotelcadoro.com\/it\/\",\"logo\":{\"@type\":\"ImageObject\",\"inLanguage\":\"it-IT\",\"@id\":\"https:\/\/www.hotelcadoro.com\/it\/#\/schema\/logo\/image\/\",\"url\":\"https:\/\/www.hotelcadoro.com\/wp-content\/uploads\/2020\/03\/logo.png\",\"contentUrl\":\"https:\/\/www.hotelcadoro.com\/wp-content\/uploads\/2020\/03\/logo.png\",\"width\":528,\"height\":400,\"caption\":\"Hotel Ca' D'Oro\"},\"image\":{\"@id\":\"https:\/\/www.hotelcadoro.com\/it\/#\/schema\/logo\/image\/\"}}]}<\/script>\n<!-- \/ Yoast SEO plugin. -->","yoast_head_json":{"title":"Sport & Beauty - Hotel Ca&#039; D&#039;Oro - Tre Stelle Superior a Bibione","description":"Bibione \u00e8 una meta ideale anche per gli amanti dello sport: sono, infatti, numerose le attivit\u00e0 che si possono fare in vari punti della citt\u00e0.","robots":{"index":"index","follow":"follow","max-snippet":"max-snippet:-1","max-image-preview":"max-image-preview:large","max-video-preview":"max-video-preview:-1"},"canonical":"https:\/\/www.hotelcadoro.com\/it\/sport-beauty\/","og_locale":"it_IT","og_type":"article","og_title":"Sport & Beauty - Hotel Ca&#039; D&#039;Oro - Tre Stelle Superior a Bibione","og_description":"Bibione \u00e8 una meta ideale anche per gli amanti dello sport: sono, infatti, numerose le attivit\u00e0 che si possono fare in vari punti della citt\u00e0.","og_url":"https:\/\/www.hotelcadoro.com\/it\/sport-beauty\/","og_site_name":"Hotel Ca&#039; D&#039;Oro","article_modified_time":"2024-04-03T07:55:53+00:00","og_image":[{"width":2000,"height":490,"url":"https:\/\/www.hotelcadoro.com\/wp-content\/uploads\/2020\/04\/Banner_Sport-beauty-1.jpg","type":"image\/jpeg"}],"twitter_card":"summary_large_image","twitter_misc":{"Tempo di lettura stimato":"4 minuti"},"schema":{"@context":"https:\/\/schema.org","@graph":[{"@type":"WebPage","@id":"https:\/\/www.hotelcadoro.com\/it\/sport-beauty\/","url":"https:\/\/www.hotelcadoro.com\/it\/sport-beauty\/","name":"Sport & Beauty - Hotel Ca&#039; D&#039;Oro - Tre Stelle Superior a Bibione","isPartOf":{"@id":"https:\/\/www.hotelcadoro.com\/it\/#website"},"primaryImageOfPage":{"@id":"https:\/\/www.hotelcadoro.com\/it\/sport-beauty\/#primaryimage"},"image":{"@id":"https:\/\/www.hotelcadoro.com\/it\/sport-beauty\/#primaryimage"},"thumbnailUrl":"https:\/\/www.hotelcadoro.com\/wp-content\/uploads\/2020\/04\/Banner_Sport-beauty-1.jpg","datePublished":"2020-04-08T15:18:07+00:00","dateModified":"2024-04-03T07:55:53+00:00","description":"Bibione \u00e8 una meta ideale anche per gli amanti dello sport: sono, infatti, numerose le attivit\u00e0 che si possono fare in vari punti della citt\u00e0.","breadcrumb":{"@id":"https:\/\/www.hotelcadoro.com\/it\/sport-beauty\/#breadcrumb"},"inLanguage":"it-IT","potentialAction":[{"@type":"ReadAction","target":["https:\/\/www.hotelcadoro.com\/it\/sport-beauty\/"]}]},{"@type":"ImageObject","inLanguage":"it-IT","@id":"https:\/\/www.hotelcadoro.com\/it\/sport-beauty\/#primaryimage","url":"https:\/\/www.hotelcadoro.com\/wp-content\/uploads\/2020\/04\/Banner_Sport-beauty-1.jpg","contentUrl":"https:\/\/www.hotelcadoro.com\/wp-content\/uploads\/2020\/04\/Banner_Sport-beauty-1.jpg","width":2000,"height":490,"caption":"Terme di Bibione"},{"@type":"BreadcrumbList","@id":"https:\/\/www.hotelcadoro.com\/it\/sport-beauty\/#breadcrumb","itemListElement":[{"@type":"ListItem","position":1,"name":"Home","item":"https:\/\/www.hotelcadoro.com\/it\/"},{"@type":"ListItem","position":2,"name":"Sport &#038; Beauty"}]},{"@type":"WebSite","@id":"https:\/\/www.hotelcadoro.com\/it\/#website","url":"https:\/\/www.hotelcadoro.com\/it\/","name":"Hotel Ca&#039; D&#039;Oro","description":"","publisher":{"@id":"https:\/\/www.hotelcadoro.com\/it\/#organization"},"potentialAction":[{"@type":"SearchAction","target":{"@type":"EntryPoint","urlTemplate":"https:\/\/www.hotelcadoro.com\/it\/?s={search_term_string}"},"query-input":{"@type":"PropertyValueSpecification","valueRequired":true,"valueName":"search_term_string"}}],"inLanguage":"it-IT"},{"@type":"Organization","@id":"https:\/\/www.hotelcadoro.com\/it\/#organization","name":"Hotel Ca' D'Oro","url":"https:\/\/www.hotelcadoro.com\/it\/","logo":{"@type":"ImageObject","inLanguage":"it-IT","@id":"https:\/\/www.hotelcadoro.com\/it\/#\/schema\/logo\/image\/","url":"https:\/\/www.hotelcadoro.com\/wp-content\/uploads\/2020\/03\/logo.png","contentUrl":"https:\/\/www.hotelcadoro.com\/wp-content\/uploads\/2020\/03\/logo.png","width":528,"height":400,"caption":"Hotel Ca' D'Oro"},"image":{"@id":"https:\/\/www.hotelcadoro.com\/it\/#\/schema\/logo\/image\/"}}]}},"coauthors":[],"author_meta":{"author_link":"https:\/\/www.hotelcadoro.com\/it\/author\/c4d-0r0w\/","display_name":"c4d-0r0w"},"relative_dates":{"created":"Pubblicato 6 anni fa","modified":"Aggiornato 2 anni fa"},"absolute_dates":{"created":"Pubblicato il 8 Aprile 2020","modified":"Aggiornato il 3 Aprile 2024"},"absolute_dates_time":{"created":"Pubblicato il 8 Aprile 2020 17:18","modified":"Aggiornato il 3 Aprile 2024 09:55"},"featured_img_caption":"","featured_img":"https:\/\/www.hotelcadoro.com\/wp-content\/uploads\/2020\/04\/Banner_Sport-beauty-1-1200x294.jpg","series_order":"","_links":{"self":[{"href":"https:\/\/www.hotelcadoro.com\/it\/wp-json\/wp\/v2\/pages\/666","targetHints":{"allow":["GET"]}}],"collection":[{"href":"https:\/\/www.hotelcadoro.com\/it\/wp-json\/wp\/v2\/pages"}],"about":[{"href":"https:\/\/www.hotelcadoro.com\/it\/wp-json\/wp\/v2\/types\/page"}],"author":[{"embeddable":true,"href":"https:\/\/www.hotelcadoro.com\/it\/wp-json\/wp\/v2\/users\/2"}],"replies":[{"embeddable":true,"href":"https:\/\/www.hotelcadoro.com\/it\/wp-json\/wp\/v2\/comments?post=666"}],"version-history":[{"count":11,"href":"https:\/\/www.hotelcadoro.com\/it\/wp-json\/wp\/v2\/pages\/666\/revisions"}],"predecessor-version":[{"id":3072,"href":"https:\/\/www.hotelcadoro.com\/it\/wp-json\/wp\/v2\/pages\/666\/revisions\/3072"}],"wp:featuredmedia":[{"embeddable":true,"href":"https:\/\/www.hotelcadoro.com\/it\/wp-json\/wp\/v2\/media\/1644"}],"wp:attachment":[{"href":"https:\/\/www.hotelcadoro.com\/it\/wp-json\/wp\/v2\/media?parent=666"}],"curies":[{"name":"wp","href":"https:\/\/api.w.org\/{rel}","templated":true}]}}