{"id":3074,"date":"2024-04-03T10:48:17","date_gmt":"2024-04-03T08:48:17","guid":{"rendered":"https:\/\/www.hotelcadoro.com\/?page_id=3074"},"modified":"2024-04-19T12:17:03","modified_gmt":"2024-04-19T10:17:03","slug":"spiaggia","status":"publish","type":"page","link":"https:\/\/www.hotelcadoro.com\/it\/spiaggia\/","title":{"rendered":"Spiaggia"},"content":{"rendered":"\n<div class=\"wp-block-group cadoro-bg-gold-small-l\"><div class=\"wp-block-group__inner-container is-layout-flow wp-block-group-is-layout-flow\"><\/div><\/div>\n\n\n\n<div class=\"wp-block-group cadoro-1\"><div class=\"wp-block-group__inner-container is-layout-flow wp-block-group-is-layout-flow\">\n<h2 class=\"wp-block-heading\">Spiaggia di Bibione<\/h2>\n\n\n\n<p><br><br>Il nostro hotel offre un&#8217;esclusiva esperienza balneare a <strong>Bibione<\/strong>, situato a soli due minuti a piedi dalla nostra <strong>spiaggia privata<\/strong>.<br><br>La <strong>spiaggia di Bibione<\/strong>, vasta e serena, offre un rifugio idilliaco per coppie in cerca di tranquillit\u00e0. L&#8217;immensit\u00e0 della sua dorata distesa assicura intimit\u00e0 e pace, lontano dalla folla, immersi in un&#8217;atmosfera di puro relax.<br><\/p>\n<\/div><\/div>\n\n\n\n<div class=\"wp-block-group cadoro-2-gallery\"><div class=\"wp-block-group__inner-container is-layout-flow wp-block-group-is-layout-flow\">\n<figure class=\"wp-block-gallery has-nested-images columns-default is-cropped wp-block-gallery-2 is-layout-flex wp-block-gallery-is-layout-flex\">\n<figure class=\"wp-block-image size-full\"><img loading=\"lazy\" decoding=\"async\" width=\"800\" height=\"560\" data-id=\"1713\" src=\"https:\/\/www.hotelcadoro.com\/wp-content\/uploads\/2020\/04\/bibione_spiaggia_01.jpg\" alt=\"\" class=\"wp-image-1713\" srcset=\"https:\/\/www.hotelcadoro.com\/wp-content\/uploads\/2020\/04\/bibione_spiaggia_01.jpg 800w, https:\/\/www.hotelcadoro.com\/wp-content\/uploads\/2020\/04\/bibione_spiaggia_01-300x210.jpg 300w, https:\/\/www.hotelcadoro.com\/wp-content\/uploads\/2020\/04\/bibione_spiaggia_01-768x538.jpg 768w\" sizes=\"auto, (max-width: 800px) 100vw, 800px\" \/><\/figure>\n\n\n\n<figure class=\"wp-block-image size-full\"><img loading=\"lazy\" decoding=\"async\" width=\"800\" height=\"560\" data-id=\"1719\" src=\"https:\/\/www.hotelcadoro.com\/wp-content\/uploads\/2020\/04\/bibione_spiaggia_03.jpg\" alt=\"\" class=\"wp-image-1719\" srcset=\"https:\/\/www.hotelcadoro.com\/wp-content\/uploads\/2020\/04\/bibione_spiaggia_03.jpg 800w, https:\/\/www.hotelcadoro.com\/wp-content\/uploads\/2020\/04\/bibione_spiaggia_03-300x210.jpg 300w, https:\/\/www.hotelcadoro.com\/wp-content\/uploads\/2020\/04\/bibione_spiaggia_03-768x538.jpg 768w\" sizes=\"auto, (max-width: 800px) 100vw, 800px\" \/><\/figure>\n\n\n\n<figure class=\"wp-block-image size-full\"><img loading=\"lazy\" decoding=\"async\" width=\"800\" height=\"560\" data-id=\"1710\" src=\"https:\/\/www.hotelcadoro.com\/wp-content\/uploads\/2020\/04\/bibione_smoke-free-beach-senza-fumo.jpg\" alt=\"\" class=\"wp-image-1710\" srcset=\"https:\/\/www.hotelcadoro.com\/wp-content\/uploads\/2020\/04\/bibione_smoke-free-beach-senza-fumo.jpg 800w, https:\/\/www.hotelcadoro.com\/wp-content\/uploads\/2020\/04\/bibione_smoke-free-beach-senza-fumo-300x210.jpg 300w, https:\/\/www.hotelcadoro.com\/wp-content\/uploads\/2020\/04\/bibione_smoke-free-beach-senza-fumo-768x538.jpg 768w\" sizes=\"auto, (max-width: 800px) 100vw, 800px\" \/><\/figure>\n\n\n\n<figure class=\"wp-block-image size-large\"><img loading=\"lazy\" decoding=\"async\" width=\"1024\" height=\"681\" data-id=\"2466\" src=\"https:\/\/www.hotelcadoro.com\/wp-content\/uploads\/2021\/07\/hotel-ca-doro-SpiaggiaConSoggetto3-1024x681.jpg\" alt=\"\" class=\"wp-image-2466\" srcset=\"https:\/\/www.hotelcadoro.com\/wp-content\/uploads\/2021\/07\/hotel-ca-doro-SpiaggiaConSoggetto3-1024x681.jpg 1024w, https:\/\/www.hotelcadoro.com\/wp-content\/uploads\/2021\/07\/hotel-ca-doro-SpiaggiaConSoggetto3-300x200.jpg 300w, https:\/\/www.hotelcadoro.com\/wp-content\/uploads\/2021\/07\/hotel-ca-doro-SpiaggiaConSoggetto3-768x511.jpg 768w, https:\/\/www.hotelcadoro.com\/wp-content\/uploads\/2021\/07\/hotel-ca-doro-SpiaggiaConSoggetto3.jpg 1200w\" sizes=\"auto, (max-width: 1024px) 100vw, 1024px\" \/><\/figure>\n\n\n\n<figure class=\"wp-block-image size-full\"><img loading=\"lazy\" decoding=\"async\" width=\"821\" height=\"687\" data-id=\"2434\" src=\"https:\/\/www.hotelcadoro.com\/wp-content\/uploads\/2021\/07\/Hotel_CaDOro_Spiaggia-1024x686-1.jpg\" alt=\"\" class=\"wp-image-2434\" srcset=\"https:\/\/www.hotelcadoro.com\/wp-content\/uploads\/2021\/07\/Hotel_CaDOro_Spiaggia-1024x686-1.jpg 821w, https:\/\/www.hotelcadoro.com\/wp-content\/uploads\/2021\/07\/Hotel_CaDOro_Spiaggia-1024x686-1-300x251.jpg 300w, https:\/\/www.hotelcadoro.com\/wp-content\/uploads\/2021\/07\/Hotel_CaDOro_Spiaggia-1024x686-1-768x643.jpg 768w\" sizes=\"auto, (max-width: 821px) 100vw, 821px\" \/><\/figure>\n<\/figure>\n<\/div><\/div>\n\n\n\n<p><\/p>\n","protected":false},"excerpt":{"rendered":"<p>Spiaggia di Bibione Il nostro hotel offre un&#8217;esclusiva esperienza balneare a Bibione, situato a soli due minuti a piedi dalla nostra spiaggia privata. La spiaggia di Bibione, vasta e serena, offre un rifugio idilliaco per coppie in cerca di tranquillit\u00e0. L&#8217;immensit\u00e0 della sua dorata distesa assicura intimit\u00e0 e pace, lontano dalla folla, immersi in un&#8217;atmosfera [&hellip;]<\/p>\n","protected":false},"author":6,"featured_media":1776,"parent":0,"menu_order":0,"comment_status":"closed","ping_status":"closed","template":"","meta":{"_acf_changed":false,"advgb_blocks_editor_width":"","advgb_blocks_columns_visual_guide":"","footnotes":""},"class_list":["post-3074","page","type-page","status-publish","has-post-thumbnail","hentry"],"acf":[],"yoast_head":"<!-- This site is optimized with the Yoast SEO plugin v25.6 - https:\/\/yoast.com\/wordpress\/plugins\/seo\/ -->\n<title>Spiaggia - Hotel Ca&#039; D&#039;Oro - Tre Stelle Superior a Bibione<\/title>\n<meta name=\"robots\" content=\"index, follow, max-snippet:-1, max-image-preview:large, max-video-preview:-1\" \/>\n<link rel=\"canonical\" href=\"https:\/\/www.hotelcadoro.com\/it\/spiaggia\/\" \/>\n<meta property=\"og:locale\" content=\"it_IT\" \/>\n<meta property=\"og:type\" content=\"article\" \/>\n<meta property=\"og:title\" content=\"Spiaggia - Hotel Ca&#039; D&#039;Oro - Tre Stelle Superior a Bibione\" \/>\n<meta property=\"og:description\" content=\"Spiaggia di Bibione Il nostro hotel offre un&#8217;esclusiva esperienza balneare a Bibione, situato a soli due minuti a piedi dalla nostra spiaggia privata. La spiaggia di Bibione, vasta e serena, offre un rifugio idilliaco per coppie in cerca di tranquillit\u00e0. L&#8217;immensit\u00e0 della sua dorata distesa assicura intimit\u00e0 e pace, lontano dalla folla, immersi in un&#8217;atmosfera [&hellip;]\" \/>\n<meta property=\"og:url\" content=\"https:\/\/www.hotelcadoro.com\/it\/spiaggia\/\" \/>\n<meta property=\"og:site_name\" content=\"Hotel Ca&#039; D&#039;Oro\" \/>\n<meta property=\"article:modified_time\" content=\"2024-04-19T10:17:03+00:00\" \/>\n<meta property=\"og:image\" content=\"https:\/\/www.hotelcadoro.com\/wp-content\/uploads\/2020\/04\/Banner_bibione-1.jpg\" \/>\n\t<meta property=\"og:image:width\" content=\"2000\" \/>\n\t<meta property=\"og:image:height\" content=\"490\" \/>\n\t<meta property=\"og:image:type\" content=\"image\/jpeg\" \/>\n<meta name=\"twitter:card\" content=\"summary_large_image\" \/>\n<meta name=\"twitter:label1\" content=\"Tempo di lettura stimato\" \/>\n\t<meta name=\"twitter:data1\" content=\"2 minuti\" \/>\n<script type=\"application\/ld+json\" class=\"yoast-schema-graph\">{\"@context\":\"https:\/\/schema.org\",\"@graph\":[{\"@type\":\"WebPage\",\"@id\":\"https:\/\/www.hotelcadoro.com\/it\/spiaggia\/\",\"url\":\"https:\/\/www.hotelcadoro.com\/it\/spiaggia\/\",\"name\":\"Spiaggia - Hotel Ca&#039; D&#039;Oro - Tre Stelle Superior a Bibione\",\"isPartOf\":{\"@id\":\"https:\/\/www.hotelcadoro.com\/it\/#website\"},\"primaryImageOfPage\":{\"@id\":\"https:\/\/www.hotelcadoro.com\/it\/spiaggia\/#primaryimage\"},\"image\":{\"@id\":\"https:\/\/www.hotelcadoro.com\/it\/spiaggia\/#primaryimage\"},\"thumbnailUrl\":\"https:\/\/www.hotelcadoro.com\/wp-content\/uploads\/2020\/04\/Banner_bibione-1.jpg\",\"datePublished\":\"2024-04-03T08:48:17+00:00\",\"dateModified\":\"2024-04-19T10:17:03+00:00\",\"breadcrumb\":{\"@id\":\"https:\/\/www.hotelcadoro.com\/it\/spiaggia\/#breadcrumb\"},\"inLanguage\":\"it-IT\",\"potentialAction\":[{\"@type\":\"ReadAction\",\"target\":[\"https:\/\/www.hotelcadoro.com\/it\/spiaggia\/\"]}]},{\"@type\":\"ImageObject\",\"inLanguage\":\"it-IT\",\"@id\":\"https:\/\/www.hotelcadoro.com\/it\/spiaggia\/#primaryimage\",\"url\":\"https:\/\/www.hotelcadoro.com\/wp-content\/uploads\/2020\/04\/Banner_bibione-1.jpg\",\"contentUrl\":\"https:\/\/www.hotelcadoro.com\/wp-content\/uploads\/2020\/04\/Banner_bibione-1.jpg\",\"width\":2000,\"height\":490,\"caption\":\"Spiaggia di Bibione\"},{\"@type\":\"BreadcrumbList\",\"@id\":\"https:\/\/www.hotelcadoro.com\/it\/spiaggia\/#breadcrumb\",\"itemListElement\":[{\"@type\":\"ListItem\",\"position\":1,\"name\":\"Home\",\"item\":\"https:\/\/www.hotelcadoro.com\/it\/\"},{\"@type\":\"ListItem\",\"position\":2,\"name\":\"Spiaggia\"}]},{\"@type\":\"WebSite\",\"@id\":\"https:\/\/www.hotelcadoro.com\/it\/#website\",\"url\":\"https:\/\/www.hotelcadoro.com\/it\/\",\"name\":\"Hotel Ca&#039; D&#039;Oro\",\"description\":\"\",\"publisher\":{\"@id\":\"https:\/\/www.hotelcadoro.com\/it\/#organization\"},\"potentialAction\":[{\"@type\":\"SearchAction\",\"target\":{\"@type\":\"EntryPoint\",\"urlTemplate\":\"https:\/\/www.hotelcadoro.com\/it\/?s={search_term_string}\"},\"query-input\":{\"@type\":\"PropertyValueSpecification\",\"valueRequired\":true,\"valueName\":\"search_term_string\"}}],\"inLanguage\":\"it-IT\"},{\"@type\":\"Organization\",\"@id\":\"https:\/\/www.hotelcadoro.com\/it\/#organization\",\"name\":\"Hotel Ca' D'Oro\",\"url\":\"https:\/\/www.hotelcadoro.com\/it\/\",\"logo\":{\"@type\":\"ImageObject\",\"inLanguage\":\"it-IT\",\"@id\":\"https:\/\/www.hotelcadoro.com\/it\/#\/schema\/logo\/image\/\",\"url\":\"https:\/\/www.hotelcadoro.com\/wp-content\/uploads\/2020\/03\/logo.png\",\"contentUrl\":\"https:\/\/www.hotelcadoro.com\/wp-content\/uploads\/2020\/03\/logo.png\",\"width\":528,\"height\":400,\"caption\":\"Hotel Ca' D'Oro\"},\"image\":{\"@id\":\"https:\/\/www.hotelcadoro.com\/it\/#\/schema\/logo\/image\/\"}}]}<\/script>\n<!-- \/ Yoast SEO plugin. -->","yoast_head_json":{"title":"Spiaggia - Hotel Ca&#039; D&#039;Oro - Tre Stelle Superior a Bibione","robots":{"index":"index","follow":"follow","max-snippet":"max-snippet:-1","max-image-preview":"max-image-preview:large","max-video-preview":"max-video-preview:-1"},"canonical":"https:\/\/www.hotelcadoro.com\/it\/spiaggia\/","og_locale":"it_IT","og_type":"article","og_title":"Spiaggia - Hotel Ca&#039; D&#039;Oro - Tre Stelle Superior a Bibione","og_description":"Spiaggia di Bibione Il nostro hotel offre un&#8217;esclusiva esperienza balneare a Bibione, situato a soli due minuti a piedi dalla nostra spiaggia privata. La spiaggia di Bibione, vasta e serena, offre un rifugio idilliaco per coppie in cerca di tranquillit\u00e0. L&#8217;immensit\u00e0 della sua dorata distesa assicura intimit\u00e0 e pace, lontano dalla folla, immersi in un&#8217;atmosfera [&hellip;]","og_url":"https:\/\/www.hotelcadoro.com\/it\/spiaggia\/","og_site_name":"Hotel Ca&#039; D&#039;Oro","article_modified_time":"2024-04-19T10:17:03+00:00","og_image":[{"width":2000,"height":490,"url":"https:\/\/www.hotelcadoro.com\/wp-content\/uploads\/2020\/04\/Banner_bibione-1.jpg","type":"image\/jpeg"}],"twitter_card":"summary_large_image","twitter_misc":{"Tempo di lettura stimato":"2 minuti"},"schema":{"@context":"https:\/\/schema.org","@graph":[{"@type":"WebPage","@id":"https:\/\/www.hotelcadoro.com\/it\/spiaggia\/","url":"https:\/\/www.hotelcadoro.com\/it\/spiaggia\/","name":"Spiaggia - Hotel Ca&#039; D&#039;Oro - Tre Stelle Superior a Bibione","isPartOf":{"@id":"https:\/\/www.hotelcadoro.com\/it\/#website"},"primaryImageOfPage":{"@id":"https:\/\/www.hotelcadoro.com\/it\/spiaggia\/#primaryimage"},"image":{"@id":"https:\/\/www.hotelcadoro.com\/it\/spiaggia\/#primaryimage"},"thumbnailUrl":"https:\/\/www.hotelcadoro.com\/wp-content\/uploads\/2020\/04\/Banner_bibione-1.jpg","datePublished":"2024-04-03T08:48:17+00:00","dateModified":"2024-04-19T10:17:03+00:00","breadcrumb":{"@id":"https:\/\/www.hotelcadoro.com\/it\/spiaggia\/#breadcrumb"},"inLanguage":"it-IT","potentialAction":[{"@type":"ReadAction","target":["https:\/\/www.hotelcadoro.com\/it\/spiaggia\/"]}]},{"@type":"ImageObject","inLanguage":"it-IT","@id":"https:\/\/www.hotelcadoro.com\/it\/spiaggia\/#primaryimage","url":"https:\/\/www.hotelcadoro.com\/wp-content\/uploads\/2020\/04\/Banner_bibione-1.jpg","contentUrl":"https:\/\/www.hotelcadoro.com\/wp-content\/uploads\/2020\/04\/Banner_bibione-1.jpg","width":2000,"height":490,"caption":"Spiaggia di Bibione"},{"@type":"BreadcrumbList","@id":"https:\/\/www.hotelcadoro.com\/it\/spiaggia\/#breadcrumb","itemListElement":[{"@type":"ListItem","position":1,"name":"Home","item":"https:\/\/www.hotelcadoro.com\/it\/"},{"@type":"ListItem","position":2,"name":"Spiaggia"}]},{"@type":"WebSite","@id":"https:\/\/www.hotelcadoro.com\/it\/#website","url":"https:\/\/www.hotelcadoro.com\/it\/","name":"Hotel Ca&#039; D&#039;Oro","description":"","publisher":{"@id":"https:\/\/www.hotelcadoro.com\/it\/#organization"},"potentialAction":[{"@type":"SearchAction","target":{"@type":"EntryPoint","urlTemplate":"https:\/\/www.hotelcadoro.com\/it\/?s={search_term_string}"},"query-input":{"@type":"PropertyValueSpecification","valueRequired":true,"valueName":"search_term_string"}}],"inLanguage":"it-IT"},{"@type":"Organization","@id":"https:\/\/www.hotelcadoro.com\/it\/#organization","name":"Hotel Ca' D'Oro","url":"https:\/\/www.hotelcadoro.com\/it\/","logo":{"@type":"ImageObject","inLanguage":"it-IT","@id":"https:\/\/www.hotelcadoro.com\/it\/#\/schema\/logo\/image\/","url":"https:\/\/www.hotelcadoro.com\/wp-content\/uploads\/2020\/03\/logo.png","contentUrl":"https:\/\/www.hotelcadoro.com\/wp-content\/uploads\/2020\/03\/logo.png","width":528,"height":400,"caption":"Hotel Ca' D'Oro"},"image":{"@id":"https:\/\/www.hotelcadoro.com\/it\/#\/schema\/logo\/image\/"}}]}},"coauthors":[],"author_meta":{"author_link":"https:\/\/www.hotelcadoro.com\/it\/author\/marcop\/","display_name":"MarcoP"},"relative_dates":{"created":"Pubblicato 2 anni fa","modified":"Aggiornato 2 anni fa"},"absolute_dates":{"created":"Pubblicato il 3 Aprile 2024","modified":"Aggiornato il 19 Aprile 2024"},"absolute_dates_time":{"created":"Pubblicato il 3 Aprile 2024 10:48","modified":"Aggiornato il 19 Aprile 2024 12:17"},"featured_img_caption":"","featured_img":"https:\/\/www.hotelcadoro.com\/wp-content\/uploads\/2020\/04\/Banner_bibione-1-1200x294.jpg","series_order":"","_links":{"self":[{"href":"https:\/\/www.hotelcadoro.com\/it\/wp-json\/wp\/v2\/pages\/3074","targetHints":{"allow":["GET"]}}],"collection":[{"href":"https:\/\/www.hotelcadoro.com\/it\/wp-json\/wp\/v2\/pages"}],"about":[{"href":"https:\/\/www.hotelcadoro.com\/it\/wp-json\/wp\/v2\/types\/page"}],"author":[{"embeddable":true,"href":"https:\/\/www.hotelcadoro.com\/it\/wp-json\/wp\/v2\/users\/6"}],"replies":[{"embeddable":true,"href":"https:\/\/www.hotelcadoro.com\/it\/wp-json\/wp\/v2\/comments?post=3074"}],"version-history":[{"count":5,"href":"https:\/\/www.hotelcadoro.com\/it\/wp-json\/wp\/v2\/pages\/3074\/revisions"}],"predecessor-version":[{"id":3091,"href":"https:\/\/www.hotelcadoro.com\/it\/wp-json\/wp\/v2\/pages\/3074\/revisions\/3091"}],"wp:featuredmedia":[{"embeddable":true,"href":"https:\/\/www.hotelcadoro.com\/it\/wp-json\/wp\/v2\/media\/1776"}],"wp:attachment":[{"href":"https:\/\/www.hotelcadoro.com\/it\/wp-json\/wp\/v2\/media?parent=3074"}],"curies":[{"name":"wp","href":"https:\/\/api.w.org\/{rel}","templated":true}]}}