{"id":1917,"date":"2020-05-28T11:58:29","date_gmt":"2020-05-28T09:58:29","guid":{"rendered":"https:\/\/www.hotelcadoro.com\/?page_id=1917"},"modified":"2021-02-24T15:29:29","modified_gmt":"2021-02-24T14:29:29","slug":"vacanze-sicure","status":"publish","type":"page","link":"https:\/\/www.hotelcadoro.com\/it\/vacanze-sicure\/","title":{"rendered":"Vacanze sicure"},"content":{"rendered":"\n<div class=\"wp-block-group alignfull anti-covid\"><div class=\"wp-block-group__inner-container is-layout-flow wp-block-group-is-layout-flow\">\n<p class=\"has-text-align-left\"><strong>LA VOSTRA SICUREZZA \u00c8 LA NOSTRA PRIORIT\u00c0 #SAFETYFIRST<\/strong><\/p>\n<\/div><\/div>\n\n\n\n<div class=\"wp-block-media-text alignwide is-stacked-on-mobile\" style=\"grid-template-columns:15% auto\"><figure class=\"wp-block-media-text__media\"><img loading=\"lazy\" decoding=\"async\" width=\"260\" height=\"260\" src=\"https:\/\/www.hotelcadoro.com\/wp-content\/uploads\/2021\/02\/Biasuzzi_Entrata_Uscita.png\" alt=\"\" class=\"wp-image-2306 size-full\" srcset=\"https:\/\/www.hotelcadoro.com\/wp-content\/uploads\/2021\/02\/Biasuzzi_Entrata_Uscita.png 260w, https:\/\/www.hotelcadoro.com\/wp-content\/uploads\/2021\/02\/Biasuzzi_Entrata_Uscita-150x150.png 150w\" sizes=\"auto, (max-width: 260px) 100vw, 260px\" \/><\/figure><div class=\"wp-block-media-text__content\">\n<h3 class=\"wp-block-heading\">AL TUO ARRIVO<\/h3>\n\n\n\n<p>La reception \u00e8 dotata di <strong>schermi anti-droplet<\/strong>.<br>All\u2019ingresso \u00e8 disponibile un <strong>dispenser di gel disinfettante<\/strong> a base alcolica a tua disposizione.<br>In tutte le <strong>aree comuni<\/strong> sono a disposizione dei <strong>dispenser di gel disinfettante<\/strong>.<\/p>\n<\/div><\/div>\n\n\n\n<div class=\"wp-block-media-text alignwide is-stacked-on-mobile\" style=\"grid-template-columns:15% auto\"><figure class=\"wp-block-media-text__media\"><img loading=\"lazy\" decoding=\"async\" width=\"260\" height=\"260\" src=\"https:\/\/www.hotelcadoro.com\/wp-content\/uploads\/2021\/02\/Biasuzzi_Camera.png\" alt=\"\" class=\"wp-image-2294 size-full\" srcset=\"https:\/\/www.hotelcadoro.com\/wp-content\/uploads\/2021\/02\/Biasuzzi_Camera.png 260w, https:\/\/www.hotelcadoro.com\/wp-content\/uploads\/2021\/02\/Biasuzzi_Camera-150x150.png 150w\" sizes=\"auto, (max-width: 260px) 100vw, 260px\" \/><\/figure><div class=\"wp-block-media-text__content\">\n<h3 class=\"wp-block-heading\">LA TUA CAMERA<\/h3>\n\n\n\n<p>Prima del tuo arrivo la tua camera viene <strong>sanificata <\/strong>con prodotti igienizzanti a base di cloro e <strong>ozonizzata<\/strong>.<br><strong>Tutte le superfici di contatto<\/strong> come, ad esempio, maniglie e pulsantiere vengono <strong>sanificate <\/strong>con detergenti igienizzanti a base alcolica.<br><strong>La biancheria del letto e le spugne del bagno<\/strong> vengono igienizzate nel rispetto delle normative vigenti in materia di prevenzione.<\/p>\n<\/div><\/div>\n\n\n\n<div class=\"wp-block-media-text alignwide is-stacked-on-mobile\" style=\"grid-template-columns:15% auto\"><figure class=\"wp-block-media-text__media\"><img loading=\"lazy\" decoding=\"async\" width=\"260\" height=\"260\" src=\"https:\/\/www.hotelcadoro.com\/wp-content\/uploads\/2021\/02\/Biasuzzi_Piscina.png\" alt=\"\" class=\"wp-image-2297 size-full\" srcset=\"https:\/\/www.hotelcadoro.com\/wp-content\/uploads\/2021\/02\/Biasuzzi_Piscina.png 260w, https:\/\/www.hotelcadoro.com\/wp-content\/uploads\/2021\/02\/Biasuzzi_Piscina-150x150.png 150w\" sizes=\"auto, (max-width: 260px) 100vw, 260px\" \/><\/figure><div class=\"wp-block-media-text__content\">\n<h3 class=\"wp-block-heading\">PISCINE<\/h3>\n\n\n\n<p>I <strong>parametri <\/strong>delle piscine vengono <strong>costantemente monitorati<\/strong> da apposite centraline per garantire la massima igiene.<br><strong>Una volta al mese<\/strong> vengono effettuate delle <strong>analisi <\/strong>di tipo chimico e microbiologico da parte di appositi laboratori esterni.<br>\u00c9 previsto l\u2019<strong>obbligo di fare la doccia prima di entrare nelle vasche<\/strong>.<br>In <strong>prossimit\u00e0 <\/strong>degli accessi alle piscine sono disponibili <strong>dispenser <\/strong>di gel disinfettante.<\/p>\n<\/div><\/div>\n\n\n\n<div class=\"wp-block-media-text alignwide is-stacked-on-mobile\" style=\"grid-template-columns:15% auto\"><figure class=\"wp-block-media-text__media\"><img loading=\"lazy\" decoding=\"async\" width=\"260\" height=\"260\" src=\"https:\/\/www.hotelcadoro.com\/wp-content\/uploads\/2021\/02\/Biasuzzi_Bar_Ristoranti.png\" alt=\"\" class=\"wp-image-2300 size-full\" srcset=\"https:\/\/www.hotelcadoro.com\/wp-content\/uploads\/2021\/02\/Biasuzzi_Bar_Ristoranti.png 260w, https:\/\/www.hotelcadoro.com\/wp-content\/uploads\/2021\/02\/Biasuzzi_Bar_Ristoranti-150x150.png 150w\" sizes=\"auto, (max-width: 260px) 100vw, 260px\" \/><\/figure><div class=\"wp-block-media-text__content\">\n<h3 class=\"wp-block-heading\">RISTORANTE E BAR<\/h3>\n\n\n\n<p>I locali dedicati alla ristorazione sono costantemente <strong>aerati<\/strong>. I tavoli sono posti ad una distanza tale affinch\u00e9 venga assicurata la distanza di <strong>almeno 1 metro<\/strong> tra le persone sedute su tavoli diversi.<br>Nei locali dedicati alla ristorazione \u00e8 presente un <strong>dispenser di gel disinfettante<\/strong> a base alcolica, utilizzabile sia dagli ospiti che dai membri dello staff.<br>I piatti vengono <strong>serviti direttamente ai tavoli dai camerieri<\/strong> dotati di <strong>mascherine<\/strong>.<br><strong>Bicchieri, piatti e posate<\/strong> vengono lavati in lavastoviglie con appositi detergenti. Il lavaggio viene eseguito a una temperatura tale da garantire ampiamente la <strong>disattivazione dei virus<\/strong>.<\/p>\n<\/div><\/div>\n\n\n\n<div class=\"wp-block-media-text alignwide is-stacked-on-mobile\" style=\"grid-template-columns:15% auto\"><figure class=\"wp-block-media-text__media\"><img loading=\"lazy\" decoding=\"async\" width=\"260\" height=\"260\" src=\"https:\/\/www.hotelcadoro.com\/wp-content\/uploads\/2021\/02\/Biasuzzi_Reception-1.png\" alt=\"\" class=\"wp-image-2303 size-full\" srcset=\"https:\/\/www.hotelcadoro.com\/wp-content\/uploads\/2021\/02\/Biasuzzi_Reception-1.png 260w, https:\/\/www.hotelcadoro.com\/wp-content\/uploads\/2021\/02\/Biasuzzi_Reception-1-150x150.png 150w\" sizes=\"auto, (max-width: 260px) 100vw, 260px\" \/><\/figure><div class=\"wp-block-media-text__content\">\n<h3 class=\"wp-block-heading\">HALL<\/h3>\n\n\n\n<p>I <strong>pavimenti <\/strong>vengono <strong>sanificati due volte al giorno<\/strong> con detergenti igienizzanti.<br><strong>Maniglie<\/strong>, <strong>pulsantiere <\/strong>e <strong>altre superfici<\/strong> vengono sanificate con detergenti igienizzanti a base alcolica.<br>I <strong>bagni comuni<\/strong> vengono sanificati dal personale addetto <strong>pi\u00f9 volte al giorno<\/strong> con detergenti igienizzanti a base di cloro.<br>All\u2019interno dei servizi igienici saranno disponibili dispenser con gel igienizzante per le mani.<\/p>\n<\/div><\/div>\n\n\n\n<div class=\"wp-block-media-text alignwide is-stacked-on-mobile\" style=\"grid-template-columns:15% auto\"><figure class=\"wp-block-media-text__media\"><img loading=\"lazy\" decoding=\"async\" width=\"260\" height=\"260\" src=\"https:\/\/www.hotelcadoro.com\/wp-content\/uploads\/2021\/02\/Biasuzzi_Animatori_Staff.png\" alt=\"\" class=\"wp-image-2309 size-full\" srcset=\"https:\/\/www.hotelcadoro.com\/wp-content\/uploads\/2021\/02\/Biasuzzi_Animatori_Staff.png 260w, https:\/\/www.hotelcadoro.com\/wp-content\/uploads\/2021\/02\/Biasuzzi_Animatori_Staff-150x150.png 150w\" sizes=\"auto, (max-width: 260px) 100vw, 260px\" \/><\/figure><div class=\"wp-block-media-text__content\">\n<h3 class=\"wp-block-heading\">IL NOSTRO STAFF<\/h3>\n\n\n\n<p>Tutto il <strong>personale <\/strong>utilizza la <strong>mascherina<\/strong>. Al loro ingresso in hotel viene misurata la temperatura e precluso l\u2019accesso a tutti i membri dello staff la cui temperatura corporea superi i <strong>37.5\u00b0<\/strong>.<\/p>\n<\/div><\/div>\n","protected":false},"excerpt":{"rendered":"<p>LA VOSTRA SICUREZZA \u00c8 LA NOSTRA PRIORIT\u00c0 #SAFETYFIRST AL TUO ARRIVO La reception \u00e8 dotata di schermi anti-droplet.All\u2019ingresso \u00e8 disponibile un dispenser di gel disinfettante a base alcolica a tua disposizione.In tutte le aree comuni sono a disposizione dei dispenser di gel disinfettante. LA TUA CAMERA Prima del tuo arrivo la tua camera viene sanificata [&hellip;]<\/p>\n","protected":false},"author":2,"featured_media":1640,"parent":0,"menu_order":0,"comment_status":"closed","ping_status":"closed","template":"","meta":{"_acf_changed":false,"advgb_blocks_editor_width":"","advgb_blocks_columns_visual_guide":"","footnotes":""},"class_list":["post-1917","page","type-page","status-publish","has-post-thumbnail","hentry"],"acf":[],"yoast_head":"<!-- This site is optimized with the Yoast SEO plugin v25.6 - https:\/\/yoast.com\/wordpress\/plugins\/seo\/ -->\n<title>Vacanze sicure - Hotel Ca&#039; D&#039;Oro<\/title>\n<meta name=\"robots\" content=\"index, follow, max-snippet:-1, max-image-preview:large, max-video-preview:-1\" \/>\n<link rel=\"canonical\" href=\"https:\/\/www.hotelcadoro.com\/it\/vacanze-sicure\/\" \/>\n<meta property=\"og:locale\" content=\"it_IT\" \/>\n<meta property=\"og:type\" content=\"article\" \/>\n<meta property=\"og:title\" content=\"Vacanze sicure - Hotel Ca&#039; D&#039;Oro\" \/>\n<meta property=\"og:description\" content=\"LA VOSTRA SICUREZZA \u00c8 LA NOSTRA PRIORIT\u00c0 #SAFETYFIRST AL TUO ARRIVO La reception \u00e8 dotata di schermi anti-droplet.All\u2019ingresso \u00e8 disponibile un dispenser di gel disinfettante a base alcolica a tua disposizione.In tutte le aree comuni sono a disposizione dei dispenser di gel disinfettante. LA TUA CAMERA Prima del tuo arrivo la tua camera viene sanificata [&hellip;]\" \/>\n<meta property=\"og:url\" content=\"https:\/\/www.hotelcadoro.com\/it\/vacanze-sicure\/\" \/>\n<meta property=\"og:site_name\" content=\"Hotel Ca&#039; D&#039;Oro\" \/>\n<meta property=\"article:modified_time\" content=\"2021-02-24T14:29:29+00:00\" \/>\n<meta property=\"og:image\" content=\"https:\/\/www.hotelcadoro.com\/wp-content\/uploads\/2020\/04\/Banner_Hotel-3.jpg\" \/>\n\t<meta property=\"og:image:width\" content=\"2000\" \/>\n\t<meta property=\"og:image:height\" content=\"490\" \/>\n\t<meta property=\"og:image:type\" content=\"image\/jpeg\" \/>\n<meta name=\"twitter:card\" content=\"summary_large_image\" \/>\n<meta name=\"twitter:label1\" content=\"Tempo di lettura stimato\" \/>\n\t<meta name=\"twitter:data1\" content=\"3 minuti\" \/>\n<script type=\"application\/ld+json\" class=\"yoast-schema-graph\">{\"@context\":\"https:\/\/schema.org\",\"@graph\":[{\"@type\":\"WebPage\",\"@id\":\"https:\/\/www.hotelcadoro.com\/it\/vacanze-sicure\/\",\"url\":\"https:\/\/www.hotelcadoro.com\/it\/vacanze-sicure\/\",\"name\":\"Vacanze sicure - Hotel Ca&#039; D&#039;Oro\",\"isPartOf\":{\"@id\":\"https:\/\/www.hotelcadoro.com\/it\/#website\"},\"primaryImageOfPage\":{\"@id\":\"https:\/\/www.hotelcadoro.com\/it\/vacanze-sicure\/#primaryimage\"},\"image\":{\"@id\":\"https:\/\/www.hotelcadoro.com\/it\/vacanze-sicure\/#primaryimage\"},\"thumbnailUrl\":\"https:\/\/www.hotelcadoro.com\/wp-content\/uploads\/2020\/04\/Banner_Hotel-3.jpg\",\"datePublished\":\"2020-05-28T09:58:29+00:00\",\"dateModified\":\"2021-02-24T14:29:29+00:00\",\"breadcrumb\":{\"@id\":\"https:\/\/www.hotelcadoro.com\/it\/vacanze-sicure\/#breadcrumb\"},\"inLanguage\":\"it-IT\",\"potentialAction\":[{\"@type\":\"ReadAction\",\"target\":[\"https:\/\/www.hotelcadoro.com\/it\/vacanze-sicure\/\"]}]},{\"@type\":\"ImageObject\",\"inLanguage\":\"it-IT\",\"@id\":\"https:\/\/www.hotelcadoro.com\/it\/vacanze-sicure\/#primaryimage\",\"url\":\"https:\/\/www.hotelcadoro.com\/wp-content\/uploads\/2020\/04\/Banner_Hotel-3.jpg\",\"contentUrl\":\"https:\/\/www.hotelcadoro.com\/wp-content\/uploads\/2020\/04\/Banner_Hotel-3.jpg\",\"width\":2000,\"height\":490,\"caption\":\"Facciata dell'Hotel al tramonto\"},{\"@type\":\"BreadcrumbList\",\"@id\":\"https:\/\/www.hotelcadoro.com\/it\/vacanze-sicure\/#breadcrumb\",\"itemListElement\":[{\"@type\":\"ListItem\",\"position\":1,\"name\":\"Home\",\"item\":\"https:\/\/www.hotelcadoro.com\/it\/\"},{\"@type\":\"ListItem\",\"position\":2,\"name\":\"Vacanze sicure\"}]},{\"@type\":\"WebSite\",\"@id\":\"https:\/\/www.hotelcadoro.com\/it\/#website\",\"url\":\"https:\/\/www.hotelcadoro.com\/it\/\",\"name\":\"Hotel Ca&#039; D&#039;Oro\",\"description\":\"\",\"publisher\":{\"@id\":\"https:\/\/www.hotelcadoro.com\/it\/#organization\"},\"potentialAction\":[{\"@type\":\"SearchAction\",\"target\":{\"@type\":\"EntryPoint\",\"urlTemplate\":\"https:\/\/www.hotelcadoro.com\/it\/?s={search_term_string}\"},\"query-input\":{\"@type\":\"PropertyValueSpecification\",\"valueRequired\":true,\"valueName\":\"search_term_string\"}}],\"inLanguage\":\"it-IT\"},{\"@type\":\"Organization\",\"@id\":\"https:\/\/www.hotelcadoro.com\/it\/#organization\",\"name\":\"Hotel Ca' D'Oro\",\"url\":\"https:\/\/www.hotelcadoro.com\/it\/\",\"logo\":{\"@type\":\"ImageObject\",\"inLanguage\":\"it-IT\",\"@id\":\"https:\/\/www.hotelcadoro.com\/it\/#\/schema\/logo\/image\/\",\"url\":\"https:\/\/www.hotelcadoro.com\/wp-content\/uploads\/2020\/03\/logo.png\",\"contentUrl\":\"https:\/\/www.hotelcadoro.com\/wp-content\/uploads\/2020\/03\/logo.png\",\"width\":528,\"height\":400,\"caption\":\"Hotel Ca' D'Oro\"},\"image\":{\"@id\":\"https:\/\/www.hotelcadoro.com\/it\/#\/schema\/logo\/image\/\"}}]}<\/script>\n<!-- \/ Yoast SEO plugin. -->","yoast_head_json":{"title":"Vacanze sicure - Hotel Ca&#039; D&#039;Oro","robots":{"index":"index","follow":"follow","max-snippet":"max-snippet:-1","max-image-preview":"max-image-preview:large","max-video-preview":"max-video-preview:-1"},"canonical":"https:\/\/www.hotelcadoro.com\/it\/vacanze-sicure\/","og_locale":"it_IT","og_type":"article","og_title":"Vacanze sicure - Hotel Ca&#039; D&#039;Oro","og_description":"LA VOSTRA SICUREZZA \u00c8 LA NOSTRA PRIORIT\u00c0 #SAFETYFIRST AL TUO ARRIVO La reception \u00e8 dotata di schermi anti-droplet.All\u2019ingresso \u00e8 disponibile un dispenser di gel disinfettante a base alcolica a tua disposizione.In tutte le aree comuni sono a disposizione dei dispenser di gel disinfettante. LA TUA CAMERA Prima del tuo arrivo la tua camera viene sanificata [&hellip;]","og_url":"https:\/\/www.hotelcadoro.com\/it\/vacanze-sicure\/","og_site_name":"Hotel Ca&#039; D&#039;Oro","article_modified_time":"2021-02-24T14:29:29+00:00","og_image":[{"width":2000,"height":490,"url":"https:\/\/www.hotelcadoro.com\/wp-content\/uploads\/2020\/04\/Banner_Hotel-3.jpg","type":"image\/jpeg"}],"twitter_card":"summary_large_image","twitter_misc":{"Tempo di lettura stimato":"3 minuti"},"schema":{"@context":"https:\/\/schema.org","@graph":[{"@type":"WebPage","@id":"https:\/\/www.hotelcadoro.com\/it\/vacanze-sicure\/","url":"https:\/\/www.hotelcadoro.com\/it\/vacanze-sicure\/","name":"Vacanze sicure - Hotel Ca&#039; D&#039;Oro","isPartOf":{"@id":"https:\/\/www.hotelcadoro.com\/it\/#website"},"primaryImageOfPage":{"@id":"https:\/\/www.hotelcadoro.com\/it\/vacanze-sicure\/#primaryimage"},"image":{"@id":"https:\/\/www.hotelcadoro.com\/it\/vacanze-sicure\/#primaryimage"},"thumbnailUrl":"https:\/\/www.hotelcadoro.com\/wp-content\/uploads\/2020\/04\/Banner_Hotel-3.jpg","datePublished":"2020-05-28T09:58:29+00:00","dateModified":"2021-02-24T14:29:29+00:00","breadcrumb":{"@id":"https:\/\/www.hotelcadoro.com\/it\/vacanze-sicure\/#breadcrumb"},"inLanguage":"it-IT","potentialAction":[{"@type":"ReadAction","target":["https:\/\/www.hotelcadoro.com\/it\/vacanze-sicure\/"]}]},{"@type":"ImageObject","inLanguage":"it-IT","@id":"https:\/\/www.hotelcadoro.com\/it\/vacanze-sicure\/#primaryimage","url":"https:\/\/www.hotelcadoro.com\/wp-content\/uploads\/2020\/04\/Banner_Hotel-3.jpg","contentUrl":"https:\/\/www.hotelcadoro.com\/wp-content\/uploads\/2020\/04\/Banner_Hotel-3.jpg","width":2000,"height":490,"caption":"Facciata dell'Hotel al tramonto"},{"@type":"BreadcrumbList","@id":"https:\/\/www.hotelcadoro.com\/it\/vacanze-sicure\/#breadcrumb","itemListElement":[{"@type":"ListItem","position":1,"name":"Home","item":"https:\/\/www.hotelcadoro.com\/it\/"},{"@type":"ListItem","position":2,"name":"Vacanze sicure"}]},{"@type":"WebSite","@id":"https:\/\/www.hotelcadoro.com\/it\/#website","url":"https:\/\/www.hotelcadoro.com\/it\/","name":"Hotel Ca&#039; D&#039;Oro","description":"","publisher":{"@id":"https:\/\/www.hotelcadoro.com\/it\/#organization"},"potentialAction":[{"@type":"SearchAction","target":{"@type":"EntryPoint","urlTemplate":"https:\/\/www.hotelcadoro.com\/it\/?s={search_term_string}"},"query-input":{"@type":"PropertyValueSpecification","valueRequired":true,"valueName":"search_term_string"}}],"inLanguage":"it-IT"},{"@type":"Organization","@id":"https:\/\/www.hotelcadoro.com\/it\/#organization","name":"Hotel Ca' D'Oro","url":"https:\/\/www.hotelcadoro.com\/it\/","logo":{"@type":"ImageObject","inLanguage":"it-IT","@id":"https:\/\/www.hotelcadoro.com\/it\/#\/schema\/logo\/image\/","url":"https:\/\/www.hotelcadoro.com\/wp-content\/uploads\/2020\/03\/logo.png","contentUrl":"https:\/\/www.hotelcadoro.com\/wp-content\/uploads\/2020\/03\/logo.png","width":528,"height":400,"caption":"Hotel Ca' D'Oro"},"image":{"@id":"https:\/\/www.hotelcadoro.com\/it\/#\/schema\/logo\/image\/"}}]}},"coauthors":[],"author_meta":{"author_link":"https:\/\/www.hotelcadoro.com\/it\/author\/c4d-0r0w\/","display_name":"c4d-0r0w"},"relative_dates":{"created":"Pubblicato 6 anni fa","modified":"Aggiornato 5 anni fa"},"absolute_dates":{"created":"Pubblicato il 28 Maggio 2020","modified":"Aggiornato il 24 Febbraio 2021"},"absolute_dates_time":{"created":"Pubblicato il 28 Maggio 2020 11:58","modified":"Aggiornato il 24 Febbraio 2021 15:29"},"featured_img_caption":"","featured_img":"https:\/\/www.hotelcadoro.com\/wp-content\/uploads\/2020\/04\/Banner_Hotel-3-1200x294.jpg","series_order":"","_links":{"self":[{"href":"https:\/\/www.hotelcadoro.com\/it\/wp-json\/wp\/v2\/pages\/1917","targetHints":{"allow":["GET"]}}],"collection":[{"href":"https:\/\/www.hotelcadoro.com\/it\/wp-json\/wp\/v2\/pages"}],"about":[{"href":"https:\/\/www.hotelcadoro.com\/it\/wp-json\/wp\/v2\/types\/page"}],"author":[{"embeddable":true,"href":"https:\/\/www.hotelcadoro.com\/it\/wp-json\/wp\/v2\/users\/2"}],"replies":[{"embeddable":true,"href":"https:\/\/www.hotelcadoro.com\/it\/wp-json\/wp\/v2\/comments?post=1917"}],"version-history":[{"count":0,"href":"https:\/\/www.hotelcadoro.com\/it\/wp-json\/wp\/v2\/pages\/1917\/revisions"}],"wp:featuredmedia":[{"embeddable":true,"href":"https:\/\/www.hotelcadoro.com\/it\/wp-json\/wp\/v2\/media\/1640"}],"wp:attachment":[{"href":"https:\/\/www.hotelcadoro.com\/it\/wp-json\/wp\/v2\/media?parent=1917"}],"curies":[{"name":"wp","href":"https:\/\/api.w.org\/{rel}","templated":true}]}}