{"id":1055,"date":"2020-04-10T12:54:00","date_gmt":"2020-04-10T10:54:00","guid":{"rendered":"https:\/\/www.hotelcadoro.com\/?page_id=1055"},"modified":"2020-04-20T12:06:46","modified_gmt":"2020-04-20T10:06:46","slug":"sport-beauty","status":"publish","type":"page","link":"https:\/\/www.hotelcadoro.com\/en\/sport-beauty\/","title":{"rendered":"Sport &#038; Beauty"},"content":{"rendered":"\n<div class=\"wp-block-group cadoro-bg-gold-small-l\"><div class=\"wp-block-group__inner-container is-layout-flow wp-block-group-is-layout-flow\"><\/div><\/div>\n\n\n\n<div class=\"wp-block-group cadoro-1\" id=\"sport\"><div class=\"wp-block-group__inner-container is-layout-flow wp-block-group-is-layout-flow\">\n<h2 class=\"wp-block-heading\">Outdoors sports and fun<\/h2>\n\n\n\n<p>Bibione is an ideal destination for sports lovers, too. In fact, there many activities can be done in various parts of the city: swimming, surfing, sailing and riding classes; even children can participate.n summer, there are also major sports events for all tastes such as:<\/p>\n<\/div><\/div>\n\n\n\n<div class=\"wp-block-group cadoro-2\"><div class=\"wp-block-group__inner-container is-layout-flow wp-block-group-is-layout-flow\">\n<p><strong>Raduno Calcio a 5 (soccer):<\/strong><br>the most important summer tournament! The program is full of sporting events culminating every evening with great parties;<\/p>\n\n\n\n<p><strong>Beach Rugby Festival:<\/strong><br>if the words try, conversion, touch or scrum mean nothing to you, this is the right time to discover this fascinating game. Two days full of sportsmanship and competitiveness with athletes from all around the world;<\/p>\n\n\n\n<p><strong>Raduno Fitness:<\/strong><br>a rich program of aerobics with the best trainers ready to engage participants in step, Pilates, spinning.;<\/p>\n\n\n\n<p><strong>Beach&amp;Ball:<\/strong><br>an event organized by <strong>FIP (Italian Basketball Federation)<\/strong>; year after year the number of participants increases;<\/p>\n<\/div><\/div>\n\n\n\n<div class=\"wp-block-group cadoro-5 hide\"><div class=\"wp-block-group__inner-container is-layout-flow wp-block-group-is-layout-flow\">\n<div class=\"wp-block-columns alignfull is-layout-flex wp-container-core-columns-is-layout-9d6595d7 wp-block-columns-is-layout-flex\">\n<div class=\"wp-block-column is-layout-flow wp-block-column-is-layout-flow\">\n<div class=\"wp-block-group alignfull\"><div class=\"wp-block-group__inner-container is-layout-flow wp-block-group-is-layout-flow\">\n<h4 class=\"wp-block-heading\">Sport acquatici<\/h4>\n\n\n\n<p>A Bibione si possono praticare moltissime attivit\u00e0 marine dal nuoto alle immersioni, dalla vela allo sci nautico ma anche surf, wind surf e parafly.<br>Questi sport non sono adatti solo alle persone con esperienza ma anche per i principianti vista la presenza di istruttori qualificati ai quali fare riferimento.<\/p>\n<\/div><\/div>\n\n\n\n<div class=\"wp-block-group\"><div class=\"wp-block-group__inner-container is-layout-flow wp-block-group-is-layout-flow\">\n<h4 class=\"wp-block-heading\">Beach volley<\/h4>\n\n\n\n<p>Ormai \u00e8 diventato uno sport popolare e praticato in tutte le spiagge del mondo tanto che dal 2004 \u00e8 diventato anche uno sport olimpico. L\u2019ampia spiaggia di Bibione \u00e8 il luogo ideale per praticarlo.<\/p>\n<\/div><\/div>\n\n\n\n<div class=\"wp-block-group\"><div class=\"wp-block-group__inner-container is-layout-flow wp-block-group-is-layout-flow\">\n<h4 class=\"wp-block-heading\">Tennis<\/h4>\n\n\n\n<p>Gli appasionati del tennis potranno accedere al Centro Tennistico Comunale, oppure provare a giocare sulla spiaggia. Ricordiamo che a Bibione viene organizzato ogni anno un importante raduno di beach tennis.<\/p>\n<\/div><\/div>\n<\/div>\n\n\n\n<div class=\"wp-block-column is-layout-flow wp-block-column-is-layout-flow\">\n<div class=\"wp-block-group alignfull\"><div class=\"wp-block-group__inner-container is-layout-flow wp-block-group-is-layout-flow\">\n<h4 class=\"wp-block-heading\">Piste ciclabili<\/h4>\n\n\n\n<p>Il comune di Bibione ha costruito molte piste ciclabili in modo da rendere pi\u00f9 sicure le vostre escursioni. Diversi sono gli itinerari che si possono percorrere in base a quello che si vuole visitare. Per esempio le aziende agricole nei presssi di Bibione offrono la possibilit\u00e0 di gustare prodotti tipici autoctoni oppure si pu\u00f2 visitare la villa marittima di et\u00e0 romana, nella zona \u201cMutteron dei Frati\u201d.<\/p>\n<\/div><\/div>\n\n\n\n<div class=\"wp-block-group\"><div class=\"wp-block-group__inner-container is-layout-flow wp-block-group-is-layout-flow\">\n<h4 class=\"wp-block-heading\">Beach soccer<\/h4>\n\n\n\n<p>Come poteva mancare la versione estiva dello sport pi\u00f9 giocato al mondo? Nelle aree attrezzate \u00e8 possibile praticare anche il calcio da spiaggia.<\/p>\n<\/div><\/div>\n\n\n\n<div class=\"wp-block-group\"><div class=\"wp-block-group__inner-container is-layout-flow wp-block-group-is-layout-flow\">\n<h4 class=\"wp-block-heading\">Golf<\/h4>\n\n\n\n<p>A pochi km da Bibione sono presenti due Campi da Golf a 18 buche il primo a Lignano e il secondo a Caorle.<\/p>\n<\/div><\/div>\n<\/div>\n<\/div>\n<\/div><\/div>\n\n\n\n<div class=\"wp-block-group cadoro-6\" id=\"terme\"><div class=\"wp-block-group__inner-container is-layout-flow wp-block-group-is-layout-flow\">\n<h2 class=\"wp-block-heading\">Relax at the Terme di Bibione<\/h2>\n\n\n\n<p>The <strong>Thermal Center is surrounded by a lovely pine forest<\/strong> and it is the best way to rejuvenate body and soul! The new Spa is open year round and has the best equipment.<\/p>\n\n\n\n<div class=\"wp-block-group read-more\"><div class=\"wp-block-group__inner-container is-layout-flow wp-block-group-is-layout-flow\">\n<p>The <strong>highly qualified staff <\/strong>will evaluate the path to healing and rehabilitation that suits your needs, whether it be to get back into shape or for special care.<\/p>\n\n\n\n<p>In addition to classic Spa treatments, you can find fitness <strong>gyms<\/strong>, a <strong>modern beauty center<\/strong>, large <strong>indoor and outdoor thermal pools <\/strong>with whirlpools, water games for adults and children, saunas, Turkish bath, solarium and services refreshment.<\/p>\n<\/div><\/div>\n\n\n\n<h4 class=\"wp-block-heading\"><strong>Characteristics of thermal waters:<\/strong><\/h4>\n\n\n\n<p>Bicarbonate alkaline hyper-thermal mineral water with sodium and fluorine <strong>flows at 52\u00b0C from the basin situated inland from Bibione<\/strong>. The Ministry of Health recognized its efficacy in 1996 with decrees nos. 2918 and 2950.<br><br>Read more at:\u00a0<a rel=\"noreferrer noopener\" href=\"http:\/\/www.bibioneterme.it\/\" target=\"_blank\">www.bibioneterme.com<\/a><\/p>\n<\/div><\/div>\n\n\n\n<div class=\"wp-block-group cadoro-6-bg-light-blu-small-l\"><div class=\"wp-block-group__inner-container is-layout-flow wp-block-group-is-layout-flow\"><\/div><\/div>\n\n\n\n<div class=\"wp-block-group cadoro-7-gallery\"><div class=\"wp-block-group__inner-container is-layout-flow wp-block-group-is-layout-flow\">\n<figure class=\"wp-block-gallery columns-2 is-cropped wp-block-gallery-2\"><ul class=\"blocks-gallery-grid\"><li class=\"blocks-gallery-item\"><figure><img loading=\"lazy\" decoding=\"async\" width=\"800\" height=\"560\" src=\"https:\/\/www.hotelcadoro.com\/wp-content\/uploads\/2020\/04\/bibione_terme_01.jpg\" alt=\"\" data-id=\"1731\" data-full-url=\"https:\/\/www.hotelcadoro.com\/wp-content\/uploads\/2020\/04\/bibione_terme_01.jpg\" data-link=\"https:\/\/www.hotelcadoro.com\/it\/bibione_terme_01\/\" class=\"wp-image-1731\" srcset=\"https:\/\/www.hotelcadoro.com\/wp-content\/uploads\/2020\/04\/bibione_terme_01.jpg 800w, https:\/\/www.hotelcadoro.com\/wp-content\/uploads\/2020\/04\/bibione_terme_01-300x210.jpg 300w, https:\/\/www.hotelcadoro.com\/wp-content\/uploads\/2020\/04\/bibione_terme_01-768x538.jpg 768w\" sizes=\"auto, (max-width: 800px) 100vw, 800px\" \/><\/figure><\/li><li class=\"blocks-gallery-item\"><figure><img loading=\"lazy\" decoding=\"async\" width=\"800\" height=\"560\" src=\"https:\/\/www.hotelcadoro.com\/wp-content\/uploads\/2020\/04\/bibione_terme_02.jpg\" alt=\"\" data-id=\"1734\" data-full-url=\"https:\/\/www.hotelcadoro.com\/wp-content\/uploads\/2020\/04\/bibione_terme_02.jpg\" data-link=\"https:\/\/www.hotelcadoro.com\/it\/bibione_terme_02\/\" class=\"wp-image-1734\" srcset=\"https:\/\/www.hotelcadoro.com\/wp-content\/uploads\/2020\/04\/bibione_terme_02.jpg 800w, https:\/\/www.hotelcadoro.com\/wp-content\/uploads\/2020\/04\/bibione_terme_02-300x210.jpg 300w, https:\/\/www.hotelcadoro.com\/wp-content\/uploads\/2020\/04\/bibione_terme_02-768x538.jpg 768w\" sizes=\"auto, (max-width: 800px) 100vw, 800px\" \/><\/figure><\/li><li class=\"blocks-gallery-item\"><figure><img loading=\"lazy\" decoding=\"async\" width=\"1024\" height=\"681\" src=\"https:\/\/www.hotelcadoro.com\/wp-content\/uploads\/2020\/04\/Centro_Bibione_Thermae-1-1024x681.jpg\" alt=\"\" data-id=\"770\" data-full-url=\"https:\/\/www.hotelcadoro.com\/wp-content\/uploads\/2020\/04\/Centro_Bibione_Thermae-1.jpg\" data-link=\"https:\/\/www.hotelcadoro.com\/it\/sport-beauty\/centro_bibione_thermae\/\" class=\"wp-image-770 is-layout-flex wp-block-gallery-is-layout-flex\" srcset=\"https:\/\/www.hotelcadoro.com\/wp-content\/uploads\/2020\/04\/Centro_Bibione_Thermae-1-1024x681.jpg 1024w, https:\/\/www.hotelcadoro.com\/wp-content\/uploads\/2020\/04\/Centro_Bibione_Thermae-1-300x200.jpg 300w, https:\/\/www.hotelcadoro.com\/wp-content\/uploads\/2020\/04\/Centro_Bibione_Thermae-1-768x511.jpg 768w, https:\/\/www.hotelcadoro.com\/wp-content\/uploads\/2020\/04\/Centro_Bibione_Thermae-1-1600x1064.jpg 1600w, https:\/\/www.hotelcadoro.com\/wp-content\/uploads\/2020\/04\/Centro_Bibione_Thermae-1-1536x1021.jpg 1536w, https:\/\/www.hotelcadoro.com\/wp-content\/uploads\/2020\/04\/Centro_Bibione_Thermae-1-1200x798.jpg 1200w, https:\/\/www.hotelcadoro.com\/wp-content\/uploads\/2020\/04\/Centro_Bibione_Thermae-1-1980x1317.jpg 1980w, https:\/\/www.hotelcadoro.com\/wp-content\/uploads\/2020\/04\/Centro_Bibione_Thermae-1.jpg 2000w\" sizes=\"auto, (max-width: 1024px) 100vw, 1024px\" \/><\/figure><\/li><\/ul><\/figure>\n<\/div><\/div>\n","protected":false},"excerpt":{"rendered":"<p>Outdoors sports and fun Bibione is an ideal destination for sports lovers, too. In fact, there many activities can be done in various parts of the city: swimming, surfing, sailing and riding classes; even children can participate.n summer, there are also major sports events for all tastes such as: Raduno Calcio a 5 (soccer):the most [&hellip;]<\/p>\n","protected":false},"author":2,"featured_media":1645,"parent":0,"menu_order":0,"comment_status":"closed","ping_status":"closed","template":"","meta":{"_acf_changed":false,"advgb_blocks_editor_width":"","advgb_blocks_columns_visual_guide":"","footnotes":""},"class_list":["post-1055","page","type-page","status-publish","has-post-thumbnail","hentry"],"acf":[],"yoast_head":"<!-- This site is optimized with the Yoast SEO plugin v25.6 - https:\/\/yoast.com\/wordpress\/plugins\/seo\/ -->\n<title>Sport &amp; Beauty - Hotel Ca&#039; D&#039;Oro - Three Star Superior in Bibione<\/title>\n<meta name=\"description\" content=\"Bibione is an ideal destination for sports lovers, too. In fact, there many activities can be done in various parts of the city.\" \/>\n<meta name=\"robots\" content=\"index, follow, max-snippet:-1, max-image-preview:large, max-video-preview:-1\" \/>\n<link rel=\"canonical\" href=\"https:\/\/www.hotelcadoro.com\/en\/sport-beauty\/\" \/>\n<meta property=\"og:locale\" content=\"en_US\" \/>\n<meta property=\"og:type\" content=\"article\" \/>\n<meta property=\"og:title\" content=\"Sport &amp; Beauty - Hotel Ca&#039; D&#039;Oro - Three Star Superior in Bibione\" \/>\n<meta property=\"og:description\" content=\"Bibione is an ideal destination for sports lovers, too. In fact, there many activities can be done in various parts of the city.\" \/>\n<meta property=\"og:url\" content=\"https:\/\/www.hotelcadoro.com\/en\/sport-beauty\/\" \/>\n<meta property=\"og:site_name\" content=\"Hotel Ca&#039; D&#039;Oro\" \/>\n<meta property=\"article:modified_time\" content=\"2020-04-20T10:06:46+00:00\" \/>\n<meta property=\"og:image\" content=\"https:\/\/www.hotelcadoro.com\/wp-content\/uploads\/2020\/04\/Banner_Sport-beauty-1.jpg\" \/>\n\t<meta property=\"og:image:width\" content=\"2000\" \/>\n\t<meta property=\"og:image:height\" content=\"490\" \/>\n\t<meta property=\"og:image:type\" content=\"image\/jpeg\" \/>\n<meta name=\"twitter:card\" content=\"summary_large_image\" \/>\n<meta name=\"twitter:label1\" content=\"Est. reading time\" \/>\n\t<meta name=\"twitter:data1\" content=\"3 minutes\" \/>\n<script type=\"application\/ld+json\" class=\"yoast-schema-graph\">{\"@context\":\"https:\/\/schema.org\",\"@graph\":[{\"@type\":\"WebPage\",\"@id\":\"https:\/\/www.hotelcadoro.com\/en\/sport-beauty\/\",\"url\":\"https:\/\/www.hotelcadoro.com\/en\/sport-beauty\/\",\"name\":\"Sport & Beauty - Hotel Ca&#039; D&#039;Oro - Three Star Superior in Bibione\",\"isPartOf\":{\"@id\":\"https:\/\/www.hotelcadoro.com\/en\/#website\"},\"primaryImageOfPage\":{\"@id\":\"https:\/\/www.hotelcadoro.com\/en\/sport-beauty\/#primaryimage\"},\"image\":{\"@id\":\"https:\/\/www.hotelcadoro.com\/en\/sport-beauty\/#primaryimage\"},\"thumbnailUrl\":\"https:\/\/www.hotelcadoro.com\/wp-content\/uploads\/2020\/04\/Banner_Sport-beauty-1.jpg\",\"datePublished\":\"2020-04-10T10:54:00+00:00\",\"dateModified\":\"2020-04-20T10:06:46+00:00\",\"description\":\"Bibione is an ideal destination for sports lovers, too. In fact, there many activities can be done in various parts of the city.\",\"breadcrumb\":{\"@id\":\"https:\/\/www.hotelcadoro.com\/en\/sport-beauty\/#breadcrumb\"},\"inLanguage\":\"en-US\",\"potentialAction\":[{\"@type\":\"ReadAction\",\"target\":[\"https:\/\/www.hotelcadoro.com\/en\/sport-beauty\/\"]}]},{\"@type\":\"ImageObject\",\"inLanguage\":\"en-US\",\"@id\":\"https:\/\/www.hotelcadoro.com\/en\/sport-beauty\/#primaryimage\",\"url\":\"https:\/\/www.hotelcadoro.com\/wp-content\/uploads\/2020\/04\/Banner_Sport-beauty-1.jpg\",\"contentUrl\":\"https:\/\/www.hotelcadoro.com\/wp-content\/uploads\/2020\/04\/Banner_Sport-beauty-1.jpg\",\"width\":2000,\"height\":490,\"caption\":\"Terme di Bibione\"},{\"@type\":\"BreadcrumbList\",\"@id\":\"https:\/\/www.hotelcadoro.com\/en\/sport-beauty\/#breadcrumb\",\"itemListElement\":[{\"@type\":\"ListItem\",\"position\":1,\"name\":\"Home\",\"item\":\"https:\/\/www.hotelcadoro.com\/en\/\"},{\"@type\":\"ListItem\",\"position\":2,\"name\":\"Sport &#038; Beauty\"}]},{\"@type\":\"WebSite\",\"@id\":\"https:\/\/www.hotelcadoro.com\/en\/#website\",\"url\":\"https:\/\/www.hotelcadoro.com\/en\/\",\"name\":\"Hotel Ca&#039; D&#039;Oro\",\"description\":\"\",\"publisher\":{\"@id\":\"https:\/\/www.hotelcadoro.com\/en\/#organization\"},\"potentialAction\":[{\"@type\":\"SearchAction\",\"target\":{\"@type\":\"EntryPoint\",\"urlTemplate\":\"https:\/\/www.hotelcadoro.com\/en\/?s={search_term_string}\"},\"query-input\":{\"@type\":\"PropertyValueSpecification\",\"valueRequired\":true,\"valueName\":\"search_term_string\"}}],\"inLanguage\":\"en-US\"},{\"@type\":\"Organization\",\"@id\":\"https:\/\/www.hotelcadoro.com\/en\/#organization\",\"name\":\"Hotel Ca' D'Oro\",\"url\":\"https:\/\/www.hotelcadoro.com\/en\/\",\"logo\":{\"@type\":\"ImageObject\",\"inLanguage\":\"en-US\",\"@id\":\"https:\/\/www.hotelcadoro.com\/en\/#\/schema\/logo\/image\/\",\"url\":\"https:\/\/www.hotelcadoro.com\/wp-content\/uploads\/2020\/03\/logo.png\",\"contentUrl\":\"https:\/\/www.hotelcadoro.com\/wp-content\/uploads\/2020\/03\/logo.png\",\"width\":528,\"height\":400,\"caption\":\"Hotel Ca' D'Oro\"},\"image\":{\"@id\":\"https:\/\/www.hotelcadoro.com\/en\/#\/schema\/logo\/image\/\"}}]}<\/script>\n<!-- \/ Yoast SEO plugin. -->","yoast_head_json":{"title":"Sport & Beauty - Hotel Ca&#039; D&#039;Oro - Three Star Superior in Bibione","description":"Bibione is an ideal destination for sports lovers, too. In fact, there many activities can be done in various parts of the city.","robots":{"index":"index","follow":"follow","max-snippet":"max-snippet:-1","max-image-preview":"max-image-preview:large","max-video-preview":"max-video-preview:-1"},"canonical":"https:\/\/www.hotelcadoro.com\/en\/sport-beauty\/","og_locale":"en_US","og_type":"article","og_title":"Sport & Beauty - Hotel Ca&#039; D&#039;Oro - Three Star Superior in Bibione","og_description":"Bibione is an ideal destination for sports lovers, too. In fact, there many activities can be done in various parts of the city.","og_url":"https:\/\/www.hotelcadoro.com\/en\/sport-beauty\/","og_site_name":"Hotel Ca&#039; D&#039;Oro","article_modified_time":"2020-04-20T10:06:46+00:00","og_image":[{"width":2000,"height":490,"url":"https:\/\/www.hotelcadoro.com\/wp-content\/uploads\/2020\/04\/Banner_Sport-beauty-1.jpg","type":"image\/jpeg"}],"twitter_card":"summary_large_image","twitter_misc":{"Est. reading time":"3 minutes"},"schema":{"@context":"https:\/\/schema.org","@graph":[{"@type":"WebPage","@id":"https:\/\/www.hotelcadoro.com\/en\/sport-beauty\/","url":"https:\/\/www.hotelcadoro.com\/en\/sport-beauty\/","name":"Sport & Beauty - Hotel Ca&#039; D&#039;Oro - Three Star Superior in Bibione","isPartOf":{"@id":"https:\/\/www.hotelcadoro.com\/en\/#website"},"primaryImageOfPage":{"@id":"https:\/\/www.hotelcadoro.com\/en\/sport-beauty\/#primaryimage"},"image":{"@id":"https:\/\/www.hotelcadoro.com\/en\/sport-beauty\/#primaryimage"},"thumbnailUrl":"https:\/\/www.hotelcadoro.com\/wp-content\/uploads\/2020\/04\/Banner_Sport-beauty-1.jpg","datePublished":"2020-04-10T10:54:00+00:00","dateModified":"2020-04-20T10:06:46+00:00","description":"Bibione is an ideal destination for sports lovers, too. In fact, there many activities can be done in various parts of the city.","breadcrumb":{"@id":"https:\/\/www.hotelcadoro.com\/en\/sport-beauty\/#breadcrumb"},"inLanguage":"en-US","potentialAction":[{"@type":"ReadAction","target":["https:\/\/www.hotelcadoro.com\/en\/sport-beauty\/"]}]},{"@type":"ImageObject","inLanguage":"en-US","@id":"https:\/\/www.hotelcadoro.com\/en\/sport-beauty\/#primaryimage","url":"https:\/\/www.hotelcadoro.com\/wp-content\/uploads\/2020\/04\/Banner_Sport-beauty-1.jpg","contentUrl":"https:\/\/www.hotelcadoro.com\/wp-content\/uploads\/2020\/04\/Banner_Sport-beauty-1.jpg","width":2000,"height":490,"caption":"Terme di Bibione"},{"@type":"BreadcrumbList","@id":"https:\/\/www.hotelcadoro.com\/en\/sport-beauty\/#breadcrumb","itemListElement":[{"@type":"ListItem","position":1,"name":"Home","item":"https:\/\/www.hotelcadoro.com\/en\/"},{"@type":"ListItem","position":2,"name":"Sport &#038; Beauty"}]},{"@type":"WebSite","@id":"https:\/\/www.hotelcadoro.com\/en\/#website","url":"https:\/\/www.hotelcadoro.com\/en\/","name":"Hotel Ca&#039; D&#039;Oro","description":"","publisher":{"@id":"https:\/\/www.hotelcadoro.com\/en\/#organization"},"potentialAction":[{"@type":"SearchAction","target":{"@type":"EntryPoint","urlTemplate":"https:\/\/www.hotelcadoro.com\/en\/?s={search_term_string}"},"query-input":{"@type":"PropertyValueSpecification","valueRequired":true,"valueName":"search_term_string"}}],"inLanguage":"en-US"},{"@type":"Organization","@id":"https:\/\/www.hotelcadoro.com\/en\/#organization","name":"Hotel Ca' D'Oro","url":"https:\/\/www.hotelcadoro.com\/en\/","logo":{"@type":"ImageObject","inLanguage":"en-US","@id":"https:\/\/www.hotelcadoro.com\/en\/#\/schema\/logo\/image\/","url":"https:\/\/www.hotelcadoro.com\/wp-content\/uploads\/2020\/03\/logo.png","contentUrl":"https:\/\/www.hotelcadoro.com\/wp-content\/uploads\/2020\/03\/logo.png","width":528,"height":400,"caption":"Hotel Ca' D'Oro"},"image":{"@id":"https:\/\/www.hotelcadoro.com\/en\/#\/schema\/logo\/image\/"}}]}},"coauthors":[],"author_meta":{"author_link":"https:\/\/www.hotelcadoro.com\/en\/author\/c4d-0r0w\/","display_name":"c4d-0r0w"},"relative_dates":{"created":"Posted 6 years ago","modified":"Updated 6 years ago"},"absolute_dates":{"created":"Posted on 10 April 2020","modified":"Updated on 20 April 2020"},"absolute_dates_time":{"created":"Posted on 10 April 2020 12:54","modified":"Updated on 20 April 2020 12:06"},"featured_img_caption":"","featured_img":"https:\/\/www.hotelcadoro.com\/wp-content\/uploads\/2020\/04\/Banner_Sport-beauty-1-1200x294.jpg","series_order":"","_links":{"self":[{"href":"https:\/\/www.hotelcadoro.com\/en\/wp-json\/wp\/v2\/pages\/1055","targetHints":{"allow":["GET"]}}],"collection":[{"href":"https:\/\/www.hotelcadoro.com\/en\/wp-json\/wp\/v2\/pages"}],"about":[{"href":"https:\/\/www.hotelcadoro.com\/en\/wp-json\/wp\/v2\/types\/page"}],"author":[{"embeddable":true,"href":"https:\/\/www.hotelcadoro.com\/en\/wp-json\/wp\/v2\/users\/2"}],"replies":[{"embeddable":true,"href":"https:\/\/www.hotelcadoro.com\/en\/wp-json\/wp\/v2\/comments?post=1055"}],"version-history":[{"count":0,"href":"https:\/\/www.hotelcadoro.com\/en\/wp-json\/wp\/v2\/pages\/1055\/revisions"}],"wp:featuredmedia":[{"embeddable":true,"href":"https:\/\/www.hotelcadoro.com\/en\/wp-json\/wp\/v2\/media\/1645"}],"wp:attachment":[{"href":"https:\/\/www.hotelcadoro.com\/en\/wp-json\/wp\/v2\/media?parent=1055"}],"curies":[{"name":"wp","href":"https:\/\/api.w.org\/{rel}","templated":true}]}}