{"id":3113,"date":"2024-04-19T12:12:45","date_gmt":"2024-04-19T10:12:45","guid":{"rendered":"https:\/\/www.hotelcadoro.com\/?page_id=3113"},"modified":"2024-04-19T12:12:47","modified_gmt":"2024-04-19T10:12:47","slug":"adult-only","status":"publish","type":"page","link":"https:\/\/www.hotelcadoro.com\/de\/adult-only\/","title":{"rendered":"Adult only"},"content":{"rendered":"\n<div class=\"wp-block-group cadoro-6\"><div class=\"wp-block-group__inner-container is-layout-flow wp-block-group-is-layout-flow\">\n<h2 class=\"wp-block-heading\">Hotel C\u00e0 D&#8217;oro: Unvergessliche Erlebnisse, nur f\u00fcr Sie<\/h2>\n\n\n\n<p>In der bezaubernden Landschaft von Bibione gelegen, pr\u00e4sentiert sich das Hotel C\u00e0 D&#8217;oro als &#8222;<strong>Nur f\u00fcr Erwachsene<\/strong>&#8222;-Hotel und bietet seinen G\u00e4sten ein einzigartiges Urlaubserlebnis, das ausschlie\u00dflich f\u00fcr Erwachsene gedacht ist, die Ruhe und Raffinesse suchen. Mit einer Mischung aus Eleganz und Komfort bietet unser Hotel in Bibione eine Umgebung, die absolute Ruhe und Entspannung garantiert.<\/p>\n\n\n\n<div class=\"wp-block-buttons is-layout-flex wp-block-buttons-is-layout-flex\">\n<div class=\"wp-block-button\"><a class=\"wp-block-button__link wp-element-button\" href=\"https:\/\/www.hotelcadoro.com\/de\/pool-und-jacuzzi\/\" target=\"_blank\" rel=\"noreferrer noopener\">Entdecken Sie unsere Sonnenterrasse<\/a><\/div>\n<\/div>\n<\/div><\/div>\n\n\n\n<div class=\"wp-block-group cadoro-7-gallery\"><div class=\"wp-block-group__inner-container is-layout-flow wp-block-group-is-layout-flow\">\n<figure class=\"wp-block-gallery has-nested-images columns-1 is-cropped wp-block-gallery-2 is-layout-flex wp-block-gallery-is-layout-flex\">\n<figure class=\"wp-block-image size-large\"><img loading=\"lazy\" decoding=\"async\" width=\"1024\" height=\"683\" data-id=\"2641\" src=\"https:\/\/www.hotelcadoro.com\/wp-content\/uploads\/2020\/04\/hotel-ca-doro-DucaleVistaMareConSog15-1024x683.jpg\" alt=\"\" class=\"wp-image-2641\" srcset=\"https:\/\/www.hotelcadoro.com\/wp-content\/uploads\/2020\/04\/hotel-ca-doro-DucaleVistaMareConSog15-1024x683.jpg 1024w, https:\/\/www.hotelcadoro.com\/wp-content\/uploads\/2020\/04\/hotel-ca-doro-DucaleVistaMareConSog15-300x200.jpg 300w, https:\/\/www.hotelcadoro.com\/wp-content\/uploads\/2020\/04\/hotel-ca-doro-DucaleVistaMareConSog15-768x512.jpg 768w, https:\/\/www.hotelcadoro.com\/wp-content\/uploads\/2020\/04\/hotel-ca-doro-DucaleVistaMareConSog15.jpg 1200w\" sizes=\"auto, (max-width: 1024px) 100vw, 1024px\" \/><\/figure>\n<\/figure>\n<\/div><\/div>\n\n\n\n<div class=\"wp-block-group cadoro-9\"><div class=\"wp-block-group__inner-container is-layout-flow wp-block-group-is-layout-flow\">\n<h2 class=\"wp-block-heading\">Der Traum vom perfekten Urlaub.<\/h2>\n\n\n\n<h3 class=\"wp-block-heading\"><em>Ein einzigartiges Erlebnis, nur f\u00fcr Erwachsene<\/em><\/h3>\n\n\n\n<p>Das Hotel C\u00e0 D&#8217;oro ist ideal f\u00fcr Paare, die auf der Suche nach Romantik und Intimit\u00e4t sind und einen erholsamen Urlaub verbringen m\u00f6chten. Es bietet exklusive Behandlungen und Verw\u00f6hnprogramme f\u00fcr den perfekten Entspannungsurlaub in Bibione. Vom Whirlpool mit Hydromassage auf der Terrasse \u00fcber exklusive romantische Abendessen bei Kerzenschein bis hin zu einem Drink am Pool &#8211; jedes Detail ist ausschlie\u00dflich f\u00fcr Erwachsene gedacht.<\/p>\n\n\n\n<div class=\"wp-block-buttons is-layout-flex wp-block-buttons-is-layout-flex\">\n<div class=\"wp-block-button\"><a class=\"wp-block-button__link wp-element-button\" href=\"https:\/\/www.simplebooking.it\/ibe\/search?hid=6442&amp;lang=DE&amp;cur=EUR\" target=\"_blank\" rel=\"noreferrer noopener\">Jetzt buchen<\/a><\/div>\n<\/div>\n<\/div><\/div>\n\n\n\n<div class=\"wp-block-group cadoro-8-gallery\"><div class=\"wp-block-group__inner-container is-layout-flow wp-block-group-is-layout-flow\">\n<figure class=\"wp-block-gallery has-nested-images columns-1 is-cropped wp-block-gallery-3 is-layout-flex wp-block-gallery-is-layout-flex\">\n<figure class=\"wp-block-image size-large\"><img loading=\"lazy\" decoding=\"async\" width=\"1024\" height=\"666\" data-id=\"681\" src=\"https:\/\/www.hotelcadoro.com\/wp-content\/uploads\/2020\/04\/home_test_cadoro-1-1024x666.jpg\" alt=\"\" class=\"wp-image-681\" srcset=\"https:\/\/www.hotelcadoro.com\/wp-content\/uploads\/2020\/04\/home_test_cadoro-1-1024x666.jpg 1024w, https:\/\/www.hotelcadoro.com\/wp-content\/uploads\/2020\/04\/home_test_cadoro-1-300x195.jpg 300w, https:\/\/www.hotelcadoro.com\/wp-content\/uploads\/2020\/04\/home_test_cadoro-1-768x499.jpg 768w, https:\/\/www.hotelcadoro.com\/wp-content\/uploads\/2020\/04\/home_test_cadoro-1-1600x1040.jpg 1600w, https:\/\/www.hotelcadoro.com\/wp-content\/uploads\/2020\/04\/home_test_cadoro-1-1536x998.jpg 1536w, https:\/\/www.hotelcadoro.com\/wp-content\/uploads\/2020\/04\/home_test_cadoro-1-1200x780.jpg 1200w, https:\/\/www.hotelcadoro.com\/wp-content\/uploads\/2020\/04\/home_test_cadoro-1-1980x1287.jpg 1980w, https:\/\/www.hotelcadoro.com\/wp-content\/uploads\/2020\/04\/home_test_cadoro-1.jpg 2000w\" sizes=\"auto, (max-width: 1024px) 100vw, 1024px\" \/><\/figure>\n<\/figure>\n<\/div><\/div>\n\n\n\n<div class=\"wp-block-group cadoro-bg-light-gold\"><div class=\"wp-block-group__inner-container is-layout-flow wp-block-group-is-layout-flow\"><\/div><\/div>\n","protected":false},"excerpt":{"rendered":"<p>Hotel C\u00e0 D&#8217;oro: Unvergessliche Erlebnisse, nur f\u00fcr Sie In der bezaubernden Landschaft von Bibione gelegen, pr\u00e4sentiert sich das Hotel C\u00e0 D&#8217;oro als &#8222;Nur f\u00fcr Erwachsene&#8222;-Hotel und bietet seinen G\u00e4sten ein einzigartiges Urlaubserlebnis, das ausschlie\u00dflich f\u00fcr Erwachsene gedacht ist, die Ruhe und Raffinesse suchen. Mit einer Mischung aus Eleganz und Komfort bietet unser Hotel in Bibione [&hellip;]<\/p>\n","protected":false},"author":6,"featured_media":2454,"parent":0,"menu_order":0,"comment_status":"closed","ping_status":"closed","template":"","meta":{"_acf_changed":false,"advgb_blocks_editor_width":"","advgb_blocks_columns_visual_guide":"","footnotes":""},"class_list":["post-3113","page","type-page","status-publish","has-post-thumbnail","hentry"],"acf":[],"yoast_head":"<!-- This site is optimized with the Yoast SEO plugin v25.6 - https:\/\/yoast.com\/wordpress\/plugins\/seo\/ -->\n<title>Adult only - Hotel Ca&#039; D&#039;Oro<\/title>\n<meta name=\"robots\" content=\"index, follow, max-snippet:-1, max-image-preview:large, max-video-preview:-1\" \/>\n<link rel=\"canonical\" href=\"https:\/\/www.hotelcadoro.com\/de\/adult-only\/\" \/>\n<meta property=\"og:locale\" content=\"de_DE\" \/>\n<meta property=\"og:type\" content=\"article\" \/>\n<meta property=\"og:title\" content=\"Adult only - Hotel Ca&#039; D&#039;Oro\" \/>\n<meta property=\"og:description\" content=\"Hotel C\u00e0 D&#8217;oro: Unvergessliche Erlebnisse, nur f\u00fcr Sie In der bezaubernden Landschaft von Bibione gelegen, pr\u00e4sentiert sich das Hotel C\u00e0 D&#8217;oro als &#8222;Nur f\u00fcr Erwachsene&#8222;-Hotel und bietet seinen G\u00e4sten ein einzigartiges Urlaubserlebnis, das ausschlie\u00dflich f\u00fcr Erwachsene gedacht ist, die Ruhe und Raffinesse suchen. Mit einer Mischung aus Eleganz und Komfort bietet unser Hotel in Bibione [&hellip;]\" \/>\n<meta property=\"og:url\" content=\"https:\/\/www.hotelcadoro.com\/de\/adult-only\/\" \/>\n<meta property=\"og:site_name\" content=\"Hotel Ca&#039; D&#039;Oro\" \/>\n<meta property=\"article:modified_time\" content=\"2024-04-19T10:12:47+00:00\" \/>\n<meta property=\"og:image\" content=\"https:\/\/www.hotelcadoro.com\/wp-content\/uploads\/2021\/07\/hotel-ca-doro-JacuzziConSog6.jpg\" \/>\n\t<meta property=\"og:image:width\" content=\"1200\" \/>\n\t<meta property=\"og:image:height\" content=\"800\" \/>\n\t<meta property=\"og:image:type\" content=\"image\/jpeg\" \/>\n<meta name=\"twitter:card\" content=\"summary_large_image\" \/>\n<meta name=\"twitter:label1\" content=\"Gesch\u00e4tzte Lesezeit\" \/>\n\t<meta name=\"twitter:data1\" content=\"2\u00a0Minuten\" \/>\n<script type=\"application\/ld+json\" class=\"yoast-schema-graph\">{\"@context\":\"https:\/\/schema.org\",\"@graph\":[{\"@type\":\"WebPage\",\"@id\":\"https:\/\/www.hotelcadoro.com\/de\/adult-only\/\",\"url\":\"https:\/\/www.hotelcadoro.com\/de\/adult-only\/\",\"name\":\"Adult only - Hotel Ca&#039; D&#039;Oro\",\"isPartOf\":{\"@id\":\"https:\/\/www.hotelcadoro.com\/de\/#website\"},\"primaryImageOfPage\":{\"@id\":\"https:\/\/www.hotelcadoro.com\/de\/adult-only\/#primaryimage\"},\"image\":{\"@id\":\"https:\/\/www.hotelcadoro.com\/de\/adult-only\/#primaryimage\"},\"thumbnailUrl\":\"https:\/\/www.hotelcadoro.com\/wp-content\/uploads\/2021\/07\/hotel-ca-doro-JacuzziConSog6.jpg\",\"datePublished\":\"2024-04-19T10:12:45+00:00\",\"dateModified\":\"2024-04-19T10:12:47+00:00\",\"breadcrumb\":{\"@id\":\"https:\/\/www.hotelcadoro.com\/de\/adult-only\/#breadcrumb\"},\"inLanguage\":\"de\",\"potentialAction\":[{\"@type\":\"ReadAction\",\"target\":[\"https:\/\/www.hotelcadoro.com\/de\/adult-only\/\"]}]},{\"@type\":\"ImageObject\",\"inLanguage\":\"de\",\"@id\":\"https:\/\/www.hotelcadoro.com\/de\/adult-only\/#primaryimage\",\"url\":\"https:\/\/www.hotelcadoro.com\/wp-content\/uploads\/2021\/07\/hotel-ca-doro-JacuzziConSog6.jpg\",\"contentUrl\":\"https:\/\/www.hotelcadoro.com\/wp-content\/uploads\/2021\/07\/hotel-ca-doro-JacuzziConSog6.jpg\",\"width\":1200,\"height\":800,\"caption\":\"Ragazza in piscina mentre beve un drink\"},{\"@type\":\"BreadcrumbList\",\"@id\":\"https:\/\/www.hotelcadoro.com\/de\/adult-only\/#breadcrumb\",\"itemListElement\":[{\"@type\":\"ListItem\",\"position\":1,\"name\":\"Home\",\"item\":\"https:\/\/www.hotelcadoro.com\/de\/\"},{\"@type\":\"ListItem\",\"position\":2,\"name\":\"Adult only\"}]},{\"@type\":\"WebSite\",\"@id\":\"https:\/\/www.hotelcadoro.com\/de\/#website\",\"url\":\"https:\/\/www.hotelcadoro.com\/de\/\",\"name\":\"Hotel Ca&#039; D&#039;Oro\",\"description\":\"\",\"publisher\":{\"@id\":\"https:\/\/www.hotelcadoro.com\/de\/#organization\"},\"potentialAction\":[{\"@type\":\"SearchAction\",\"target\":{\"@type\":\"EntryPoint\",\"urlTemplate\":\"https:\/\/www.hotelcadoro.com\/de\/?s={search_term_string}\"},\"query-input\":{\"@type\":\"PropertyValueSpecification\",\"valueRequired\":true,\"valueName\":\"search_term_string\"}}],\"inLanguage\":\"de\"},{\"@type\":\"Organization\",\"@id\":\"https:\/\/www.hotelcadoro.com\/de\/#organization\",\"name\":\"Hotel Ca' D'Oro\",\"url\":\"https:\/\/www.hotelcadoro.com\/de\/\",\"logo\":{\"@type\":\"ImageObject\",\"inLanguage\":\"de\",\"@id\":\"https:\/\/www.hotelcadoro.com\/de\/#\/schema\/logo\/image\/\",\"url\":\"https:\/\/www.hotelcadoro.com\/wp-content\/uploads\/2020\/03\/logo.png\",\"contentUrl\":\"https:\/\/www.hotelcadoro.com\/wp-content\/uploads\/2020\/03\/logo.png\",\"width\":528,\"height\":400,\"caption\":\"Hotel Ca' D'Oro\"},\"image\":{\"@id\":\"https:\/\/www.hotelcadoro.com\/de\/#\/schema\/logo\/image\/\"}}]}<\/script>\n<!-- \/ Yoast SEO plugin. -->","yoast_head_json":{"title":"Adult only - Hotel Ca&#039; D&#039;Oro","robots":{"index":"index","follow":"follow","max-snippet":"max-snippet:-1","max-image-preview":"max-image-preview:large","max-video-preview":"max-video-preview:-1"},"canonical":"https:\/\/www.hotelcadoro.com\/de\/adult-only\/","og_locale":"de_DE","og_type":"article","og_title":"Adult only - Hotel Ca&#039; D&#039;Oro","og_description":"Hotel C\u00e0 D&#8217;oro: Unvergessliche Erlebnisse, nur f\u00fcr Sie In der bezaubernden Landschaft von Bibione gelegen, pr\u00e4sentiert sich das Hotel C\u00e0 D&#8217;oro als &#8222;Nur f\u00fcr Erwachsene&#8222;-Hotel und bietet seinen G\u00e4sten ein einzigartiges Urlaubserlebnis, das ausschlie\u00dflich f\u00fcr Erwachsene gedacht ist, die Ruhe und Raffinesse suchen. Mit einer Mischung aus Eleganz und Komfort bietet unser Hotel in Bibione [&hellip;]","og_url":"https:\/\/www.hotelcadoro.com\/de\/adult-only\/","og_site_name":"Hotel Ca&#039; D&#039;Oro","article_modified_time":"2024-04-19T10:12:47+00:00","og_image":[{"width":1200,"height":800,"url":"https:\/\/www.hotelcadoro.com\/wp-content\/uploads\/2021\/07\/hotel-ca-doro-JacuzziConSog6.jpg","type":"image\/jpeg"}],"twitter_card":"summary_large_image","twitter_misc":{"Gesch\u00e4tzte Lesezeit":"2\u00a0Minuten"},"schema":{"@context":"https:\/\/schema.org","@graph":[{"@type":"WebPage","@id":"https:\/\/www.hotelcadoro.com\/de\/adult-only\/","url":"https:\/\/www.hotelcadoro.com\/de\/adult-only\/","name":"Adult only - Hotel Ca&#039; D&#039;Oro","isPartOf":{"@id":"https:\/\/www.hotelcadoro.com\/de\/#website"},"primaryImageOfPage":{"@id":"https:\/\/www.hotelcadoro.com\/de\/adult-only\/#primaryimage"},"image":{"@id":"https:\/\/www.hotelcadoro.com\/de\/adult-only\/#primaryimage"},"thumbnailUrl":"https:\/\/www.hotelcadoro.com\/wp-content\/uploads\/2021\/07\/hotel-ca-doro-JacuzziConSog6.jpg","datePublished":"2024-04-19T10:12:45+00:00","dateModified":"2024-04-19T10:12:47+00:00","breadcrumb":{"@id":"https:\/\/www.hotelcadoro.com\/de\/adult-only\/#breadcrumb"},"inLanguage":"de","potentialAction":[{"@type":"ReadAction","target":["https:\/\/www.hotelcadoro.com\/de\/adult-only\/"]}]},{"@type":"ImageObject","inLanguage":"de","@id":"https:\/\/www.hotelcadoro.com\/de\/adult-only\/#primaryimage","url":"https:\/\/www.hotelcadoro.com\/wp-content\/uploads\/2021\/07\/hotel-ca-doro-JacuzziConSog6.jpg","contentUrl":"https:\/\/www.hotelcadoro.com\/wp-content\/uploads\/2021\/07\/hotel-ca-doro-JacuzziConSog6.jpg","width":1200,"height":800,"caption":"Ragazza in piscina mentre beve un drink"},{"@type":"BreadcrumbList","@id":"https:\/\/www.hotelcadoro.com\/de\/adult-only\/#breadcrumb","itemListElement":[{"@type":"ListItem","position":1,"name":"Home","item":"https:\/\/www.hotelcadoro.com\/de\/"},{"@type":"ListItem","position":2,"name":"Adult only"}]},{"@type":"WebSite","@id":"https:\/\/www.hotelcadoro.com\/de\/#website","url":"https:\/\/www.hotelcadoro.com\/de\/","name":"Hotel Ca&#039; D&#039;Oro","description":"","publisher":{"@id":"https:\/\/www.hotelcadoro.com\/de\/#organization"},"potentialAction":[{"@type":"SearchAction","target":{"@type":"EntryPoint","urlTemplate":"https:\/\/www.hotelcadoro.com\/de\/?s={search_term_string}"},"query-input":{"@type":"PropertyValueSpecification","valueRequired":true,"valueName":"search_term_string"}}],"inLanguage":"de"},{"@type":"Organization","@id":"https:\/\/www.hotelcadoro.com\/de\/#organization","name":"Hotel Ca' D'Oro","url":"https:\/\/www.hotelcadoro.com\/de\/","logo":{"@type":"ImageObject","inLanguage":"de","@id":"https:\/\/www.hotelcadoro.com\/de\/#\/schema\/logo\/image\/","url":"https:\/\/www.hotelcadoro.com\/wp-content\/uploads\/2020\/03\/logo.png","contentUrl":"https:\/\/www.hotelcadoro.com\/wp-content\/uploads\/2020\/03\/logo.png","width":528,"height":400,"caption":"Hotel Ca' D'Oro"},"image":{"@id":"https:\/\/www.hotelcadoro.com\/de\/#\/schema\/logo\/image\/"}}]}},"coauthors":[],"author_meta":{"author_link":"https:\/\/www.hotelcadoro.com\/de\/author\/marcop\/","display_name":"MarcoP"},"relative_dates":{"created":"Posted 2\u00a0Jahren ago","modified":"Updated 2\u00a0Jahren ago"},"absolute_dates":{"created":"Posted on 19 April 2024","modified":"Updated on 19 April 2024"},"absolute_dates_time":{"created":"Posted on 19 April 2024 12:12","modified":"Updated on 19 April 2024 12:12"},"featured_img_caption":"","featured_img":"https:\/\/www.hotelcadoro.com\/wp-content\/uploads\/2021\/07\/hotel-ca-doro-JacuzziConSog6.jpg","series_order":"","_links":{"self":[{"href":"https:\/\/www.hotelcadoro.com\/de\/wp-json\/wp\/v2\/pages\/3113","targetHints":{"allow":["GET"]}}],"collection":[{"href":"https:\/\/www.hotelcadoro.com\/de\/wp-json\/wp\/v2\/pages"}],"about":[{"href":"https:\/\/www.hotelcadoro.com\/de\/wp-json\/wp\/v2\/types\/page"}],"author":[{"embeddable":true,"href":"https:\/\/www.hotelcadoro.com\/de\/wp-json\/wp\/v2\/users\/6"}],"replies":[{"embeddable":true,"href":"https:\/\/www.hotelcadoro.com\/de\/wp-json\/wp\/v2\/comments?post=3113"}],"version-history":[{"count":3,"href":"https:\/\/www.hotelcadoro.com\/de\/wp-json\/wp\/v2\/pages\/3113\/revisions"}],"predecessor-version":[{"id":3120,"href":"https:\/\/www.hotelcadoro.com\/de\/wp-json\/wp\/v2\/pages\/3113\/revisions\/3120"}],"wp:featuredmedia":[{"embeddable":true,"href":"https:\/\/www.hotelcadoro.com\/de\/wp-json\/wp\/v2\/media\/2454"}],"wp:attachment":[{"href":"https:\/\/www.hotelcadoro.com\/de\/wp-json\/wp\/v2\/media?parent=3113"}],"curies":[{"name":"wp","href":"https:\/\/api.w.org\/{rel}","templated":true}]}}