{"id":3075,"date":"2024-04-19T12:17:08","date_gmt":"2024-04-19T10:17:08","guid":{"rendered":"https:\/\/www.hotelcadoro.com\/?page_id=3075"},"modified":"2024-04-19T12:17:10","modified_gmt":"2024-04-19T10:17:10","slug":"strand","status":"publish","type":"page","link":"https:\/\/www.hotelcadoro.com\/de\/strand\/","title":{"rendered":"Strand"},"content":{"rendered":"\n<div class=\"wp-block-group cadoro-bg-gold-small-l\"><div class=\"wp-block-group__inner-container is-layout-flow wp-block-group-is-layout-flow\"><\/div><\/div>\n\n\n\n<div class=\"wp-block-group cadoro-1\"><div class=\"wp-block-group__inner-container is-layout-flow wp-block-group-is-layout-flow\">\n<h2 class=\"wp-block-heading\">Strand von Bibione<\/h2>\n\n\n\n<p><br><br>Unser Hotel bietet ein exklusives Stranderlebnis in <strong>Bibione<\/strong>, das nur zwei Gehminuten von unserem <strong>Privatstrand<\/strong> entfernt ist.<\/p>\n\n\n\n<p>Der <strong>Strand von Bibione<\/strong>, weitl\u00e4ufig und ruhig, bietet ein idyllisches Refugium f\u00fcr Paare auf der Suche nach Ruhe. Die enorme goldene Fl\u00e4che garantiert Privatsph\u00e4re und Frieden, fernab der Menschenmassen, umh\u00fcllt von einer Atmosph\u00e4re purer Entspannung.<\/p>\n<\/div><\/div>\n\n\n\n<div class=\"wp-block-group cadoro-2-gallery\"><div class=\"wp-block-group__inner-container is-layout-flow wp-block-group-is-layout-flow\">\n<figure class=\"wp-block-gallery has-nested-images columns-default is-cropped wp-block-gallery-2 is-layout-flex wp-block-gallery-is-layout-flex\">\n<figure class=\"wp-block-image size-full\"><img loading=\"lazy\" decoding=\"async\" width=\"800\" height=\"560\" data-id=\"1713\" src=\"https:\/\/www.hotelcadoro.com\/wp-content\/uploads\/2020\/04\/bibione_spiaggia_01.jpg\" alt=\"\" class=\"wp-image-1713\" srcset=\"https:\/\/www.hotelcadoro.com\/wp-content\/uploads\/2020\/04\/bibione_spiaggia_01.jpg 800w, https:\/\/www.hotelcadoro.com\/wp-content\/uploads\/2020\/04\/bibione_spiaggia_01-300x210.jpg 300w, https:\/\/www.hotelcadoro.com\/wp-content\/uploads\/2020\/04\/bibione_spiaggia_01-768x538.jpg 768w\" sizes=\"auto, (max-width: 800px) 100vw, 800px\" \/><\/figure>\n\n\n\n<figure class=\"wp-block-image size-full\"><img loading=\"lazy\" decoding=\"async\" width=\"800\" height=\"560\" data-id=\"1719\" src=\"https:\/\/www.hotelcadoro.com\/wp-content\/uploads\/2020\/04\/bibione_spiaggia_03.jpg\" alt=\"\" class=\"wp-image-1719\" srcset=\"https:\/\/www.hotelcadoro.com\/wp-content\/uploads\/2020\/04\/bibione_spiaggia_03.jpg 800w, https:\/\/www.hotelcadoro.com\/wp-content\/uploads\/2020\/04\/bibione_spiaggia_03-300x210.jpg 300w, https:\/\/www.hotelcadoro.com\/wp-content\/uploads\/2020\/04\/bibione_spiaggia_03-768x538.jpg 768w\" sizes=\"auto, (max-width: 800px) 100vw, 800px\" \/><\/figure>\n\n\n\n<figure class=\"wp-block-image size-full\"><img loading=\"lazy\" decoding=\"async\" width=\"800\" height=\"560\" data-id=\"1710\" src=\"https:\/\/www.hotelcadoro.com\/wp-content\/uploads\/2020\/04\/bibione_smoke-free-beach-senza-fumo.jpg\" alt=\"\" class=\"wp-image-1710\" srcset=\"https:\/\/www.hotelcadoro.com\/wp-content\/uploads\/2020\/04\/bibione_smoke-free-beach-senza-fumo.jpg 800w, https:\/\/www.hotelcadoro.com\/wp-content\/uploads\/2020\/04\/bibione_smoke-free-beach-senza-fumo-300x210.jpg 300w, https:\/\/www.hotelcadoro.com\/wp-content\/uploads\/2020\/04\/bibione_smoke-free-beach-senza-fumo-768x538.jpg 768w\" sizes=\"auto, (max-width: 800px) 100vw, 800px\" \/><\/figure>\n\n\n\n<figure class=\"wp-block-image size-large\"><img loading=\"lazy\" decoding=\"async\" width=\"1024\" height=\"681\" data-id=\"2466\" src=\"https:\/\/www.hotelcadoro.com\/wp-content\/uploads\/2021\/07\/hotel-ca-doro-SpiaggiaConSoggetto3-1024x681.jpg\" alt=\"\" class=\"wp-image-2466\" srcset=\"https:\/\/www.hotelcadoro.com\/wp-content\/uploads\/2021\/07\/hotel-ca-doro-SpiaggiaConSoggetto3-1024x681.jpg 1024w, https:\/\/www.hotelcadoro.com\/wp-content\/uploads\/2021\/07\/hotel-ca-doro-SpiaggiaConSoggetto3-300x200.jpg 300w, https:\/\/www.hotelcadoro.com\/wp-content\/uploads\/2021\/07\/hotel-ca-doro-SpiaggiaConSoggetto3-768x511.jpg 768w, https:\/\/www.hotelcadoro.com\/wp-content\/uploads\/2021\/07\/hotel-ca-doro-SpiaggiaConSoggetto3.jpg 1200w\" sizes=\"auto, (max-width: 1024px) 100vw, 1024px\" \/><\/figure>\n\n\n\n<figure class=\"wp-block-image size-full\"><img loading=\"lazy\" decoding=\"async\" width=\"821\" height=\"687\" data-id=\"2434\" src=\"https:\/\/www.hotelcadoro.com\/wp-content\/uploads\/2021\/07\/Hotel_CaDOro_Spiaggia-1024x686-1.jpg\" alt=\"\" class=\"wp-image-2434\" srcset=\"https:\/\/www.hotelcadoro.com\/wp-content\/uploads\/2021\/07\/Hotel_CaDOro_Spiaggia-1024x686-1.jpg 821w, https:\/\/www.hotelcadoro.com\/wp-content\/uploads\/2021\/07\/Hotel_CaDOro_Spiaggia-1024x686-1-300x251.jpg 300w, https:\/\/www.hotelcadoro.com\/wp-content\/uploads\/2021\/07\/Hotel_CaDOro_Spiaggia-1024x686-1-768x643.jpg 768w\" sizes=\"auto, (max-width: 821px) 100vw, 821px\" \/><\/figure>\n<\/figure>\n<\/div><\/div>\n","protected":false},"excerpt":{"rendered":"<p>Strand von Bibione Unser Hotel bietet ein exklusives Stranderlebnis in Bibione, das nur zwei Gehminuten von unserem Privatstrand entfernt ist. Der Strand von Bibione, weitl\u00e4ufig und ruhig, bietet ein idyllisches Refugium f\u00fcr Paare auf der Suche nach Ruhe. Die enorme goldene Fl\u00e4che garantiert Privatsph\u00e4re und Frieden, fernab der Menschenmassen, umh\u00fcllt von einer Atmosph\u00e4re purer Entspannung.<\/p>\n","protected":false},"author":6,"featured_media":1778,"parent":0,"menu_order":0,"comment_status":"closed","ping_status":"closed","template":"","meta":{"_acf_changed":false,"advgb_blocks_editor_width":"","advgb_blocks_columns_visual_guide":"","footnotes":""},"class_list":["post-3075","page","type-page","status-publish","has-post-thumbnail","hentry"],"acf":[],"yoast_head":"<!-- This site is optimized with the Yoast SEO plugin v25.6 - https:\/\/yoast.com\/wordpress\/plugins\/seo\/ -->\n<title>Strand - Hotel Ca&#039; D&#039;Oro - Drei-Sterne-Oberin in Bibione<\/title>\n<meta name=\"robots\" content=\"index, follow, max-snippet:-1, max-image-preview:large, max-video-preview:-1\" \/>\n<link rel=\"canonical\" href=\"https:\/\/www.hotelcadoro.com\/de\/strand\/\" \/>\n<meta property=\"og:locale\" content=\"de_DE\" \/>\n<meta property=\"og:type\" content=\"article\" \/>\n<meta property=\"og:title\" content=\"Strand - Hotel Ca&#039; D&#039;Oro - Drei-Sterne-Oberin in Bibione\" \/>\n<meta property=\"og:description\" content=\"Strand von Bibione Unser Hotel bietet ein exklusives Stranderlebnis in Bibione, das nur zwei Gehminuten von unserem Privatstrand entfernt ist. Der Strand von Bibione, weitl\u00e4ufig und ruhig, bietet ein idyllisches Refugium f\u00fcr Paare auf der Suche nach Ruhe. Die enorme goldene Fl\u00e4che garantiert Privatsph\u00e4re und Frieden, fernab der Menschenmassen, umh\u00fcllt von einer Atmosph\u00e4re purer Entspannung.\" \/>\n<meta property=\"og:url\" content=\"https:\/\/www.hotelcadoro.com\/de\/strand\/\" \/>\n<meta property=\"og:site_name\" content=\"Hotel Ca&#039; D&#039;Oro\" \/>\n<meta property=\"article:modified_time\" content=\"2024-04-19T10:17:10+00:00\" \/>\n<meta property=\"og:image\" content=\"https:\/\/www.hotelcadoro.com\/wp-content\/uploads\/2020\/04\/Banner_bibione-1.jpg\" \/>\n\t<meta property=\"og:image:width\" content=\"2000\" \/>\n\t<meta property=\"og:image:height\" content=\"490\" \/>\n\t<meta property=\"og:image:type\" content=\"image\/jpeg\" \/>\n<meta name=\"twitter:card\" content=\"summary_large_image\" \/>\n<meta name=\"twitter:label1\" content=\"Gesch\u00e4tzte Lesezeit\" \/>\n\t<meta name=\"twitter:data1\" content=\"2\u00a0Minuten\" \/>\n<script type=\"application\/ld+json\" class=\"yoast-schema-graph\">{\"@context\":\"https:\/\/schema.org\",\"@graph\":[{\"@type\":\"WebPage\",\"@id\":\"https:\/\/www.hotelcadoro.com\/de\/strand\/\",\"url\":\"https:\/\/www.hotelcadoro.com\/de\/strand\/\",\"name\":\"Strand - Hotel Ca&#039; D&#039;Oro - Drei-Sterne-Oberin in Bibione\",\"isPartOf\":{\"@id\":\"https:\/\/www.hotelcadoro.com\/de\/#website\"},\"primaryImageOfPage\":{\"@id\":\"https:\/\/www.hotelcadoro.com\/de\/strand\/#primaryimage\"},\"image\":{\"@id\":\"https:\/\/www.hotelcadoro.com\/de\/strand\/#primaryimage\"},\"thumbnailUrl\":\"https:\/\/www.hotelcadoro.com\/wp-content\/uploads\/2020\/04\/Banner_bibione-1.jpg\",\"datePublished\":\"2024-04-19T10:17:08+00:00\",\"dateModified\":\"2024-04-19T10:17:10+00:00\",\"breadcrumb\":{\"@id\":\"https:\/\/www.hotelcadoro.com\/de\/strand\/#breadcrumb\"},\"inLanguage\":\"de\",\"potentialAction\":[{\"@type\":\"ReadAction\",\"target\":[\"https:\/\/www.hotelcadoro.com\/de\/strand\/\"]}]},{\"@type\":\"ImageObject\",\"inLanguage\":\"de\",\"@id\":\"https:\/\/www.hotelcadoro.com\/de\/strand\/#primaryimage\",\"url\":\"https:\/\/www.hotelcadoro.com\/wp-content\/uploads\/2020\/04\/Banner_bibione-1.jpg\",\"contentUrl\":\"https:\/\/www.hotelcadoro.com\/wp-content\/uploads\/2020\/04\/Banner_bibione-1.jpg\",\"width\":2000,\"height\":490,\"caption\":\"Spiaggia di Bibione\"},{\"@type\":\"BreadcrumbList\",\"@id\":\"https:\/\/www.hotelcadoro.com\/de\/strand\/#breadcrumb\",\"itemListElement\":[{\"@type\":\"ListItem\",\"position\":1,\"name\":\"Home\",\"item\":\"https:\/\/www.hotelcadoro.com\/de\/\"},{\"@type\":\"ListItem\",\"position\":2,\"name\":\"Strand\"}]},{\"@type\":\"WebSite\",\"@id\":\"https:\/\/www.hotelcadoro.com\/de\/#website\",\"url\":\"https:\/\/www.hotelcadoro.com\/de\/\",\"name\":\"Hotel Ca&#039; D&#039;Oro\",\"description\":\"\",\"publisher\":{\"@id\":\"https:\/\/www.hotelcadoro.com\/de\/#organization\"},\"potentialAction\":[{\"@type\":\"SearchAction\",\"target\":{\"@type\":\"EntryPoint\",\"urlTemplate\":\"https:\/\/www.hotelcadoro.com\/de\/?s={search_term_string}\"},\"query-input\":{\"@type\":\"PropertyValueSpecification\",\"valueRequired\":true,\"valueName\":\"search_term_string\"}}],\"inLanguage\":\"de\"},{\"@type\":\"Organization\",\"@id\":\"https:\/\/www.hotelcadoro.com\/de\/#organization\",\"name\":\"Hotel Ca' D'Oro\",\"url\":\"https:\/\/www.hotelcadoro.com\/de\/\",\"logo\":{\"@type\":\"ImageObject\",\"inLanguage\":\"de\",\"@id\":\"https:\/\/www.hotelcadoro.com\/de\/#\/schema\/logo\/image\/\",\"url\":\"https:\/\/www.hotelcadoro.com\/wp-content\/uploads\/2020\/03\/logo.png\",\"contentUrl\":\"https:\/\/www.hotelcadoro.com\/wp-content\/uploads\/2020\/03\/logo.png\",\"width\":528,\"height\":400,\"caption\":\"Hotel Ca' D'Oro\"},\"image\":{\"@id\":\"https:\/\/www.hotelcadoro.com\/de\/#\/schema\/logo\/image\/\"}}]}<\/script>\n<!-- \/ Yoast SEO plugin. -->","yoast_head_json":{"title":"Strand - Hotel Ca&#039; D&#039;Oro - Drei-Sterne-Oberin in Bibione","robots":{"index":"index","follow":"follow","max-snippet":"max-snippet:-1","max-image-preview":"max-image-preview:large","max-video-preview":"max-video-preview:-1"},"canonical":"https:\/\/www.hotelcadoro.com\/de\/strand\/","og_locale":"de_DE","og_type":"article","og_title":"Strand - Hotel Ca&#039; D&#039;Oro - Drei-Sterne-Oberin in Bibione","og_description":"Strand von Bibione Unser Hotel bietet ein exklusives Stranderlebnis in Bibione, das nur zwei Gehminuten von unserem Privatstrand entfernt ist. Der Strand von Bibione, weitl\u00e4ufig und ruhig, bietet ein idyllisches Refugium f\u00fcr Paare auf der Suche nach Ruhe. Die enorme goldene Fl\u00e4che garantiert Privatsph\u00e4re und Frieden, fernab der Menschenmassen, umh\u00fcllt von einer Atmosph\u00e4re purer Entspannung.","og_url":"https:\/\/www.hotelcadoro.com\/de\/strand\/","og_site_name":"Hotel Ca&#039; D&#039;Oro","article_modified_time":"2024-04-19T10:17:10+00:00","og_image":[{"width":2000,"height":490,"url":"https:\/\/www.hotelcadoro.com\/wp-content\/uploads\/2020\/04\/Banner_bibione-1.jpg","type":"image\/jpeg"}],"twitter_card":"summary_large_image","twitter_misc":{"Gesch\u00e4tzte Lesezeit":"2\u00a0Minuten"},"schema":{"@context":"https:\/\/schema.org","@graph":[{"@type":"WebPage","@id":"https:\/\/www.hotelcadoro.com\/de\/strand\/","url":"https:\/\/www.hotelcadoro.com\/de\/strand\/","name":"Strand - Hotel Ca&#039; D&#039;Oro - Drei-Sterne-Oberin in Bibione","isPartOf":{"@id":"https:\/\/www.hotelcadoro.com\/de\/#website"},"primaryImageOfPage":{"@id":"https:\/\/www.hotelcadoro.com\/de\/strand\/#primaryimage"},"image":{"@id":"https:\/\/www.hotelcadoro.com\/de\/strand\/#primaryimage"},"thumbnailUrl":"https:\/\/www.hotelcadoro.com\/wp-content\/uploads\/2020\/04\/Banner_bibione-1.jpg","datePublished":"2024-04-19T10:17:08+00:00","dateModified":"2024-04-19T10:17:10+00:00","breadcrumb":{"@id":"https:\/\/www.hotelcadoro.com\/de\/strand\/#breadcrumb"},"inLanguage":"de","potentialAction":[{"@type":"ReadAction","target":["https:\/\/www.hotelcadoro.com\/de\/strand\/"]}]},{"@type":"ImageObject","inLanguage":"de","@id":"https:\/\/www.hotelcadoro.com\/de\/strand\/#primaryimage","url":"https:\/\/www.hotelcadoro.com\/wp-content\/uploads\/2020\/04\/Banner_bibione-1.jpg","contentUrl":"https:\/\/www.hotelcadoro.com\/wp-content\/uploads\/2020\/04\/Banner_bibione-1.jpg","width":2000,"height":490,"caption":"Spiaggia di Bibione"},{"@type":"BreadcrumbList","@id":"https:\/\/www.hotelcadoro.com\/de\/strand\/#breadcrumb","itemListElement":[{"@type":"ListItem","position":1,"name":"Home","item":"https:\/\/www.hotelcadoro.com\/de\/"},{"@type":"ListItem","position":2,"name":"Strand"}]},{"@type":"WebSite","@id":"https:\/\/www.hotelcadoro.com\/de\/#website","url":"https:\/\/www.hotelcadoro.com\/de\/","name":"Hotel Ca&#039; D&#039;Oro","description":"","publisher":{"@id":"https:\/\/www.hotelcadoro.com\/de\/#organization"},"potentialAction":[{"@type":"SearchAction","target":{"@type":"EntryPoint","urlTemplate":"https:\/\/www.hotelcadoro.com\/de\/?s={search_term_string}"},"query-input":{"@type":"PropertyValueSpecification","valueRequired":true,"valueName":"search_term_string"}}],"inLanguage":"de"},{"@type":"Organization","@id":"https:\/\/www.hotelcadoro.com\/de\/#organization","name":"Hotel Ca' D'Oro","url":"https:\/\/www.hotelcadoro.com\/de\/","logo":{"@type":"ImageObject","inLanguage":"de","@id":"https:\/\/www.hotelcadoro.com\/de\/#\/schema\/logo\/image\/","url":"https:\/\/www.hotelcadoro.com\/wp-content\/uploads\/2020\/03\/logo.png","contentUrl":"https:\/\/www.hotelcadoro.com\/wp-content\/uploads\/2020\/03\/logo.png","width":528,"height":400,"caption":"Hotel Ca' D'Oro"},"image":{"@id":"https:\/\/www.hotelcadoro.com\/de\/#\/schema\/logo\/image\/"}}]}},"coauthors":[],"author_meta":{"author_link":"https:\/\/www.hotelcadoro.com\/de\/author\/marcop\/","display_name":"MarcoP"},"relative_dates":{"created":"Posted 2\u00a0Jahren ago","modified":"Updated 2\u00a0Jahren ago"},"absolute_dates":{"created":"Posted on 19 April 2024","modified":"Updated on 19 April 2024"},"absolute_dates_time":{"created":"Posted on 19 April 2024 12:17","modified":"Updated on 19 April 2024 12:17"},"featured_img_caption":"","featured_img":"https:\/\/www.hotelcadoro.com\/wp-content\/uploads\/2020\/04\/Banner_bibione-1-1200x294.jpg","series_order":"","_links":{"self":[{"href":"https:\/\/www.hotelcadoro.com\/de\/wp-json\/wp\/v2\/pages\/3075","targetHints":{"allow":["GET"]}}],"collection":[{"href":"https:\/\/www.hotelcadoro.com\/de\/wp-json\/wp\/v2\/pages"}],"about":[{"href":"https:\/\/www.hotelcadoro.com\/de\/wp-json\/wp\/v2\/types\/page"}],"author":[{"embeddable":true,"href":"https:\/\/www.hotelcadoro.com\/de\/wp-json\/wp\/v2\/users\/6"}],"replies":[{"embeddable":true,"href":"https:\/\/www.hotelcadoro.com\/de\/wp-json\/wp\/v2\/comments?post=3075"}],"version-history":[{"count":5,"href":"https:\/\/www.hotelcadoro.com\/de\/wp-json\/wp\/v2\/pages\/3075\/revisions"}],"predecessor-version":[{"id":3092,"href":"https:\/\/www.hotelcadoro.com\/de\/wp-json\/wp\/v2\/pages\/3075\/revisions\/3092"}],"wp:featuredmedia":[{"embeddable":true,"href":"https:\/\/www.hotelcadoro.com\/de\/wp-json\/wp\/v2\/media\/1778"}],"wp:attachment":[{"href":"https:\/\/www.hotelcadoro.com\/de\/wp-json\/wp\/v2\/media?parent=3075"}],"curies":[{"name":"wp","href":"https:\/\/api.w.org\/{rel}","templated":true}]}}