{"id":2319,"date":"2020-05-28T11:58:29","date_gmt":"2020-05-28T09:58:29","guid":{"rendered":"https:\/\/www.hotelcadoro.com\/vacanze-sicure\/"},"modified":"2021-02-24T16:00:11","modified_gmt":"2021-02-24T15:00:11","slug":"vacanze-sicure","status":"publish","type":"page","link":"https:\/\/www.hotelcadoro.com\/de\/vacanze-sicure\/","title":{"rendered":"Sicherer Urlaub"},"content":{"rendered":"\n<div class=\"wp-block-group alignfull anti-covid\"><div class=\"wp-block-group__inner-container is-layout-flow wp-block-group-is-layout-flow\">\n<p class=\"has-text-align-left\"><strong>IHRE SICHERHEIT IST UNSERE PRIORIT\u00c4T #SAFETYFIRST<\/strong><\/p>\n<\/div><\/div>\n\n\n\n<div class=\"wp-block-media-text alignwide is-stacked-on-mobile\" style=\"grid-template-columns:15% auto\"><figure class=\"wp-block-media-text__media\"><img loading=\"lazy\" decoding=\"async\" width=\"260\" height=\"260\" src=\"https:\/\/www.hotelcadoro.com\/wp-content\/uploads\/2021\/02\/Biasuzzi_Entrata_Uscita.png\" alt=\"\" class=\"wp-image-2308 size-full\" srcset=\"https:\/\/www.hotelcadoro.com\/wp-content\/uploads\/2021\/02\/Biasuzzi_Entrata_Uscita.png 260w, https:\/\/www.hotelcadoro.com\/wp-content\/uploads\/2021\/02\/Biasuzzi_Entrata_Uscita-150x150.png 150w\" sizes=\"auto, (max-width: 260px) 100vw, 260px\" \/><\/figure><div class=\"wp-block-media-text__content\">\n<h3 class=\"wp-block-heading\"><strong>ANKUFT AN DER REZEPTION<\/strong><\/h3>\n\n\n\n<p>Die Rezeption ist mit einer <strong>Plexiglas Barriere <\/strong>ausgestattet.<br><strong>Desinfektions-Spender <\/strong>stehen in jedem unserer R\u00e4umlichkeiten zur Verf\u00fcgung und m\u00f6chten Sie bitten davon Gebraucht zu machen<strong>.<\/strong><\/p>\n<\/div><\/div>\n\n\n\n<div class=\"wp-block-media-text alignwide is-stacked-on-mobile\" style=\"grid-template-columns:15% auto\"><figure class=\"wp-block-media-text__media\"><img loading=\"lazy\" decoding=\"async\" width=\"260\" height=\"260\" src=\"https:\/\/www.hotelcadoro.com\/wp-content\/uploads\/2021\/02\/Biasuzzi_Camera.png\" alt=\"\" class=\"wp-image-2296 size-full\" srcset=\"https:\/\/www.hotelcadoro.com\/wp-content\/uploads\/2021\/02\/Biasuzzi_Camera.png 260w, https:\/\/www.hotelcadoro.com\/wp-content\/uploads\/2021\/02\/Biasuzzi_Camera-150x150.png 150w\" sizes=\"auto, (max-width: 260px) 100vw, 260px\" \/><\/figure><div class=\"wp-block-media-text__content\">\n<h3 class=\"wp-block-heading\"><strong>ZIMMER<\/strong><\/h3>\n\n\n\n<p><strong>Das Zimmer <\/strong>wird vor Ihrer Ankunft mit Desinfektionsmitteln auf Chlorbasis <strong>desinfiziert <\/strong>und gleichzeitig <strong>ozonisiert.<\/strong><\/p>\n\n\n\n<p><strong>Alle Kontaktfl\u00e4chen <\/strong>wie Griffe und Tastatur werden mit Alkohol<strong> desinfiziert<\/strong>.<\/p>\n\n\n\n<p><strong>Die Bettw\u00e4sche sowie Handt\u00fccher <\/strong>werden nach gesetzlicher Hygienevorschrift gereinigt.<\/p>\n<\/div><\/div>\n\n\n\n<div class=\"wp-block-media-text alignwide is-stacked-on-mobile\" style=\"grid-template-columns:15% auto\"><figure class=\"wp-block-media-text__media\"><img loading=\"lazy\" decoding=\"async\" width=\"260\" height=\"260\" src=\"https:\/\/www.hotelcadoro.com\/wp-content\/uploads\/2021\/02\/Biasuzzi_Piscina.png\" alt=\"\" class=\"wp-image-2299 size-full\" srcset=\"https:\/\/www.hotelcadoro.com\/wp-content\/uploads\/2021\/02\/Biasuzzi_Piscina.png 260w, https:\/\/www.hotelcadoro.com\/wp-content\/uploads\/2021\/02\/Biasuzzi_Piscina-150x150.png 150w\" sizes=\"auto, (max-width: 260px) 100vw, 260px\" \/><\/figure><div class=\"wp-block-media-text__content\">\n<h3 class=\"wp-block-heading\"><strong>SCHWIMMBAD<\/strong><\/h3>\n\n\n\n<p>Das Schwimmbad steht <strong>unterst\u00e4ndige Kontrolle<\/strong>, um den <strong>hygienischen Ma\u00dfst\u00e4ben<\/strong> zu entsprechend.<strong>&nbsp;<\/strong><\/p>\n\n\n\n<p><strong>Einmal im Monat <\/strong>werden chemische, mikrobiologische<strong> <\/strong>Analysen durch ein ausw\u00e4rtiges Labor durchgef\u00fchrt.<\/p>\n\n\n\n<p><strong>Es ist Pflicht vor dem Baden zu duschen<\/strong>.<br>An <strong>den Eing\u00e4ngen<\/strong>, zum Pool, stehen Ihnen <strong>Desinfektionsspender <\/strong>zur Verf\u00fcgung.<\/p>\n<\/div><\/div>\n\n\n\n<div class=\"wp-block-media-text alignwide is-stacked-on-mobile\" style=\"grid-template-columns:15% auto\"><figure class=\"wp-block-media-text__media\"><img loading=\"lazy\" decoding=\"async\" width=\"260\" height=\"260\" src=\"https:\/\/www.hotelcadoro.com\/wp-content\/uploads\/2021\/02\/Biasuzzi_Bar_Ristoranti.png\" alt=\"\" class=\"wp-image-2302 size-full\" srcset=\"https:\/\/www.hotelcadoro.com\/wp-content\/uploads\/2021\/02\/Biasuzzi_Bar_Ristoranti.png 260w, https:\/\/www.hotelcadoro.com\/wp-content\/uploads\/2021\/02\/Biasuzzi_Bar_Ristoranti-150x150.png 150w\" sizes=\"auto, (max-width: 260px) 100vw, 260px\" \/><\/figure><div class=\"wp-block-media-text__content\">\n<h3 class=\"wp-block-heading\"><strong>RESTAURANT UND CAFE<\/strong><\/h3>\n\n\n\n<p>Das Restaurant wird <strong>st\u00e4ndig gel\u00fcftet<\/strong>. Die Tische stehen <strong>vorschriftsm\u00e4\u00dfig 1 Meter<\/strong> voneinander entfernt.<\/p>\n\n\n\n<p>In den Restaurantbereichen befindet sich <strong>Gelspender (Alkoholbasis),<\/strong> die sowohl von G\u00e4sten als auch von Mitarbeitern verwendet werden k\u00f6nnen.<\/p>\n\n\n\n<p>Die Speisen werden <strong>von Kellnern, mit Mundschutz, direkt an den Tischen serviert.<\/strong><\/p>\n\n\n\n<p><strong>Gl\u00e4ser, Teller und Besteck <\/strong>werden in der Sp\u00fclmaschine mit speziellen Reinigungsmitteln gereinigt. <br>Die Temperatur der Sp\u00fclmaschine garantiert die<strong> Deaktivierung von Viren.<\/strong><\/p>\n<\/div><\/div>\n\n\n\n<div class=\"wp-block-media-text alignwide is-stacked-on-mobile\" style=\"grid-template-columns:15% auto\"><figure class=\"wp-block-media-text__media\"><img loading=\"lazy\" decoding=\"async\" width=\"260\" height=\"260\" src=\"https:\/\/www.hotelcadoro.com\/wp-content\/uploads\/2021\/02\/Biasuzzi_Reception-1.png\" alt=\"\" class=\"wp-image-2305 size-full\" srcset=\"https:\/\/www.hotelcadoro.com\/wp-content\/uploads\/2021\/02\/Biasuzzi_Reception-1.png 260w, https:\/\/www.hotelcadoro.com\/wp-content\/uploads\/2021\/02\/Biasuzzi_Reception-1-150x150.png 150w\" sizes=\"auto, (max-width: 260px) 100vw, 260px\" \/><\/figure><div class=\"wp-block-media-text__content\">\n<h3 class=\"wp-block-heading\">HALL<\/h3>\n\n\n\n<p>Die <strong>B\u00f6den<\/strong> werden <strong>zweimal t\u00e4glich<\/strong> mit <strong>Desinfektionsmitteln desinfiziert.<\/strong><\/p>\n\n\n\n<p><strong>Griffe, Tastatur und andere Oberfl\u00e4chen <\/strong>werden mit Desinfektionsmitteln auf Alkoholbasis gereinigt.<\/p>\n\n\n\n<p>Die <strong>gemeinsamen Badezimmer<\/strong> werden <strong>mehrmals t\u00e4glich<\/strong> vom Personal mit Desinfektionsmittel auf Chlorbasis gereinigt.In den Toiletten stehen <strong>Spender mit H\u00e4ndedesinfektionsgel<\/strong> zur Verf\u00fcgung.<\/p>\n<\/div><\/div>\n\n\n\n<div class=\"wp-block-media-text alignwide is-stacked-on-mobile\" style=\"grid-template-columns:15% auto\"><figure class=\"wp-block-media-text__media\"><img loading=\"lazy\" decoding=\"async\" width=\"260\" height=\"260\" src=\"https:\/\/www.hotelcadoro.com\/wp-content\/uploads\/2021\/02\/Biasuzzi_Animatori_Staff.png\" alt=\"\" class=\"wp-image-2311 size-full\" srcset=\"https:\/\/www.hotelcadoro.com\/wp-content\/uploads\/2021\/02\/Biasuzzi_Animatori_Staff.png 260w, https:\/\/www.hotelcadoro.com\/wp-content\/uploads\/2021\/02\/Biasuzzi_Animatori_Staff-150x150.png 150w\" sizes=\"auto, (max-width: 260px) 100vw, 260px\" \/><\/figure><div class=\"wp-block-media-text__content\">\n<h3 class=\"wp-block-heading\"><strong>UNSER PERSONAL<\/strong><\/h3>\n\n\n\n<p>Alle <strong>Mitarbeiter <\/strong>werden einen <strong>Mundschutz<\/strong> tragen, der Zugang zum Hotel ist nur bei einer K\u00f6rpertemperatur unter <strong>37,5 \u00b0 C<\/strong>. gestattet.<\/p>\n<\/div><\/div>\n","protected":false},"excerpt":{"rendered":"<p>IHRE SICHERHEIT IST UNSERE PRIORIT\u00c4T #SAFETYFIRST ANKUFT AN DER REZEPTION Die Rezeption ist mit einer Plexiglas Barriere ausgestattet.Desinfektions-Spender stehen in jedem unserer R\u00e4umlichkeiten zur Verf\u00fcgung und m\u00f6chten Sie bitten davon Gebraucht zu machen. ZIMMER Das Zimmer wird vor Ihrer Ankunft mit Desinfektionsmitteln auf Chlorbasis desinfiziert und gleichzeitig ozonisiert. Alle Kontaktfl\u00e4chen wie Griffe und Tastatur werden [&hellip;]<\/p>\n","protected":false},"author":2,"featured_media":1642,"parent":0,"menu_order":0,"comment_status":"closed","ping_status":"closed","template":"","meta":{"_acf_changed":false,"advgb_blocks_editor_width":"","advgb_blocks_columns_visual_guide":"","footnotes":""},"class_list":["post-2319","page","type-page","status-publish","has-post-thumbnail","hentry"],"acf":[],"yoast_head":"<!-- This site is optimized with the Yoast SEO plugin v25.6 - https:\/\/yoast.com\/wordpress\/plugins\/seo\/ -->\n<title>Sicherer Urlaub - Hotel Ca&#039; D&#039;Oro<\/title>\n<meta name=\"robots\" content=\"index, follow, max-snippet:-1, max-image-preview:large, max-video-preview:-1\" \/>\n<link rel=\"canonical\" href=\"https:\/\/www.hotelcadoro.com\/de\/vacanze-sicure\/\" \/>\n<meta property=\"og:locale\" content=\"de_DE\" \/>\n<meta property=\"og:type\" content=\"article\" \/>\n<meta property=\"og:title\" content=\"Sicherer Urlaub - Hotel Ca&#039; D&#039;Oro\" \/>\n<meta property=\"og:description\" content=\"IHRE SICHERHEIT IST UNSERE PRIORIT\u00c4T #SAFETYFIRST ANKUFT AN DER REZEPTION Die Rezeption ist mit einer Plexiglas Barriere ausgestattet.Desinfektions-Spender stehen in jedem unserer R\u00e4umlichkeiten zur Verf\u00fcgung und m\u00f6chten Sie bitten davon Gebraucht zu machen. ZIMMER Das Zimmer wird vor Ihrer Ankunft mit Desinfektionsmitteln auf Chlorbasis desinfiziert und gleichzeitig ozonisiert. Alle Kontaktfl\u00e4chen wie Griffe und Tastatur werden [&hellip;]\" \/>\n<meta property=\"og:url\" content=\"https:\/\/www.hotelcadoro.com\/de\/vacanze-sicure\/\" \/>\n<meta property=\"og:site_name\" content=\"Hotel Ca&#039; D&#039;Oro\" \/>\n<meta property=\"article:modified_time\" content=\"2021-02-24T15:00:11+00:00\" \/>\n<meta property=\"og:image\" content=\"https:\/\/www.hotelcadoro.com\/wp-content\/uploads\/2020\/04\/Banner_Hotel-3.jpg\" \/>\n\t<meta property=\"og:image:width\" content=\"2000\" \/>\n\t<meta property=\"og:image:height\" content=\"490\" \/>\n\t<meta property=\"og:image:type\" content=\"image\/jpeg\" \/>\n<meta name=\"twitter:card\" content=\"summary_large_image\" \/>\n<meta name=\"twitter:label1\" content=\"Gesch\u00e4tzte Lesezeit\" \/>\n\t<meta name=\"twitter:data1\" content=\"3\u00a0Minuten\" \/>\n<script type=\"application\/ld+json\" class=\"yoast-schema-graph\">{\"@context\":\"https:\/\/schema.org\",\"@graph\":[{\"@type\":\"WebPage\",\"@id\":\"https:\/\/www.hotelcadoro.com\/de\/vacanze-sicure\/\",\"url\":\"https:\/\/www.hotelcadoro.com\/de\/vacanze-sicure\/\",\"name\":\"Sicherer Urlaub - Hotel Ca&#039; D&#039;Oro\",\"isPartOf\":{\"@id\":\"https:\/\/www.hotelcadoro.com\/de\/#website\"},\"primaryImageOfPage\":{\"@id\":\"https:\/\/www.hotelcadoro.com\/de\/vacanze-sicure\/#primaryimage\"},\"image\":{\"@id\":\"https:\/\/www.hotelcadoro.com\/de\/vacanze-sicure\/#primaryimage\"},\"thumbnailUrl\":\"https:\/\/www.hotelcadoro.com\/wp-content\/uploads\/2020\/04\/Banner_Hotel-3.jpg\",\"datePublished\":\"2020-05-28T09:58:29+00:00\",\"dateModified\":\"2021-02-24T15:00:11+00:00\",\"breadcrumb\":{\"@id\":\"https:\/\/www.hotelcadoro.com\/de\/vacanze-sicure\/#breadcrumb\"},\"inLanguage\":\"de\",\"potentialAction\":[{\"@type\":\"ReadAction\",\"target\":[\"https:\/\/www.hotelcadoro.com\/de\/vacanze-sicure\/\"]}]},{\"@type\":\"ImageObject\",\"inLanguage\":\"de\",\"@id\":\"https:\/\/www.hotelcadoro.com\/de\/vacanze-sicure\/#primaryimage\",\"url\":\"https:\/\/www.hotelcadoro.com\/wp-content\/uploads\/2020\/04\/Banner_Hotel-3.jpg\",\"contentUrl\":\"https:\/\/www.hotelcadoro.com\/wp-content\/uploads\/2020\/04\/Banner_Hotel-3.jpg\",\"width\":2000,\"height\":490,\"caption\":\"Facciata dell'Hotel al tramonto\"},{\"@type\":\"BreadcrumbList\",\"@id\":\"https:\/\/www.hotelcadoro.com\/de\/vacanze-sicure\/#breadcrumb\",\"itemListElement\":[{\"@type\":\"ListItem\",\"position\":1,\"name\":\"Home\",\"item\":\"https:\/\/www.hotelcadoro.com\/de\/\"},{\"@type\":\"ListItem\",\"position\":2,\"name\":\"Sicherer Urlaub\"}]},{\"@type\":\"WebSite\",\"@id\":\"https:\/\/www.hotelcadoro.com\/de\/#website\",\"url\":\"https:\/\/www.hotelcadoro.com\/de\/\",\"name\":\"Hotel Ca&#039; D&#039;Oro\",\"description\":\"\",\"publisher\":{\"@id\":\"https:\/\/www.hotelcadoro.com\/de\/#organization\"},\"potentialAction\":[{\"@type\":\"SearchAction\",\"target\":{\"@type\":\"EntryPoint\",\"urlTemplate\":\"https:\/\/www.hotelcadoro.com\/de\/?s={search_term_string}\"},\"query-input\":{\"@type\":\"PropertyValueSpecification\",\"valueRequired\":true,\"valueName\":\"search_term_string\"}}],\"inLanguage\":\"de\"},{\"@type\":\"Organization\",\"@id\":\"https:\/\/www.hotelcadoro.com\/de\/#organization\",\"name\":\"Hotel Ca' D'Oro\",\"url\":\"https:\/\/www.hotelcadoro.com\/de\/\",\"logo\":{\"@type\":\"ImageObject\",\"inLanguage\":\"de\",\"@id\":\"https:\/\/www.hotelcadoro.com\/de\/#\/schema\/logo\/image\/\",\"url\":\"https:\/\/www.hotelcadoro.com\/wp-content\/uploads\/2020\/03\/logo.png\",\"contentUrl\":\"https:\/\/www.hotelcadoro.com\/wp-content\/uploads\/2020\/03\/logo.png\",\"width\":528,\"height\":400,\"caption\":\"Hotel Ca' D'Oro\"},\"image\":{\"@id\":\"https:\/\/www.hotelcadoro.com\/de\/#\/schema\/logo\/image\/\"}}]}<\/script>\n<!-- \/ Yoast SEO plugin. -->","yoast_head_json":{"title":"Sicherer Urlaub - Hotel Ca&#039; D&#039;Oro","robots":{"index":"index","follow":"follow","max-snippet":"max-snippet:-1","max-image-preview":"max-image-preview:large","max-video-preview":"max-video-preview:-1"},"canonical":"https:\/\/www.hotelcadoro.com\/de\/vacanze-sicure\/","og_locale":"de_DE","og_type":"article","og_title":"Sicherer Urlaub - Hotel Ca&#039; D&#039;Oro","og_description":"IHRE SICHERHEIT IST UNSERE PRIORIT\u00c4T #SAFETYFIRST ANKUFT AN DER REZEPTION Die Rezeption ist mit einer Plexiglas Barriere ausgestattet.Desinfektions-Spender stehen in jedem unserer R\u00e4umlichkeiten zur Verf\u00fcgung und m\u00f6chten Sie bitten davon Gebraucht zu machen. ZIMMER Das Zimmer wird vor Ihrer Ankunft mit Desinfektionsmitteln auf Chlorbasis desinfiziert und gleichzeitig ozonisiert. Alle Kontaktfl\u00e4chen wie Griffe und Tastatur werden [&hellip;]","og_url":"https:\/\/www.hotelcadoro.com\/de\/vacanze-sicure\/","og_site_name":"Hotel Ca&#039; D&#039;Oro","article_modified_time":"2021-02-24T15:00:11+00:00","og_image":[{"width":2000,"height":490,"url":"https:\/\/www.hotelcadoro.com\/wp-content\/uploads\/2020\/04\/Banner_Hotel-3.jpg","type":"image\/jpeg"}],"twitter_card":"summary_large_image","twitter_misc":{"Gesch\u00e4tzte Lesezeit":"3\u00a0Minuten"},"schema":{"@context":"https:\/\/schema.org","@graph":[{"@type":"WebPage","@id":"https:\/\/www.hotelcadoro.com\/de\/vacanze-sicure\/","url":"https:\/\/www.hotelcadoro.com\/de\/vacanze-sicure\/","name":"Sicherer Urlaub - Hotel Ca&#039; D&#039;Oro","isPartOf":{"@id":"https:\/\/www.hotelcadoro.com\/de\/#website"},"primaryImageOfPage":{"@id":"https:\/\/www.hotelcadoro.com\/de\/vacanze-sicure\/#primaryimage"},"image":{"@id":"https:\/\/www.hotelcadoro.com\/de\/vacanze-sicure\/#primaryimage"},"thumbnailUrl":"https:\/\/www.hotelcadoro.com\/wp-content\/uploads\/2020\/04\/Banner_Hotel-3.jpg","datePublished":"2020-05-28T09:58:29+00:00","dateModified":"2021-02-24T15:00:11+00:00","breadcrumb":{"@id":"https:\/\/www.hotelcadoro.com\/de\/vacanze-sicure\/#breadcrumb"},"inLanguage":"de","potentialAction":[{"@type":"ReadAction","target":["https:\/\/www.hotelcadoro.com\/de\/vacanze-sicure\/"]}]},{"@type":"ImageObject","inLanguage":"de","@id":"https:\/\/www.hotelcadoro.com\/de\/vacanze-sicure\/#primaryimage","url":"https:\/\/www.hotelcadoro.com\/wp-content\/uploads\/2020\/04\/Banner_Hotel-3.jpg","contentUrl":"https:\/\/www.hotelcadoro.com\/wp-content\/uploads\/2020\/04\/Banner_Hotel-3.jpg","width":2000,"height":490,"caption":"Facciata dell'Hotel al tramonto"},{"@type":"BreadcrumbList","@id":"https:\/\/www.hotelcadoro.com\/de\/vacanze-sicure\/#breadcrumb","itemListElement":[{"@type":"ListItem","position":1,"name":"Home","item":"https:\/\/www.hotelcadoro.com\/de\/"},{"@type":"ListItem","position":2,"name":"Sicherer Urlaub"}]},{"@type":"WebSite","@id":"https:\/\/www.hotelcadoro.com\/de\/#website","url":"https:\/\/www.hotelcadoro.com\/de\/","name":"Hotel Ca&#039; D&#039;Oro","description":"","publisher":{"@id":"https:\/\/www.hotelcadoro.com\/de\/#organization"},"potentialAction":[{"@type":"SearchAction","target":{"@type":"EntryPoint","urlTemplate":"https:\/\/www.hotelcadoro.com\/de\/?s={search_term_string}"},"query-input":{"@type":"PropertyValueSpecification","valueRequired":true,"valueName":"search_term_string"}}],"inLanguage":"de"},{"@type":"Organization","@id":"https:\/\/www.hotelcadoro.com\/de\/#organization","name":"Hotel Ca' D'Oro","url":"https:\/\/www.hotelcadoro.com\/de\/","logo":{"@type":"ImageObject","inLanguage":"de","@id":"https:\/\/www.hotelcadoro.com\/de\/#\/schema\/logo\/image\/","url":"https:\/\/www.hotelcadoro.com\/wp-content\/uploads\/2020\/03\/logo.png","contentUrl":"https:\/\/www.hotelcadoro.com\/wp-content\/uploads\/2020\/03\/logo.png","width":528,"height":400,"caption":"Hotel Ca' D'Oro"},"image":{"@id":"https:\/\/www.hotelcadoro.com\/de\/#\/schema\/logo\/image\/"}}]}},"coauthors":[],"author_meta":{"author_link":"https:\/\/www.hotelcadoro.com\/de\/author\/c4d-0r0w\/","display_name":"c4d-0r0w"},"relative_dates":{"created":"Posted 6\u00a0Jahren ago","modified":"Updated 5\u00a0Jahren ago"},"absolute_dates":{"created":"Posted on 28 Mai 2020","modified":"Updated on 24 Februar 2021"},"absolute_dates_time":{"created":"Posted on 28 Mai 2020 11:58","modified":"Updated on 24 Februar 2021 16:00"},"featured_img_caption":"","featured_img":"https:\/\/www.hotelcadoro.com\/wp-content\/uploads\/2020\/04\/Banner_Hotel-3-1200x294.jpg","series_order":"","_links":{"self":[{"href":"https:\/\/www.hotelcadoro.com\/de\/wp-json\/wp\/v2\/pages\/2319","targetHints":{"allow":["GET"]}}],"collection":[{"href":"https:\/\/www.hotelcadoro.com\/de\/wp-json\/wp\/v2\/pages"}],"about":[{"href":"https:\/\/www.hotelcadoro.com\/de\/wp-json\/wp\/v2\/types\/page"}],"author":[{"embeddable":true,"href":"https:\/\/www.hotelcadoro.com\/de\/wp-json\/wp\/v2\/users\/2"}],"replies":[{"embeddable":true,"href":"https:\/\/www.hotelcadoro.com\/de\/wp-json\/wp\/v2\/comments?post=2319"}],"version-history":[{"count":0,"href":"https:\/\/www.hotelcadoro.com\/de\/wp-json\/wp\/v2\/pages\/2319\/revisions"}],"wp:featuredmedia":[{"embeddable":true,"href":"https:\/\/www.hotelcadoro.com\/de\/wp-json\/wp\/v2\/media\/1642"}],"wp:attachment":[{"href":"https:\/\/www.hotelcadoro.com\/de\/wp-json\/wp\/v2\/media?parent=2319"}],"curies":[{"name":"wp","href":"https:\/\/api.w.org\/{rel}","templated":true}]}}