{"id":1080,"date":"2020-04-10T14:47:09","date_gmt":"2020-04-10T12:47:09","guid":{"rendered":"https:\/\/www.hotelcadoro.com\/?page_id=1080"},"modified":"2024-04-02T17:33:09","modified_gmt":"2024-04-02T15:33:09","slug":"wo-sind-wir","status":"publish","type":"page","link":"https:\/\/www.hotelcadoro.com\/de\/wo-sind-wir\/","title":{"rendered":"Wo sind wir"},"content":{"rendered":"\n<div class=\"wp-block-group cadoro-bg-gold-small-l\"><div class=\"wp-block-group__inner-container is-layout-flow wp-block-group-is-layout-flow\"><\/div><\/div>\n\n\n\n<div class=\"wp-block-group cadoro-1\"><div class=\"wp-block-group__inner-container is-layout-flow wp-block-group-is-layout-flow\">\n<h2 class=\"wp-block-heading\">Location<\/h2>\n\n\n\n<p>Unser Hotel Ca\u2019 d\u2019Oro in Bibione Zentrum ist einfach zu erreichen; sei es mit dem Auto, Flugzeug oder Zug \u2013 von jeder italienischen oder ausl\u00e4ndischen Stadt aus.<\/p>\n\n\n\n<p>Das Hotel liegt in bevorzugter Lage am Meer von Bibione, in einer <strong>ruhigen Zone, nur wenige Schritte vom Strand und von den Thermen<\/strong> entfernt. Es handelt sich um eine strategische Lage f\u00fcr diejenigen, die rasch den Strand erreichen, und gleichzeitig vom Komfort des Hotels profitieren m\u00f6chten. Das Zentrum von Bibione liegt nur einige Schritte entfernt, wo immer viele H\u00f6hepunkte und \u00dcberraschungen auf Sie warten.<br><br>Dar\u00fcber hinaus verf\u00fcgt das Hotel \u00fcber einen <strong>Parkplatz<\/strong>, der die Anreise und den Aufenthalt f\u00fcr G\u00e4ste, die mit dem Auto anreisen, noch bequemer macht.<\/p>\n\n\n\n<h3 class=\"wp-block-heading\">Hinweise<\/h3>\n\n\n\n<p>Via Taigete, 16 \u2013 30020 Bibione (Ve)<\/p>\n\n\n\n<ul class=\"wp-block-list\">\n<li>Autobahn A4 Venezia-Trieste, Ausfahrt Latisana, Richtung Bibione.<\/li>\n\n\n\n<li>Flughafen Treviso, Transfer mit dem Bus direkt nach Bibione.<\/li>\n\n\n\n<li>Bahnhof Latisana, etwa 20 km von Bibione entfernt.<\/li>\n<\/ul>\n<\/div><\/div>\n\n\n\n<div class=\"wp-block-group cadoro-2-gallery p-3-rem\"><div class=\"wp-block-group__inner-container is-layout-flow wp-block-group-is-layout-flow\">\n<iframe loading=\"lazy\" src=\"https:\/\/www.google.com\/maps\/embed?pb=!1m14!1m8!1m3!1d11159.324205556033!2d13.0557598!3d45.6341302!3m2!1i1024!2i768!4f13.1!3m3!1m2!1s0x0%3A0x640c41a0272f46f8!2sHotel%20Ca'%20D'Oro%20Bibione!5e0!3m2!1sit!2sit!4v1586435550297!5m2!1sit!2sit\" width=\"100%\" height=\"350px\" frameborder=\"0\" style=\"border:0;\" allowfullscreen=\"\" aria-hidden=\"false\" tabindex=\"0\"><\/iframe>\n<\/div><\/div>\n","protected":false},"excerpt":{"rendered":"<p>Location Unser Hotel Ca\u2019 d\u2019Oro in Bibione Zentrum ist einfach zu erreichen; sei es mit dem Auto, Flugzeug oder Zug \u2013 von jeder italienischen oder ausl\u00e4ndischen Stadt aus. Das Hotel liegt in bevorzugter Lage am Meer von Bibione, in einer ruhigen Zone, nur wenige Schritte vom Strand und von den Thermen entfernt. Es handelt sich [&hellip;]<\/p>\n","protected":false},"author":2,"featured_media":1786,"parent":0,"menu_order":0,"comment_status":"closed","ping_status":"closed","template":"","meta":{"_acf_changed":false,"advgb_blocks_editor_width":"","advgb_blocks_columns_visual_guide":"","footnotes":""},"class_list":["post-1080","page","type-page","status-publish","has-post-thumbnail","hentry"],"acf":[],"yoast_head":"<!-- This site is optimized with the Yoast SEO plugin v25.6 - https:\/\/yoast.com\/wordpress\/plugins\/seo\/ -->\n<title>Wo sind wir - Hotel Ca&#039; D&#039;Oro - Drei-Sterne-Oberin in Bibione<\/title>\n<meta name=\"description\" content=\"Unser Hotel Ca\u2019 d\u2019Oro in Bibione Zentrum ist einfach zu erreichen; sei es mit dem Auto, Flugzeug oder Zug \u2013 von jeder italienischen oder ausl\u00e4ndischen Stadt aus.\" \/>\n<meta name=\"robots\" content=\"index, follow, max-snippet:-1, max-image-preview:large, max-video-preview:-1\" \/>\n<link rel=\"canonical\" href=\"https:\/\/www.hotelcadoro.com\/de\/wo-sind-wir\/\" \/>\n<meta property=\"og:locale\" content=\"de_DE\" \/>\n<meta property=\"og:type\" content=\"article\" \/>\n<meta property=\"og:title\" content=\"Wo sind wir - Hotel Ca&#039; D&#039;Oro - Drei-Sterne-Oberin in Bibione\" \/>\n<meta property=\"og:description\" content=\"Unser Hotel Ca\u2019 d\u2019Oro in Bibione Zentrum ist einfach zu erreichen; sei es mit dem Auto, Flugzeug oder Zug \u2013 von jeder italienischen oder ausl\u00e4ndischen Stadt aus.\" \/>\n<meta property=\"og:url\" content=\"https:\/\/www.hotelcadoro.com\/de\/wo-sind-wir\/\" \/>\n<meta property=\"og:site_name\" content=\"Hotel Ca&#039; D&#039;Oro\" \/>\n<meta property=\"article:modified_time\" content=\"2024-04-02T15:33:09+00:00\" \/>\n<meta property=\"og:image\" content=\"https:\/\/www.hotelcadoro.com\/wp-content\/uploads\/2020\/04\/Banner_dovesiamo.jpg\" \/>\n\t<meta property=\"og:image:width\" content=\"2000\" \/>\n\t<meta property=\"og:image:height\" content=\"490\" \/>\n\t<meta property=\"og:image:type\" content=\"image\/jpeg\" \/>\n<meta name=\"twitter:card\" content=\"summary_large_image\" \/>\n<meta name=\"twitter:label1\" content=\"Gesch\u00e4tzte Lesezeit\" \/>\n\t<meta name=\"twitter:data1\" content=\"1\u00a0Minute\" \/>\n<script type=\"application\/ld+json\" class=\"yoast-schema-graph\">{\"@context\":\"https:\/\/schema.org\",\"@graph\":[{\"@type\":\"WebPage\",\"@id\":\"https:\/\/www.hotelcadoro.com\/de\/wo-sind-wir\/\",\"url\":\"https:\/\/www.hotelcadoro.com\/de\/wo-sind-wir\/\",\"name\":\"Wo sind wir - Hotel Ca&#039; D&#039;Oro - Drei-Sterne-Oberin in Bibione\",\"isPartOf\":{\"@id\":\"https:\/\/www.hotelcadoro.com\/de\/#website\"},\"primaryImageOfPage\":{\"@id\":\"https:\/\/www.hotelcadoro.com\/de\/wo-sind-wir\/#primaryimage\"},\"image\":{\"@id\":\"https:\/\/www.hotelcadoro.com\/de\/wo-sind-wir\/#primaryimage\"},\"thumbnailUrl\":\"https:\/\/www.hotelcadoro.com\/wp-content\/uploads\/2020\/04\/Banner_dovesiamo.jpg\",\"datePublished\":\"2020-04-10T12:47:09+00:00\",\"dateModified\":\"2024-04-02T15:33:09+00:00\",\"description\":\"Unser Hotel Ca\u2019 d\u2019Oro in Bibione Zentrum ist einfach zu erreichen; sei es mit dem Auto, Flugzeug oder Zug \u2013 von jeder italienischen oder ausl\u00e4ndischen Stadt aus.\",\"breadcrumb\":{\"@id\":\"https:\/\/www.hotelcadoro.com\/de\/wo-sind-wir\/#breadcrumb\"},\"inLanguage\":\"de\",\"potentialAction\":[{\"@type\":\"ReadAction\",\"target\":[\"https:\/\/www.hotelcadoro.com\/de\/wo-sind-wir\/\"]}]},{\"@type\":\"ImageObject\",\"inLanguage\":\"de\",\"@id\":\"https:\/\/www.hotelcadoro.com\/de\/wo-sind-wir\/#primaryimage\",\"url\":\"https:\/\/www.hotelcadoro.com\/wp-content\/uploads\/2020\/04\/Banner_dovesiamo.jpg\",\"contentUrl\":\"https:\/\/www.hotelcadoro.com\/wp-content\/uploads\/2020\/04\/Banner_dovesiamo.jpg\",\"width\":2000,\"height\":490,\"caption\":\"Vista aerea di Bibione\"},{\"@type\":\"BreadcrumbList\",\"@id\":\"https:\/\/www.hotelcadoro.com\/de\/wo-sind-wir\/#breadcrumb\",\"itemListElement\":[{\"@type\":\"ListItem\",\"position\":1,\"name\":\"Home\",\"item\":\"https:\/\/www.hotelcadoro.com\/de\/\"},{\"@type\":\"ListItem\",\"position\":2,\"name\":\"Wo sind wir\"}]},{\"@type\":\"WebSite\",\"@id\":\"https:\/\/www.hotelcadoro.com\/de\/#website\",\"url\":\"https:\/\/www.hotelcadoro.com\/de\/\",\"name\":\"Hotel Ca&#039; D&#039;Oro\",\"description\":\"\",\"publisher\":{\"@id\":\"https:\/\/www.hotelcadoro.com\/de\/#organization\"},\"potentialAction\":[{\"@type\":\"SearchAction\",\"target\":{\"@type\":\"EntryPoint\",\"urlTemplate\":\"https:\/\/www.hotelcadoro.com\/de\/?s={search_term_string}\"},\"query-input\":{\"@type\":\"PropertyValueSpecification\",\"valueRequired\":true,\"valueName\":\"search_term_string\"}}],\"inLanguage\":\"de\"},{\"@type\":\"Organization\",\"@id\":\"https:\/\/www.hotelcadoro.com\/de\/#organization\",\"name\":\"Hotel Ca' D'Oro\",\"url\":\"https:\/\/www.hotelcadoro.com\/de\/\",\"logo\":{\"@type\":\"ImageObject\",\"inLanguage\":\"de\",\"@id\":\"https:\/\/www.hotelcadoro.com\/de\/#\/schema\/logo\/image\/\",\"url\":\"https:\/\/www.hotelcadoro.com\/wp-content\/uploads\/2020\/03\/logo.png\",\"contentUrl\":\"https:\/\/www.hotelcadoro.com\/wp-content\/uploads\/2020\/03\/logo.png\",\"width\":528,\"height\":400,\"caption\":\"Hotel Ca' D'Oro\"},\"image\":{\"@id\":\"https:\/\/www.hotelcadoro.com\/de\/#\/schema\/logo\/image\/\"}}]}<\/script>\n<!-- \/ Yoast SEO plugin. -->","yoast_head_json":{"title":"Wo sind wir - Hotel Ca&#039; D&#039;Oro - Drei-Sterne-Oberin in Bibione","description":"Unser Hotel Ca\u2019 d\u2019Oro in Bibione Zentrum ist einfach zu erreichen; sei es mit dem Auto, Flugzeug oder Zug \u2013 von jeder italienischen oder ausl\u00e4ndischen Stadt aus.","robots":{"index":"index","follow":"follow","max-snippet":"max-snippet:-1","max-image-preview":"max-image-preview:large","max-video-preview":"max-video-preview:-1"},"canonical":"https:\/\/www.hotelcadoro.com\/de\/wo-sind-wir\/","og_locale":"de_DE","og_type":"article","og_title":"Wo sind wir - Hotel Ca&#039; D&#039;Oro - Drei-Sterne-Oberin in Bibione","og_description":"Unser Hotel Ca\u2019 d\u2019Oro in Bibione Zentrum ist einfach zu erreichen; sei es mit dem Auto, Flugzeug oder Zug \u2013 von jeder italienischen oder ausl\u00e4ndischen Stadt aus.","og_url":"https:\/\/www.hotelcadoro.com\/de\/wo-sind-wir\/","og_site_name":"Hotel Ca&#039; D&#039;Oro","article_modified_time":"2024-04-02T15:33:09+00:00","og_image":[{"width":2000,"height":490,"url":"https:\/\/www.hotelcadoro.com\/wp-content\/uploads\/2020\/04\/Banner_dovesiamo.jpg","type":"image\/jpeg"}],"twitter_card":"summary_large_image","twitter_misc":{"Gesch\u00e4tzte Lesezeit":"1\u00a0Minute"},"schema":{"@context":"https:\/\/schema.org","@graph":[{"@type":"WebPage","@id":"https:\/\/www.hotelcadoro.com\/de\/wo-sind-wir\/","url":"https:\/\/www.hotelcadoro.com\/de\/wo-sind-wir\/","name":"Wo sind wir - Hotel Ca&#039; D&#039;Oro - Drei-Sterne-Oberin in Bibione","isPartOf":{"@id":"https:\/\/www.hotelcadoro.com\/de\/#website"},"primaryImageOfPage":{"@id":"https:\/\/www.hotelcadoro.com\/de\/wo-sind-wir\/#primaryimage"},"image":{"@id":"https:\/\/www.hotelcadoro.com\/de\/wo-sind-wir\/#primaryimage"},"thumbnailUrl":"https:\/\/www.hotelcadoro.com\/wp-content\/uploads\/2020\/04\/Banner_dovesiamo.jpg","datePublished":"2020-04-10T12:47:09+00:00","dateModified":"2024-04-02T15:33:09+00:00","description":"Unser Hotel Ca\u2019 d\u2019Oro in Bibione Zentrum ist einfach zu erreichen; sei es mit dem Auto, Flugzeug oder Zug \u2013 von jeder italienischen oder ausl\u00e4ndischen Stadt aus.","breadcrumb":{"@id":"https:\/\/www.hotelcadoro.com\/de\/wo-sind-wir\/#breadcrumb"},"inLanguage":"de","potentialAction":[{"@type":"ReadAction","target":["https:\/\/www.hotelcadoro.com\/de\/wo-sind-wir\/"]}]},{"@type":"ImageObject","inLanguage":"de","@id":"https:\/\/www.hotelcadoro.com\/de\/wo-sind-wir\/#primaryimage","url":"https:\/\/www.hotelcadoro.com\/wp-content\/uploads\/2020\/04\/Banner_dovesiamo.jpg","contentUrl":"https:\/\/www.hotelcadoro.com\/wp-content\/uploads\/2020\/04\/Banner_dovesiamo.jpg","width":2000,"height":490,"caption":"Vista aerea di Bibione"},{"@type":"BreadcrumbList","@id":"https:\/\/www.hotelcadoro.com\/de\/wo-sind-wir\/#breadcrumb","itemListElement":[{"@type":"ListItem","position":1,"name":"Home","item":"https:\/\/www.hotelcadoro.com\/de\/"},{"@type":"ListItem","position":2,"name":"Wo sind wir"}]},{"@type":"WebSite","@id":"https:\/\/www.hotelcadoro.com\/de\/#website","url":"https:\/\/www.hotelcadoro.com\/de\/","name":"Hotel Ca&#039; D&#039;Oro","description":"","publisher":{"@id":"https:\/\/www.hotelcadoro.com\/de\/#organization"},"potentialAction":[{"@type":"SearchAction","target":{"@type":"EntryPoint","urlTemplate":"https:\/\/www.hotelcadoro.com\/de\/?s={search_term_string}"},"query-input":{"@type":"PropertyValueSpecification","valueRequired":true,"valueName":"search_term_string"}}],"inLanguage":"de"},{"@type":"Organization","@id":"https:\/\/www.hotelcadoro.com\/de\/#organization","name":"Hotel Ca' D'Oro","url":"https:\/\/www.hotelcadoro.com\/de\/","logo":{"@type":"ImageObject","inLanguage":"de","@id":"https:\/\/www.hotelcadoro.com\/de\/#\/schema\/logo\/image\/","url":"https:\/\/www.hotelcadoro.com\/wp-content\/uploads\/2020\/03\/logo.png","contentUrl":"https:\/\/www.hotelcadoro.com\/wp-content\/uploads\/2020\/03\/logo.png","width":528,"height":400,"caption":"Hotel Ca' D'Oro"},"image":{"@id":"https:\/\/www.hotelcadoro.com\/de\/#\/schema\/logo\/image\/"}}]}},"coauthors":[],"author_meta":{"author_link":"https:\/\/www.hotelcadoro.com\/de\/author\/c4d-0r0w\/","display_name":"c4d-0r0w"},"relative_dates":{"created":"Posted 6\u00a0Jahren ago","modified":"Updated 2\u00a0Jahren ago"},"absolute_dates":{"created":"Posted on 10 April 2020","modified":"Updated on 2 April 2024"},"absolute_dates_time":{"created":"Posted on 10 April 2020 14:47","modified":"Updated on 2 April 2024 17:33"},"featured_img_caption":"","featured_img":"https:\/\/www.hotelcadoro.com\/wp-content\/uploads\/2020\/04\/Banner_dovesiamo-1200x294.jpg","series_order":"","_links":{"self":[{"href":"https:\/\/www.hotelcadoro.com\/de\/wp-json\/wp\/v2\/pages\/1080","targetHints":{"allow":["GET"]}}],"collection":[{"href":"https:\/\/www.hotelcadoro.com\/de\/wp-json\/wp\/v2\/pages"}],"about":[{"href":"https:\/\/www.hotelcadoro.com\/de\/wp-json\/wp\/v2\/types\/page"}],"author":[{"embeddable":true,"href":"https:\/\/www.hotelcadoro.com\/de\/wp-json\/wp\/v2\/users\/2"}],"replies":[{"embeddable":true,"href":"https:\/\/www.hotelcadoro.com\/de\/wp-json\/wp\/v2\/comments?post=1080"}],"version-history":[{"count":1,"href":"https:\/\/www.hotelcadoro.com\/de\/wp-json\/wp\/v2\/pages\/1080\/revisions"}],"predecessor-version":[{"id":3069,"href":"https:\/\/www.hotelcadoro.com\/de\/wp-json\/wp\/v2\/pages\/1080\/revisions\/3069"}],"wp:featuredmedia":[{"embeddable":true,"href":"https:\/\/www.hotelcadoro.com\/de\/wp-json\/wp\/v2\/media\/1786"}],"wp:attachment":[{"href":"https:\/\/www.hotelcadoro.com\/de\/wp-json\/wp\/v2\/media?parent=1080"}],"curies":[{"name":"wp","href":"https:\/\/api.w.org\/{rel}","templated":true}]}}