{"id":1060,"date":"2020-04-10T13:03:31","date_gmt":"2020-04-10T11:03:31","guid":{"rendered":"https:\/\/www.hotelcadoro.com\/?page_id=1060"},"modified":"2020-04-20T12:08:11","modified_gmt":"2020-04-20T10:08:11","slug":"sport-beauty","status":"publish","type":"page","link":"https:\/\/www.hotelcadoro.com\/de\/sport-beauty\/","title":{"rendered":"Sport &#038; Beauty"},"content":{"rendered":"\n<div class=\"wp-block-group cadoro-bg-gold-small-l\"><div class=\"wp-block-group__inner-container is-layout-flow wp-block-group-is-layout-flow\"><\/div><\/div>\n\n\n\n<div class=\"wp-block-group cadoro-1\" id=\"sport\"><div class=\"wp-block-group__inner-container is-layout-flow wp-block-group-is-layout-flow\">\n<h2 class=\"wp-block-heading\">Sport und Unterhaltung unter freiem Himmel<\/h2>\n\n\n\n<p>Bibione ist der richtige Zielort f\u00fcr <strong>Sportbegeisterte<\/strong>: es gibt zahlreiche Aktivit\u00e4ten, die auf verschiedenen Punkten in der Stadt ausge\u00fcbt werden k\u00f6nnen. Es werden Kurse organisiert wie: Schwimmen, Surfen, Segeln und Reiten, an denen auch unsere Kleinsten teilnehmen d\u00fcrfen. W\u00e4hrend des Sommers gibt es auch gro\u00dfe Sportveranstaltungen f\u00fcr jeden Geschmack, wie beispielsweise:<\/p>\n<\/div><\/div>\n\n\n\n<div class=\"wp-block-group cadoro-2\"><div class=\"wp-block-group__inner-container is-layout-flow wp-block-group-is-layout-flow\">\n<p><strong>F\u00fcnfer-Fu\u00dfball:<\/strong><br>das wichtigste Sommerturnier hinsichtlich der Teilnehmerzahl, hat ein intensives Programm mit vielen Sportveranstaltungen, die erst am Abend mit einem gro\u00dfen Fest beenden;<\/p>\n\n\n\n<p><strong>trand- Rugby Festival:<\/strong><br>wenn Ihnen die Worte \u201eZiel, Transformation, ber\u00fchre oder mische\u201c nichts sagen, dann ist das der richtige Zeitpunkt, um dieses faszinierende Spiel zu entdecken. Zwei Tage voller Sport- und Kampfgeist mit Athleten aus der ganzen Welt;<\/p>\n\n\n\n<p><strong>Fitness Meeting:<\/strong><br>bietet ein reichhaltiges Programm an Cardio \u00dcbungen (Step, Pilates oder Spinning) von den besten Trainern vorbereitet;<\/p>\n\n\n\n<p><strong>Beach&amp;Ball:<\/strong><br>dieses Ereignis ist vom Verband der italienischen Basketballmeisterschaft (FIP) organisiert, und zieht jedes Jahr eine h\u00f6here Anzahl von Teilnehmern an;<\/p>\n<\/div><\/div>\n\n\n\n<div class=\"wp-block-group cadoro-5 hide\"><div class=\"wp-block-group__inner-container is-layout-flow wp-block-group-is-layout-flow\">\n<div class=\"wp-block-columns alignfull is-layout-flex wp-container-core-columns-is-layout-9d6595d7 wp-block-columns-is-layout-flex\">\n<div class=\"wp-block-column is-layout-flow wp-block-column-is-layout-flow\">\n<div class=\"wp-block-group alignfull\"><div class=\"wp-block-group__inner-container is-layout-flow wp-block-group-is-layout-flow\">\n<h4 class=\"wp-block-heading\">Sport acquatici<\/h4>\n\n\n\n<p>A Bibione si possono praticare moltissime attivit\u00e0 marine dal nuoto alle immersioni, dalla vela allo sci nautico ma anche surf, wind surf e parafly.<br>Questi sport non sono adatti solo alle persone con esperienza ma anche per i principianti vista la presenza di istruttori qualificati ai quali fare riferimento.<\/p>\n<\/div><\/div>\n\n\n\n<div class=\"wp-block-group\"><div class=\"wp-block-group__inner-container is-layout-flow wp-block-group-is-layout-flow\">\n<h4 class=\"wp-block-heading\">Beach volley<\/h4>\n\n\n\n<p>Ormai \u00e8 diventato uno sport popolare e praticato in tutte le spiagge del mondo tanto che dal 2004 \u00e8 diventato anche uno sport olimpico. L\u2019ampia spiaggia di Bibione \u00e8 il luogo ideale per praticarlo.<\/p>\n<\/div><\/div>\n\n\n\n<div class=\"wp-block-group\"><div class=\"wp-block-group__inner-container is-layout-flow wp-block-group-is-layout-flow\">\n<h4 class=\"wp-block-heading\">Tennis<\/h4>\n\n\n\n<p>Gli appasionati del tennis potranno accedere al Centro Tennistico Comunale, oppure provare a giocare sulla spiaggia. Ricordiamo che a Bibione viene organizzato ogni anno un importante raduno di beach tennis.<\/p>\n<\/div><\/div>\n<\/div>\n\n\n\n<div class=\"wp-block-column is-layout-flow wp-block-column-is-layout-flow\">\n<div class=\"wp-block-group alignfull\"><div class=\"wp-block-group__inner-container is-layout-flow wp-block-group-is-layout-flow\">\n<h4 class=\"wp-block-heading\">Piste ciclabili<\/h4>\n\n\n\n<p>Il comune di Bibione ha costruito molte piste ciclabili in modo da rendere pi\u00f9 sicure le vostre escursioni. Diversi sono gli itinerari che si possono percorrere in base a quello che si vuole visitare. Per esempio le aziende agricole nei presssi di Bibione offrono la possibilit\u00e0 di gustare prodotti tipici autoctoni oppure si pu\u00f2 visitare la villa marittima di et\u00e0 romana, nella zona \u201cMutteron dei Frati\u201d.<\/p>\n<\/div><\/div>\n\n\n\n<div class=\"wp-block-group\"><div class=\"wp-block-group__inner-container is-layout-flow wp-block-group-is-layout-flow\">\n<h4 class=\"wp-block-heading\">Beach soccer<\/h4>\n\n\n\n<p>Come poteva mancare la versione estiva dello sport pi\u00f9 giocato al mondo? Nelle aree attrezzate \u00e8 possibile praticare anche il calcio da spiaggia.<\/p>\n<\/div><\/div>\n\n\n\n<div class=\"wp-block-group\"><div class=\"wp-block-group__inner-container is-layout-flow wp-block-group-is-layout-flow\">\n<h4 class=\"wp-block-heading\">Golf<\/h4>\n\n\n\n<p>A pochi km da Bibione sono presenti due Campi da Golf a 18 buche il primo a Lignano e il secondo a Caorle.<\/p>\n<\/div><\/div>\n<\/div>\n<\/div>\n<\/div><\/div>\n\n\n\n<div class=\"wp-block-group cadoro-6\" id=\"terme\"><div class=\"wp-block-group__inner-container is-layout-flow wp-block-group-is-layout-flow\">\n<h2 class=\"wp-block-heading\">Entspannen Sie sich im Termalzentrum von Bibione<\/h2>\n\n\n\n<p>Das <strong>vom sch\u00f6nen Pinienwald umgebene Thermalzentrum<\/strong> von Bibione bietet die einzigartige Gelegenheit Ihren K\u00f6rper und Geist zu beleben! Das neue Spa-Zentrum ist ganzj\u00e4hrig ge\u00f6ffnet und ist mit der besten Ausr\u00fcstung ausgestattet.<\/p>\n\n\n\n<div class=\"wp-block-group read-more\"><div class=\"wp-block-group__inner-container is-layout-flow wp-block-group-is-layout-flow\">\n<p>Das <strong>hoch qualifizierte Personal<\/strong> wird Ihnen, nach Ihren Bed\u00fcrfnissen, den Weg zur Heilung und Rehabilitation zeigen, sei es entweder um wieder in Form zu gelangen oder weil Sie besondere Pflege ben\u00f6tigen.<\/p>\n\n\n\n<p>Neben den klassischen Spa-Behandlungen stehen Ihnen zur Verf\u00fcgung: <strong>Fitness-Studios<\/strong>, ein <strong>modernes Beauty-Center<\/strong>, gro\u00dfe Innen- und Au\u00dfenthermalbecken mit Whirlpools, Wasserspiele f\u00fcr Erwachsene und Kinder, Saunen, Dampfb\u00e4der, Solarium und Erfrischungm\u00f6glichkeiten.<\/p>\n<\/div><\/div>\n\n\n\n<h4 class=\"wp-block-heading\">Eigenschaften des Thermalwassers<\/h4>\n\n\n\n<p>Aus dem hydrothermalen Becken landeinw\u00e4rts von Bibione gelegen, quellt <strong>bei 52 \u00b0 C <\/strong>hyperthermales, alkalisches Mineralwasser angereichert mit Bicarbonat, Natrium und Fluor hervor, deren Wirksamkeit durch das Ministerium f\u00fcr Gesundheit mit Dekret Nr. 2918 und 2950 von 1996 anerkannt wurde.<br><br>Lesen Sie mehr dazu:\u00a0<a rel=\"noreferrer noopener\" href=\"http:\/\/www.bibioneterme.it\/\" target=\"_blank\">www.bibioneterme.com<\/a><\/p>\n<\/div><\/div>\n\n\n\n<div class=\"wp-block-group cadoro-6-bg-light-blu-small-l\"><div class=\"wp-block-group__inner-container is-layout-flow wp-block-group-is-layout-flow\"><\/div><\/div>\n\n\n\n<div class=\"wp-block-group cadoro-7-gallery\"><div class=\"wp-block-group__inner-container is-layout-flow wp-block-group-is-layout-flow\">\n<figure class=\"wp-block-gallery columns-2 is-cropped wp-block-gallery-2\"><ul class=\"blocks-gallery-grid\"><li class=\"blocks-gallery-item\"><figure><img loading=\"lazy\" decoding=\"async\" width=\"800\" height=\"560\" src=\"https:\/\/www.hotelcadoro.com\/wp-content\/uploads\/2020\/04\/bibione_terme_01.jpg\" alt=\"\" data-id=\"1731\" data-full-url=\"https:\/\/www.hotelcadoro.com\/wp-content\/uploads\/2020\/04\/bibione_terme_01.jpg\" data-link=\"https:\/\/www.hotelcadoro.com\/it\/bibione_terme_01\/\" class=\"wp-image-1731\" srcset=\"https:\/\/www.hotelcadoro.com\/wp-content\/uploads\/2020\/04\/bibione_terme_01.jpg 800w, https:\/\/www.hotelcadoro.com\/wp-content\/uploads\/2020\/04\/bibione_terme_01-300x210.jpg 300w, https:\/\/www.hotelcadoro.com\/wp-content\/uploads\/2020\/04\/bibione_terme_01-768x538.jpg 768w\" sizes=\"auto, (max-width: 800px) 100vw, 800px\" \/><\/figure><\/li><li class=\"blocks-gallery-item\"><figure><img loading=\"lazy\" decoding=\"async\" width=\"800\" height=\"560\" src=\"https:\/\/www.hotelcadoro.com\/wp-content\/uploads\/2020\/04\/bibione_terme_02.jpg\" alt=\"\" data-id=\"1734\" data-full-url=\"https:\/\/www.hotelcadoro.com\/wp-content\/uploads\/2020\/04\/bibione_terme_02.jpg\" data-link=\"https:\/\/www.hotelcadoro.com\/it\/bibione_terme_02\/\" class=\"wp-image-1734\" srcset=\"https:\/\/www.hotelcadoro.com\/wp-content\/uploads\/2020\/04\/bibione_terme_02.jpg 800w, https:\/\/www.hotelcadoro.com\/wp-content\/uploads\/2020\/04\/bibione_terme_02-300x210.jpg 300w, https:\/\/www.hotelcadoro.com\/wp-content\/uploads\/2020\/04\/bibione_terme_02-768x538.jpg 768w\" sizes=\"auto, (max-width: 800px) 100vw, 800px\" \/><\/figure><\/li><li class=\"blocks-gallery-item\"><figure><img loading=\"lazy\" decoding=\"async\" width=\"1024\" height=\"681\" src=\"https:\/\/www.hotelcadoro.com\/wp-content\/uploads\/2020\/04\/Centro_Bibione_Thermae-1-1024x681.jpg\" alt=\"\" data-id=\"770\" data-full-url=\"https:\/\/www.hotelcadoro.com\/wp-content\/uploads\/2020\/04\/Centro_Bibione_Thermae-1.jpg\" data-link=\"https:\/\/www.hotelcadoro.com\/it\/sport-beauty\/centro_bibione_thermae\/\" class=\"wp-image-770 is-layout-flex wp-block-gallery-is-layout-flex\" srcset=\"https:\/\/www.hotelcadoro.com\/wp-content\/uploads\/2020\/04\/Centro_Bibione_Thermae-1-1024x681.jpg 1024w, https:\/\/www.hotelcadoro.com\/wp-content\/uploads\/2020\/04\/Centro_Bibione_Thermae-1-300x200.jpg 300w, https:\/\/www.hotelcadoro.com\/wp-content\/uploads\/2020\/04\/Centro_Bibione_Thermae-1-768x511.jpg 768w, https:\/\/www.hotelcadoro.com\/wp-content\/uploads\/2020\/04\/Centro_Bibione_Thermae-1-1600x1064.jpg 1600w, https:\/\/www.hotelcadoro.com\/wp-content\/uploads\/2020\/04\/Centro_Bibione_Thermae-1-1536x1021.jpg 1536w, https:\/\/www.hotelcadoro.com\/wp-content\/uploads\/2020\/04\/Centro_Bibione_Thermae-1-1200x798.jpg 1200w, https:\/\/www.hotelcadoro.com\/wp-content\/uploads\/2020\/04\/Centro_Bibione_Thermae-1-1980x1317.jpg 1980w, https:\/\/www.hotelcadoro.com\/wp-content\/uploads\/2020\/04\/Centro_Bibione_Thermae-1.jpg 2000w\" sizes=\"auto, (max-width: 1024px) 100vw, 1024px\" \/><\/figure><\/li><\/ul><\/figure>\n<\/div><\/div>\n","protected":false},"excerpt":{"rendered":"<p>Sport und Unterhaltung unter freiem Himmel Bibione ist der richtige Zielort f\u00fcr Sportbegeisterte: es gibt zahlreiche Aktivit\u00e4ten, die auf verschiedenen Punkten in der Stadt ausge\u00fcbt werden k\u00f6nnen. Es werden Kurse organisiert wie: Schwimmen, Surfen, Segeln und Reiten, an denen auch unsere Kleinsten teilnehmen d\u00fcrfen. W\u00e4hrend des Sommers gibt es auch gro\u00dfe Sportveranstaltungen f\u00fcr jeden Geschmack, [&hellip;]<\/p>\n","protected":false},"author":2,"featured_media":1646,"parent":0,"menu_order":0,"comment_status":"closed","ping_status":"closed","template":"","meta":{"_acf_changed":false,"advgb_blocks_editor_width":"","advgb_blocks_columns_visual_guide":"","footnotes":""},"class_list":["post-1060","page","type-page","status-publish","has-post-thumbnail","hentry"],"acf":[],"yoast_head":"<!-- This site is optimized with the Yoast SEO plugin v25.6 - https:\/\/yoast.com\/wordpress\/plugins\/seo\/ -->\n<title>Sport &amp; Beauty - Hotel Ca&#039; D&#039;Oro - Drei-Sterne-Oberin in Bibione<\/title>\n<meta name=\"description\" content=\"Bibione ist der richtige Zielort f\u00fcr Sportbegeisterte: es gibt zahlreiche Aktivit\u00e4ten, die auf verschiedenen Punkten in der Stadt ausge\u00fcbt werden k\u00f6nnen.\" \/>\n<meta name=\"robots\" content=\"index, follow, max-snippet:-1, max-image-preview:large, max-video-preview:-1\" \/>\n<link rel=\"canonical\" href=\"https:\/\/www.hotelcadoro.com\/de\/sport-beauty\/\" \/>\n<meta property=\"og:locale\" content=\"de_DE\" \/>\n<meta property=\"og:type\" content=\"article\" \/>\n<meta property=\"og:title\" content=\"Sport &amp; Beauty - Hotel Ca&#039; D&#039;Oro - Drei-Sterne-Oberin in Bibione\" \/>\n<meta property=\"og:description\" content=\"Bibione ist der richtige Zielort f\u00fcr Sportbegeisterte: es gibt zahlreiche Aktivit\u00e4ten, die auf verschiedenen Punkten in der Stadt ausge\u00fcbt werden k\u00f6nnen.\" \/>\n<meta property=\"og:url\" content=\"https:\/\/www.hotelcadoro.com\/de\/sport-beauty\/\" \/>\n<meta property=\"og:site_name\" content=\"Hotel Ca&#039; D&#039;Oro\" \/>\n<meta property=\"article:modified_time\" content=\"2020-04-20T10:08:11+00:00\" \/>\n<meta property=\"og:image\" content=\"https:\/\/www.hotelcadoro.com\/wp-content\/uploads\/2020\/04\/Banner_Sport-beauty-1.jpg\" \/>\n\t<meta property=\"og:image:width\" content=\"2000\" \/>\n\t<meta property=\"og:image:height\" content=\"490\" \/>\n\t<meta property=\"og:image:type\" content=\"image\/jpeg\" \/>\n<meta name=\"twitter:card\" content=\"summary_large_image\" \/>\n<meta name=\"twitter:label1\" content=\"Gesch\u00e4tzte Lesezeit\" \/>\n\t<meta name=\"twitter:data1\" content=\"3\u00a0Minuten\" \/>\n<script type=\"application\/ld+json\" class=\"yoast-schema-graph\">{\"@context\":\"https:\/\/schema.org\",\"@graph\":[{\"@type\":\"WebPage\",\"@id\":\"https:\/\/www.hotelcadoro.com\/de\/sport-beauty\/\",\"url\":\"https:\/\/www.hotelcadoro.com\/de\/sport-beauty\/\",\"name\":\"Sport & Beauty - Hotel Ca&#039; D&#039;Oro - Drei-Sterne-Oberin in Bibione\",\"isPartOf\":{\"@id\":\"https:\/\/www.hotelcadoro.com\/de\/#website\"},\"primaryImageOfPage\":{\"@id\":\"https:\/\/www.hotelcadoro.com\/de\/sport-beauty\/#primaryimage\"},\"image\":{\"@id\":\"https:\/\/www.hotelcadoro.com\/de\/sport-beauty\/#primaryimage\"},\"thumbnailUrl\":\"https:\/\/www.hotelcadoro.com\/wp-content\/uploads\/2020\/04\/Banner_Sport-beauty-1.jpg\",\"datePublished\":\"2020-04-10T11:03:31+00:00\",\"dateModified\":\"2020-04-20T10:08:11+00:00\",\"description\":\"Bibione ist der richtige Zielort f\u00fcr Sportbegeisterte: es gibt zahlreiche Aktivit\u00e4ten, die auf verschiedenen Punkten in der Stadt ausge\u00fcbt werden k\u00f6nnen.\",\"breadcrumb\":{\"@id\":\"https:\/\/www.hotelcadoro.com\/de\/sport-beauty\/#breadcrumb\"},\"inLanguage\":\"de\",\"potentialAction\":[{\"@type\":\"ReadAction\",\"target\":[\"https:\/\/www.hotelcadoro.com\/de\/sport-beauty\/\"]}]},{\"@type\":\"ImageObject\",\"inLanguage\":\"de\",\"@id\":\"https:\/\/www.hotelcadoro.com\/de\/sport-beauty\/#primaryimage\",\"url\":\"https:\/\/www.hotelcadoro.com\/wp-content\/uploads\/2020\/04\/Banner_Sport-beauty-1.jpg\",\"contentUrl\":\"https:\/\/www.hotelcadoro.com\/wp-content\/uploads\/2020\/04\/Banner_Sport-beauty-1.jpg\",\"width\":2000,\"height\":490,\"caption\":\"Terme di Bibione\"},{\"@type\":\"BreadcrumbList\",\"@id\":\"https:\/\/www.hotelcadoro.com\/de\/sport-beauty\/#breadcrumb\",\"itemListElement\":[{\"@type\":\"ListItem\",\"position\":1,\"name\":\"Home\",\"item\":\"https:\/\/www.hotelcadoro.com\/de\/\"},{\"@type\":\"ListItem\",\"position\":2,\"name\":\"Sport &#038; Beauty\"}]},{\"@type\":\"WebSite\",\"@id\":\"https:\/\/www.hotelcadoro.com\/de\/#website\",\"url\":\"https:\/\/www.hotelcadoro.com\/de\/\",\"name\":\"Hotel Ca&#039; D&#039;Oro\",\"description\":\"\",\"publisher\":{\"@id\":\"https:\/\/www.hotelcadoro.com\/de\/#organization\"},\"potentialAction\":[{\"@type\":\"SearchAction\",\"target\":{\"@type\":\"EntryPoint\",\"urlTemplate\":\"https:\/\/www.hotelcadoro.com\/de\/?s={search_term_string}\"},\"query-input\":{\"@type\":\"PropertyValueSpecification\",\"valueRequired\":true,\"valueName\":\"search_term_string\"}}],\"inLanguage\":\"de\"},{\"@type\":\"Organization\",\"@id\":\"https:\/\/www.hotelcadoro.com\/de\/#organization\",\"name\":\"Hotel Ca' D'Oro\",\"url\":\"https:\/\/www.hotelcadoro.com\/de\/\",\"logo\":{\"@type\":\"ImageObject\",\"inLanguage\":\"de\",\"@id\":\"https:\/\/www.hotelcadoro.com\/de\/#\/schema\/logo\/image\/\",\"url\":\"https:\/\/www.hotelcadoro.com\/wp-content\/uploads\/2020\/03\/logo.png\",\"contentUrl\":\"https:\/\/www.hotelcadoro.com\/wp-content\/uploads\/2020\/03\/logo.png\",\"width\":528,\"height\":400,\"caption\":\"Hotel Ca' D'Oro\"},\"image\":{\"@id\":\"https:\/\/www.hotelcadoro.com\/de\/#\/schema\/logo\/image\/\"}}]}<\/script>\n<!-- \/ Yoast SEO plugin. -->","yoast_head_json":{"title":"Sport & Beauty - Hotel Ca&#039; D&#039;Oro - Drei-Sterne-Oberin in Bibione","description":"Bibione ist der richtige Zielort f\u00fcr Sportbegeisterte: es gibt zahlreiche Aktivit\u00e4ten, die auf verschiedenen Punkten in der Stadt ausge\u00fcbt werden k\u00f6nnen.","robots":{"index":"index","follow":"follow","max-snippet":"max-snippet:-1","max-image-preview":"max-image-preview:large","max-video-preview":"max-video-preview:-1"},"canonical":"https:\/\/www.hotelcadoro.com\/de\/sport-beauty\/","og_locale":"de_DE","og_type":"article","og_title":"Sport & Beauty - Hotel Ca&#039; D&#039;Oro - Drei-Sterne-Oberin in Bibione","og_description":"Bibione ist der richtige Zielort f\u00fcr Sportbegeisterte: es gibt zahlreiche Aktivit\u00e4ten, die auf verschiedenen Punkten in der Stadt ausge\u00fcbt werden k\u00f6nnen.","og_url":"https:\/\/www.hotelcadoro.com\/de\/sport-beauty\/","og_site_name":"Hotel Ca&#039; D&#039;Oro","article_modified_time":"2020-04-20T10:08:11+00:00","og_image":[{"width":2000,"height":490,"url":"https:\/\/www.hotelcadoro.com\/wp-content\/uploads\/2020\/04\/Banner_Sport-beauty-1.jpg","type":"image\/jpeg"}],"twitter_card":"summary_large_image","twitter_misc":{"Gesch\u00e4tzte Lesezeit":"3\u00a0Minuten"},"schema":{"@context":"https:\/\/schema.org","@graph":[{"@type":"WebPage","@id":"https:\/\/www.hotelcadoro.com\/de\/sport-beauty\/","url":"https:\/\/www.hotelcadoro.com\/de\/sport-beauty\/","name":"Sport & Beauty - Hotel Ca&#039; D&#039;Oro - Drei-Sterne-Oberin in Bibione","isPartOf":{"@id":"https:\/\/www.hotelcadoro.com\/de\/#website"},"primaryImageOfPage":{"@id":"https:\/\/www.hotelcadoro.com\/de\/sport-beauty\/#primaryimage"},"image":{"@id":"https:\/\/www.hotelcadoro.com\/de\/sport-beauty\/#primaryimage"},"thumbnailUrl":"https:\/\/www.hotelcadoro.com\/wp-content\/uploads\/2020\/04\/Banner_Sport-beauty-1.jpg","datePublished":"2020-04-10T11:03:31+00:00","dateModified":"2020-04-20T10:08:11+00:00","description":"Bibione ist der richtige Zielort f\u00fcr Sportbegeisterte: es gibt zahlreiche Aktivit\u00e4ten, die auf verschiedenen Punkten in der Stadt ausge\u00fcbt werden k\u00f6nnen.","breadcrumb":{"@id":"https:\/\/www.hotelcadoro.com\/de\/sport-beauty\/#breadcrumb"},"inLanguage":"de","potentialAction":[{"@type":"ReadAction","target":["https:\/\/www.hotelcadoro.com\/de\/sport-beauty\/"]}]},{"@type":"ImageObject","inLanguage":"de","@id":"https:\/\/www.hotelcadoro.com\/de\/sport-beauty\/#primaryimage","url":"https:\/\/www.hotelcadoro.com\/wp-content\/uploads\/2020\/04\/Banner_Sport-beauty-1.jpg","contentUrl":"https:\/\/www.hotelcadoro.com\/wp-content\/uploads\/2020\/04\/Banner_Sport-beauty-1.jpg","width":2000,"height":490,"caption":"Terme di Bibione"},{"@type":"BreadcrumbList","@id":"https:\/\/www.hotelcadoro.com\/de\/sport-beauty\/#breadcrumb","itemListElement":[{"@type":"ListItem","position":1,"name":"Home","item":"https:\/\/www.hotelcadoro.com\/de\/"},{"@type":"ListItem","position":2,"name":"Sport &#038; Beauty"}]},{"@type":"WebSite","@id":"https:\/\/www.hotelcadoro.com\/de\/#website","url":"https:\/\/www.hotelcadoro.com\/de\/","name":"Hotel Ca&#039; D&#039;Oro","description":"","publisher":{"@id":"https:\/\/www.hotelcadoro.com\/de\/#organization"},"potentialAction":[{"@type":"SearchAction","target":{"@type":"EntryPoint","urlTemplate":"https:\/\/www.hotelcadoro.com\/de\/?s={search_term_string}"},"query-input":{"@type":"PropertyValueSpecification","valueRequired":true,"valueName":"search_term_string"}}],"inLanguage":"de"},{"@type":"Organization","@id":"https:\/\/www.hotelcadoro.com\/de\/#organization","name":"Hotel Ca' D'Oro","url":"https:\/\/www.hotelcadoro.com\/de\/","logo":{"@type":"ImageObject","inLanguage":"de","@id":"https:\/\/www.hotelcadoro.com\/de\/#\/schema\/logo\/image\/","url":"https:\/\/www.hotelcadoro.com\/wp-content\/uploads\/2020\/03\/logo.png","contentUrl":"https:\/\/www.hotelcadoro.com\/wp-content\/uploads\/2020\/03\/logo.png","width":528,"height":400,"caption":"Hotel Ca' D'Oro"},"image":{"@id":"https:\/\/www.hotelcadoro.com\/de\/#\/schema\/logo\/image\/"}}]}},"coauthors":[],"author_meta":{"author_link":"https:\/\/www.hotelcadoro.com\/de\/author\/c4d-0r0w\/","display_name":"c4d-0r0w"},"relative_dates":{"created":"Posted 6\u00a0Jahren ago","modified":"Updated 6\u00a0Jahren ago"},"absolute_dates":{"created":"Posted on 10 April 2020","modified":"Updated on 20 April 2020"},"absolute_dates_time":{"created":"Posted on 10 April 2020 13:03","modified":"Updated on 20 April 2020 12:08"},"featured_img_caption":"","featured_img":"https:\/\/www.hotelcadoro.com\/wp-content\/uploads\/2020\/04\/Banner_Sport-beauty-1-1200x294.jpg","series_order":"","_links":{"self":[{"href":"https:\/\/www.hotelcadoro.com\/de\/wp-json\/wp\/v2\/pages\/1060","targetHints":{"allow":["GET"]}}],"collection":[{"href":"https:\/\/www.hotelcadoro.com\/de\/wp-json\/wp\/v2\/pages"}],"about":[{"href":"https:\/\/www.hotelcadoro.com\/de\/wp-json\/wp\/v2\/types\/page"}],"author":[{"embeddable":true,"href":"https:\/\/www.hotelcadoro.com\/de\/wp-json\/wp\/v2\/users\/2"}],"replies":[{"embeddable":true,"href":"https:\/\/www.hotelcadoro.com\/de\/wp-json\/wp\/v2\/comments?post=1060"}],"version-history":[{"count":0,"href":"https:\/\/www.hotelcadoro.com\/de\/wp-json\/wp\/v2\/pages\/1060\/revisions"}],"wp:featuredmedia":[{"embeddable":true,"href":"https:\/\/www.hotelcadoro.com\/de\/wp-json\/wp\/v2\/media\/1646"}],"wp:attachment":[{"href":"https:\/\/www.hotelcadoro.com\/de\/wp-json\/wp\/v2\/media?parent=1060"}],"curies":[{"name":"wp","href":"https:\/\/api.w.org\/{rel}","templated":true}]}}