{"id":1052,"date":"2020-04-10T12:48:12","date_gmt":"2020-04-10T10:48:12","guid":{"rendered":"https:\/\/www.hotelcadoro.com\/?page_id=1052"},"modified":"2026-01-06T00:02:47","modified_gmt":"2026-01-05T23:02:47","slug":"restaurant","status":"publish","type":"page","link":"https:\/\/www.hotelcadoro.com\/de\/restaurant\/","title":{"rendered":"Restaurant"},"content":{"rendered":"\n<div class=\"wp-block-group cadoro-bg-gold-small-l\"><div class=\"wp-block-group__inner-container is-layout-flow wp-block-group-is-layout-flow\"><\/div><\/div>\n\n\n\n<div class=\"wp-block-group cadoro-1\"><div class=\"wp-block-group__inner-container is-layout-flow wp-block-group-is-layout-flow\">\n<p>Beginnen Sie Ihren Tag auf die richtige Weise mit einem <strong>reichhaltigen Fr\u00fchst\u00fccksbuffet<\/strong>. <\/p>\n<\/div><\/div>\n\n\n\n<p><\/p>\n\n\n\n<p><\/p>\n\n\n\n<p><\/p>\n\n\n\n<div class=\"wp-block-group cadoro-2-gallery\"><div class=\"wp-block-group__inner-container is-layout-flow wp-block-group-is-layout-flow\">\n<figure class=\"wp-block-gallery has-nested-images columns-default is-cropped wp-block-gallery-2 is-layout-flex wp-block-gallery-is-layout-flex\">\n<figure class=\"wp-block-image size-large\"><img loading=\"lazy\" decoding=\"async\" width=\"1024\" height=\"682\" data-id=\"602\" src=\"https:\/\/www.hotelcadoro.com\/wp-content\/uploads\/2020\/04\/Hotel_CaDOro_Bar_02-1024x682.jpg\" alt=\"\" class=\"wp-image-602\" srcset=\"https:\/\/www.hotelcadoro.com\/wp-content\/uploads\/2020\/04\/Hotel_CaDOro_Bar_02-1024x682.jpg 1024w, https:\/\/www.hotelcadoro.com\/wp-content\/uploads\/2020\/04\/Hotel_CaDOro_Bar_02-300x200.jpg 300w, https:\/\/www.hotelcadoro.com\/wp-content\/uploads\/2020\/04\/Hotel_CaDOro_Bar_02-768x511.jpg 768w, https:\/\/www.hotelcadoro.com\/wp-content\/uploads\/2020\/04\/Hotel_CaDOro_Bar_02-1600x1066.jpg 1600w, https:\/\/www.hotelcadoro.com\/wp-content\/uploads\/2020\/04\/Hotel_CaDOro_Bar_02-1536x1023.jpg 1536w, https:\/\/www.hotelcadoro.com\/wp-content\/uploads\/2020\/04\/Hotel_CaDOro_Bar_02-1200x799.jpg 1200w, https:\/\/www.hotelcadoro.com\/wp-content\/uploads\/2020\/04\/Hotel_CaDOro_Bar_02-1980x1319.jpg 1980w, https:\/\/www.hotelcadoro.com\/wp-content\/uploads\/2020\/04\/Hotel_CaDOro_Bar_02.jpg 2000w\" sizes=\"auto, (max-width: 1024px) 100vw, 1024px\" \/><\/figure>\n\n\n\n<figure class=\"wp-block-image size-large\"><img loading=\"lazy\" decoding=\"async\" width=\"1024\" height=\"683\" data-id=\"3858\" src=\"https:\/\/www.hotelcadoro.com\/wp-content\/uploads\/2026\/01\/NZ7_5289-1024x683.jpg\" alt=\"\" class=\"wp-image-3858\" srcset=\"https:\/\/www.hotelcadoro.com\/wp-content\/uploads\/2026\/01\/NZ7_5289-1024x683.jpg 1024w, https:\/\/www.hotelcadoro.com\/wp-content\/uploads\/2026\/01\/NZ7_5289-300x200.jpg 300w, https:\/\/www.hotelcadoro.com\/wp-content\/uploads\/2026\/01\/NZ7_5289-768x512.jpg 768w, https:\/\/www.hotelcadoro.com\/wp-content\/uploads\/2026\/01\/NZ7_5289-50x33.jpg 50w, https:\/\/www.hotelcadoro.com\/wp-content\/uploads\/2026\/01\/NZ7_5289-1600x1067.jpg 1600w, https:\/\/www.hotelcadoro.com\/wp-content\/uploads\/2026\/01\/NZ7_5289-1536x1024.jpg 1536w, https:\/\/www.hotelcadoro.com\/wp-content\/uploads\/2026\/01\/NZ7_5289-2048x1365.jpg 2048w, https:\/\/www.hotelcadoro.com\/wp-content\/uploads\/2026\/01\/NZ7_5289-1200x800.jpg 1200w, https:\/\/www.hotelcadoro.com\/wp-content\/uploads\/2026\/01\/NZ7_5289-1980x1320.jpg 1980w\" sizes=\"auto, (max-width: 1024px) 100vw, 1024px\" \/><\/figure>\n\n\n\n<figure class=\"wp-block-image size-large\"><img loading=\"lazy\" decoding=\"async\" width=\"1024\" height=\"683\" data-id=\"3865\" src=\"https:\/\/www.hotelcadoro.com\/wp-content\/uploads\/2026\/01\/NZ7_5275-Copia-1024x683.jpg\" alt=\"\" class=\"wp-image-3865\" srcset=\"https:\/\/www.hotelcadoro.com\/wp-content\/uploads\/2026\/01\/NZ7_5275-Copia-1024x683.jpg 1024w, https:\/\/www.hotelcadoro.com\/wp-content\/uploads\/2026\/01\/NZ7_5275-Copia-300x200.jpg 300w, https:\/\/www.hotelcadoro.com\/wp-content\/uploads\/2026\/01\/NZ7_5275-Copia-768x512.jpg 768w, https:\/\/www.hotelcadoro.com\/wp-content\/uploads\/2026\/01\/NZ7_5275-Copia-50x33.jpg 50w, https:\/\/www.hotelcadoro.com\/wp-content\/uploads\/2026\/01\/NZ7_5275-Copia-1600x1067.jpg 1600w, https:\/\/www.hotelcadoro.com\/wp-content\/uploads\/2026\/01\/NZ7_5275-Copia-1536x1024.jpg 1536w, https:\/\/www.hotelcadoro.com\/wp-content\/uploads\/2026\/01\/NZ7_5275-Copia-2048x1365.jpg 2048w, https:\/\/www.hotelcadoro.com\/wp-content\/uploads\/2026\/01\/NZ7_5275-Copia-1200x800.jpg 1200w, https:\/\/www.hotelcadoro.com\/wp-content\/uploads\/2026\/01\/NZ7_5275-Copia-1980x1320.jpg 1980w\" sizes=\"auto, (max-width: 1024px) 100vw, 1024px\" \/><\/figure>\n\n\n\n<figure class=\"wp-block-image size-large\"><img loading=\"lazy\" decoding=\"async\" width=\"1024\" height=\"683\" data-id=\"3861\" src=\"https:\/\/www.hotelcadoro.com\/wp-content\/uploads\/2026\/01\/NZ7_5262-1-1024x683.jpg\" alt=\"\" class=\"wp-image-3861\" srcset=\"https:\/\/www.hotelcadoro.com\/wp-content\/uploads\/2026\/01\/NZ7_5262-1-1024x683.jpg 1024w, https:\/\/www.hotelcadoro.com\/wp-content\/uploads\/2026\/01\/NZ7_5262-1-300x200.jpg 300w, https:\/\/www.hotelcadoro.com\/wp-content\/uploads\/2026\/01\/NZ7_5262-1-768x512.jpg 768w, https:\/\/www.hotelcadoro.com\/wp-content\/uploads\/2026\/01\/NZ7_5262-1-50x33.jpg 50w, https:\/\/www.hotelcadoro.com\/wp-content\/uploads\/2026\/01\/NZ7_5262-1-1600x1067.jpg 1600w, https:\/\/www.hotelcadoro.com\/wp-content\/uploads\/2026\/01\/NZ7_5262-1-1536x1024.jpg 1536w, https:\/\/www.hotelcadoro.com\/wp-content\/uploads\/2026\/01\/NZ7_5262-1-2048x1365.jpg 2048w, https:\/\/www.hotelcadoro.com\/wp-content\/uploads\/2026\/01\/NZ7_5262-1-1200x800.jpg 1200w, https:\/\/www.hotelcadoro.com\/wp-content\/uploads\/2026\/01\/NZ7_5262-1-1980x1320.jpg 1980w\" sizes=\"auto, (max-width: 1024px) 100vw, 1024px\" \/><\/figure>\n\n\n\n<figure class=\"wp-block-image size-large\"><img loading=\"lazy\" decoding=\"async\" width=\"1024\" height=\"681\" data-id=\"605\" src=\"https:\/\/www.hotelcadoro.com\/wp-content\/uploads\/2020\/04\/Hotel_CaDOro_Colazione-1024x681.jpg\" alt=\"\" class=\"wp-image-605\" srcset=\"https:\/\/www.hotelcadoro.com\/wp-content\/uploads\/2020\/04\/Hotel_CaDOro_Colazione-1024x681.jpg 1024w, https:\/\/www.hotelcadoro.com\/wp-content\/uploads\/2020\/04\/Hotel_CaDOro_Colazione-300x199.jpg 300w, https:\/\/www.hotelcadoro.com\/wp-content\/uploads\/2020\/04\/Hotel_CaDOro_Colazione-768x510.jpg 768w, https:\/\/www.hotelcadoro.com\/wp-content\/uploads\/2020\/04\/Hotel_CaDOro_Colazione-1600x1063.jpg 1600w, https:\/\/www.hotelcadoro.com\/wp-content\/uploads\/2020\/04\/Hotel_CaDOro_Colazione-1536x1021.jpg 1536w, https:\/\/www.hotelcadoro.com\/wp-content\/uploads\/2020\/04\/Hotel_CaDOro_Colazione-1200x798.jpg 1200w, https:\/\/www.hotelcadoro.com\/wp-content\/uploads\/2020\/04\/Hotel_CaDOro_Colazione-1980x1316.jpg 1980w, https:\/\/www.hotelcadoro.com\/wp-content\/uploads\/2020\/04\/Hotel_CaDOro_Colazione.jpg 2001w\" sizes=\"auto, (max-width: 1024px) 100vw, 1024px\" \/><\/figure>\n<\/figure>\n<\/div><\/div>\n","protected":false},"excerpt":{"rendered":"<p>Beginnen Sie Ihren Tag auf die richtige Weise mit einem reichhaltigen Fr\u00fchst\u00fccksbuffet.<\/p>\n","protected":false},"author":2,"featured_media":2762,"parent":0,"menu_order":0,"comment_status":"closed","ping_status":"closed","template":"","meta":{"_acf_changed":false,"advgb_blocks_editor_width":"","advgb_blocks_columns_visual_guide":"","footnotes":""},"class_list":["post-1052","page","type-page","status-publish","has-post-thumbnail","hentry"],"acf":[],"yoast_head":"<!-- This site is optimized with the Yoast SEO plugin v25.6 - https:\/\/yoast.com\/wordpress\/plugins\/seo\/ -->\n<title>Restaurant - Hotel Ca&#039; D&#039;Oro - Drei-Sterne-Oberin in Bibione<\/title>\n<meta name=\"description\" content=\"Beginnen Sie Ihren Tag auf die richtige Weise mit einem reichhaltigen Fr\u00fchst\u00fccksbuffet. F\u00fcr Abendessen bietet Ihnen das Restaurant typische regionale und lokale Spezialit\u00e4ten.\" \/>\n<meta name=\"robots\" content=\"index, follow, max-snippet:-1, max-image-preview:large, max-video-preview:-1\" \/>\n<link rel=\"canonical\" href=\"https:\/\/www.hotelcadoro.com\/de\/restaurant\/\" \/>\n<meta property=\"og:locale\" content=\"de_DE\" \/>\n<meta property=\"og:type\" content=\"article\" \/>\n<meta property=\"og:title\" content=\"Restaurant - Hotel Ca&#039; D&#039;Oro - Drei-Sterne-Oberin in Bibione\" \/>\n<meta property=\"og:description\" content=\"Beginnen Sie Ihren Tag auf die richtige Weise mit einem reichhaltigen Fr\u00fchst\u00fccksbuffet. F\u00fcr Abendessen bietet Ihnen das Restaurant typische regionale und lokale Spezialit\u00e4ten.\" \/>\n<meta property=\"og:url\" content=\"https:\/\/www.hotelcadoro.com\/de\/restaurant\/\" \/>\n<meta property=\"og:site_name\" content=\"Hotel Ca&#039; D&#039;Oro\" \/>\n<meta property=\"article:modified_time\" content=\"2026-01-05T23:02:47+00:00\" \/>\n<meta property=\"og:image\" content=\"https:\/\/www.hotelcadoro.com\/wp-content\/uploads\/2021\/07\/ristorante-hotel-ca-doro-banner.jpg\" \/>\n\t<meta property=\"og:image:width\" content=\"2000\" \/>\n\t<meta property=\"og:image:height\" content=\"490\" \/>\n\t<meta property=\"og:image:type\" content=\"image\/jpeg\" \/>\n<meta name=\"twitter:card\" content=\"summary_large_image\" \/>\n<meta name=\"twitter:label1\" content=\"Gesch\u00e4tzte Lesezeit\" \/>\n\t<meta name=\"twitter:data1\" content=\"2\u00a0Minuten\" \/>\n<script type=\"application\/ld+json\" class=\"yoast-schema-graph\">{\"@context\":\"https:\/\/schema.org\",\"@graph\":[{\"@type\":\"WebPage\",\"@id\":\"https:\/\/www.hotelcadoro.com\/de\/restaurant\/\",\"url\":\"https:\/\/www.hotelcadoro.com\/de\/restaurant\/\",\"name\":\"Restaurant - Hotel Ca&#039; D&#039;Oro - Drei-Sterne-Oberin in Bibione\",\"isPartOf\":{\"@id\":\"https:\/\/www.hotelcadoro.com\/de\/#website\"},\"primaryImageOfPage\":{\"@id\":\"https:\/\/www.hotelcadoro.com\/de\/restaurant\/#primaryimage\"},\"image\":{\"@id\":\"https:\/\/www.hotelcadoro.com\/de\/restaurant\/#primaryimage\"},\"thumbnailUrl\":\"https:\/\/www.hotelcadoro.com\/wp-content\/uploads\/2021\/07\/ristorante-hotel-ca-doro-banner.jpg\",\"datePublished\":\"2020-04-10T10:48:12+00:00\",\"dateModified\":\"2026-01-05T23:02:47+00:00\",\"description\":\"Beginnen Sie Ihren Tag auf die richtige Weise mit einem reichhaltigen Fr\u00fchst\u00fccksbuffet. F\u00fcr Abendessen bietet Ihnen das Restaurant typische regionale und lokale Spezialit\u00e4ten.\",\"breadcrumb\":{\"@id\":\"https:\/\/www.hotelcadoro.com\/de\/restaurant\/#breadcrumb\"},\"inLanguage\":\"de\",\"potentialAction\":[{\"@type\":\"ReadAction\",\"target\":[\"https:\/\/www.hotelcadoro.com\/de\/restaurant\/\"]}]},{\"@type\":\"ImageObject\",\"inLanguage\":\"de\",\"@id\":\"https:\/\/www.hotelcadoro.com\/de\/restaurant\/#primaryimage\",\"url\":\"https:\/\/www.hotelcadoro.com\/wp-content\/uploads\/2021\/07\/ristorante-hotel-ca-doro-banner.jpg\",\"contentUrl\":\"https:\/\/www.hotelcadoro.com\/wp-content\/uploads\/2021\/07\/ristorante-hotel-ca-doro-banner.jpg\",\"width\":2000,\"height\":490,\"caption\":\"Polpo grigliato con pomodorini e capperi su piatto elegante.\"},{\"@type\":\"BreadcrumbList\",\"@id\":\"https:\/\/www.hotelcadoro.com\/de\/restaurant\/#breadcrumb\",\"itemListElement\":[{\"@type\":\"ListItem\",\"position\":1,\"name\":\"Home\",\"item\":\"https:\/\/www.hotelcadoro.com\/de\/\"},{\"@type\":\"ListItem\",\"position\":2,\"name\":\"Restaurant\"}]},{\"@type\":\"WebSite\",\"@id\":\"https:\/\/www.hotelcadoro.com\/de\/#website\",\"url\":\"https:\/\/www.hotelcadoro.com\/de\/\",\"name\":\"Hotel Ca&#039; D&#039;Oro\",\"description\":\"\",\"publisher\":{\"@id\":\"https:\/\/www.hotelcadoro.com\/de\/#organization\"},\"potentialAction\":[{\"@type\":\"SearchAction\",\"target\":{\"@type\":\"EntryPoint\",\"urlTemplate\":\"https:\/\/www.hotelcadoro.com\/de\/?s={search_term_string}\"},\"query-input\":{\"@type\":\"PropertyValueSpecification\",\"valueRequired\":true,\"valueName\":\"search_term_string\"}}],\"inLanguage\":\"de\"},{\"@type\":\"Organization\",\"@id\":\"https:\/\/www.hotelcadoro.com\/de\/#organization\",\"name\":\"Hotel Ca' D'Oro\",\"url\":\"https:\/\/www.hotelcadoro.com\/de\/\",\"logo\":{\"@type\":\"ImageObject\",\"inLanguage\":\"de\",\"@id\":\"https:\/\/www.hotelcadoro.com\/de\/#\/schema\/logo\/image\/\",\"url\":\"https:\/\/www.hotelcadoro.com\/wp-content\/uploads\/2020\/03\/logo.png\",\"contentUrl\":\"https:\/\/www.hotelcadoro.com\/wp-content\/uploads\/2020\/03\/logo.png\",\"width\":528,\"height\":400,\"caption\":\"Hotel Ca' D'Oro\"},\"image\":{\"@id\":\"https:\/\/www.hotelcadoro.com\/de\/#\/schema\/logo\/image\/\"}}]}<\/script>\n<!-- \/ Yoast SEO plugin. -->","yoast_head_json":{"title":"Restaurant - Hotel Ca&#039; D&#039;Oro - Drei-Sterne-Oberin in Bibione","description":"Beginnen Sie Ihren Tag auf die richtige Weise mit einem reichhaltigen Fr\u00fchst\u00fccksbuffet. F\u00fcr Abendessen bietet Ihnen das Restaurant typische regionale und lokale Spezialit\u00e4ten.","robots":{"index":"index","follow":"follow","max-snippet":"max-snippet:-1","max-image-preview":"max-image-preview:large","max-video-preview":"max-video-preview:-1"},"canonical":"https:\/\/www.hotelcadoro.com\/de\/restaurant\/","og_locale":"de_DE","og_type":"article","og_title":"Restaurant - Hotel Ca&#039; D&#039;Oro - Drei-Sterne-Oberin in Bibione","og_description":"Beginnen Sie Ihren Tag auf die richtige Weise mit einem reichhaltigen Fr\u00fchst\u00fccksbuffet. F\u00fcr Abendessen bietet Ihnen das Restaurant typische regionale und lokale Spezialit\u00e4ten.","og_url":"https:\/\/www.hotelcadoro.com\/de\/restaurant\/","og_site_name":"Hotel Ca&#039; D&#039;Oro","article_modified_time":"2026-01-05T23:02:47+00:00","og_image":[{"width":2000,"height":490,"url":"https:\/\/www.hotelcadoro.com\/wp-content\/uploads\/2021\/07\/ristorante-hotel-ca-doro-banner.jpg","type":"image\/jpeg"}],"twitter_card":"summary_large_image","twitter_misc":{"Gesch\u00e4tzte Lesezeit":"2\u00a0Minuten"},"schema":{"@context":"https:\/\/schema.org","@graph":[{"@type":"WebPage","@id":"https:\/\/www.hotelcadoro.com\/de\/restaurant\/","url":"https:\/\/www.hotelcadoro.com\/de\/restaurant\/","name":"Restaurant - Hotel Ca&#039; D&#039;Oro - Drei-Sterne-Oberin in Bibione","isPartOf":{"@id":"https:\/\/www.hotelcadoro.com\/de\/#website"},"primaryImageOfPage":{"@id":"https:\/\/www.hotelcadoro.com\/de\/restaurant\/#primaryimage"},"image":{"@id":"https:\/\/www.hotelcadoro.com\/de\/restaurant\/#primaryimage"},"thumbnailUrl":"https:\/\/www.hotelcadoro.com\/wp-content\/uploads\/2021\/07\/ristorante-hotel-ca-doro-banner.jpg","datePublished":"2020-04-10T10:48:12+00:00","dateModified":"2026-01-05T23:02:47+00:00","description":"Beginnen Sie Ihren Tag auf die richtige Weise mit einem reichhaltigen Fr\u00fchst\u00fccksbuffet. F\u00fcr Abendessen bietet Ihnen das Restaurant typische regionale und lokale Spezialit\u00e4ten.","breadcrumb":{"@id":"https:\/\/www.hotelcadoro.com\/de\/restaurant\/#breadcrumb"},"inLanguage":"de","potentialAction":[{"@type":"ReadAction","target":["https:\/\/www.hotelcadoro.com\/de\/restaurant\/"]}]},{"@type":"ImageObject","inLanguage":"de","@id":"https:\/\/www.hotelcadoro.com\/de\/restaurant\/#primaryimage","url":"https:\/\/www.hotelcadoro.com\/wp-content\/uploads\/2021\/07\/ristorante-hotel-ca-doro-banner.jpg","contentUrl":"https:\/\/www.hotelcadoro.com\/wp-content\/uploads\/2021\/07\/ristorante-hotel-ca-doro-banner.jpg","width":2000,"height":490,"caption":"Polpo grigliato con pomodorini e capperi su piatto elegante."},{"@type":"BreadcrumbList","@id":"https:\/\/www.hotelcadoro.com\/de\/restaurant\/#breadcrumb","itemListElement":[{"@type":"ListItem","position":1,"name":"Home","item":"https:\/\/www.hotelcadoro.com\/de\/"},{"@type":"ListItem","position":2,"name":"Restaurant"}]},{"@type":"WebSite","@id":"https:\/\/www.hotelcadoro.com\/de\/#website","url":"https:\/\/www.hotelcadoro.com\/de\/","name":"Hotel Ca&#039; D&#039;Oro","description":"","publisher":{"@id":"https:\/\/www.hotelcadoro.com\/de\/#organization"},"potentialAction":[{"@type":"SearchAction","target":{"@type":"EntryPoint","urlTemplate":"https:\/\/www.hotelcadoro.com\/de\/?s={search_term_string}"},"query-input":{"@type":"PropertyValueSpecification","valueRequired":true,"valueName":"search_term_string"}}],"inLanguage":"de"},{"@type":"Organization","@id":"https:\/\/www.hotelcadoro.com\/de\/#organization","name":"Hotel Ca' D'Oro","url":"https:\/\/www.hotelcadoro.com\/de\/","logo":{"@type":"ImageObject","inLanguage":"de","@id":"https:\/\/www.hotelcadoro.com\/de\/#\/schema\/logo\/image\/","url":"https:\/\/www.hotelcadoro.com\/wp-content\/uploads\/2020\/03\/logo.png","contentUrl":"https:\/\/www.hotelcadoro.com\/wp-content\/uploads\/2020\/03\/logo.png","width":528,"height":400,"caption":"Hotel Ca' D'Oro"},"image":{"@id":"https:\/\/www.hotelcadoro.com\/de\/#\/schema\/logo\/image\/"}}]}},"coauthors":[],"author_meta":{"author_link":"https:\/\/www.hotelcadoro.com\/de\/author\/c4d-0r0w\/","display_name":"c4d-0r0w"},"relative_dates":{"created":"Posted 6\u00a0Jahren ago","modified":"Updated 4\u00a0Monaten ago"},"absolute_dates":{"created":"Posted on 10 April 2020","modified":"Updated on 6 Januar 2026"},"absolute_dates_time":{"created":"Posted on 10 April 2020 12:48","modified":"Updated on 6 Januar 2026 00:02"},"featured_img_caption":"","featured_img":"https:\/\/www.hotelcadoro.com\/wp-content\/uploads\/2021\/07\/ristorante-hotel-ca-doro-banner-1200x294.jpg","series_order":"","_links":{"self":[{"href":"https:\/\/www.hotelcadoro.com\/de\/wp-json\/wp\/v2\/pages\/1052","targetHints":{"allow":["GET"]}}],"collection":[{"href":"https:\/\/www.hotelcadoro.com\/de\/wp-json\/wp\/v2\/pages"}],"about":[{"href":"https:\/\/www.hotelcadoro.com\/de\/wp-json\/wp\/v2\/types\/page"}],"author":[{"embeddable":true,"href":"https:\/\/www.hotelcadoro.com\/de\/wp-json\/wp\/v2\/users\/2"}],"replies":[{"embeddable":true,"href":"https:\/\/www.hotelcadoro.com\/de\/wp-json\/wp\/v2\/comments?post=1052"}],"version-history":[{"count":3,"href":"https:\/\/www.hotelcadoro.com\/de\/wp-json\/wp\/v2\/pages\/1052\/revisions"}],"predecessor-version":[{"id":3885,"href":"https:\/\/www.hotelcadoro.com\/de\/wp-json\/wp\/v2\/pages\/1052\/revisions\/3885"}],"wp:featuredmedia":[{"embeddable":true,"href":"https:\/\/www.hotelcadoro.com\/de\/wp-json\/wp\/v2\/media\/2762"}],"wp:attachment":[{"href":"https:\/\/www.hotelcadoro.com\/de\/wp-json\/wp\/v2\/media?parent=1052"}],"curies":[{"name":"wp","href":"https:\/\/api.w.org\/{rel}","templated":true}]}}