{"id":1049,"date":"2020-04-10T12:45:30","date_gmt":"2020-04-10T10:45:30","guid":{"rendered":"https:\/\/www.hotelcadoro.com\/?page_id=1049"},"modified":"2020-04-20T14:21:06","modified_gmt":"2020-04-20T12:21:06","slug":"pool-und-jacuzzi","status":"publish","type":"page","link":"https:\/\/www.hotelcadoro.com\/de\/pool-und-jacuzzi\/","title":{"rendered":"Pool und Jacuzzi"},"content":{"rendered":"\n<div class=\"wp-block-group cadoro-bg-gold-small-l\"><div class=\"wp-block-group__inner-container is-layout-flow wp-block-group-is-layout-flow\"><\/div><\/div>\n\n\n\n<div class=\"wp-block-group cadoro-1\"><div class=\"wp-block-group__inner-container is-layout-flow wp-block-group-is-layout-flow\">\n<h2 class=\"wp-block-heading\">Pool und Jacuzzi auf der Terrasse<\/h2>\n\n\n\n<p>Nehmen Sie sich etwas Zeit, um <strong>Geist und K\u00f6rper auf unserer Sonnenterrasse zu entspannen<\/strong>, entweder machen Sie es sich auf den Sonnenliegen bequem oder tauchen Sie in den gro\u00dfen beheizten Schwimmbecken ein.<\/p>\n\n\n\n<p>Und wenn Sie sich besonders verw\u00f6hnen m\u00f6chten, gibt es nichts Besseres als unseren<strong> 35\u00b0 C Whirlpool<\/strong>\u2026 um sich einen Moment der vollst\u00e4ndigen Entspannung zu g\u00f6nnen.<\/p>\n<\/div><\/div>\n\n\n\n<div class=\"wp-block-group cadoro-2-gallery\"><div class=\"wp-block-group__inner-container is-layout-flow wp-block-group-is-layout-flow\">\n<figure class=\"wp-block-gallery columns-3 is-cropped wp-block-gallery-2\"><ul class=\"blocks-gallery-grid\"><li class=\"blocks-gallery-item\"><figure><img loading=\"lazy\" decoding=\"async\" width=\"1024\" height=\"681\" src=\"https:\/\/www.hotelcadoro.com\/wp-content\/uploads\/2020\/04\/Hotel_CaDOro_Piscina_dettaglio_02-1024x681.jpg\" alt=\"\" data-id=\"635\" data-full-url=\"https:\/\/www.hotelcadoro.com\/wp-content\/uploads\/2020\/04\/Hotel_CaDOro_Piscina_dettaglio_02.jpg\" data-link=\"https:\/\/www.hotelcadoro.com\/it\/allinterno-dellhotel\/hotel_cadoro_piscina_dettaglio_02\/\" class=\"wp-image-637\" srcset=\"https:\/\/www.hotelcadoro.com\/wp-content\/uploads\/2020\/04\/Hotel_CaDOro_Piscina_dettaglio_02-1024x681.jpg 1024w, https:\/\/www.hotelcadoro.com\/wp-content\/uploads\/2020\/04\/Hotel_CaDOro_Piscina_dettaglio_02-300x200.jpg 300w, https:\/\/www.hotelcadoro.com\/wp-content\/uploads\/2020\/04\/Hotel_CaDOro_Piscina_dettaglio_02-768x511.jpg 768w, https:\/\/www.hotelcadoro.com\/wp-content\/uploads\/2020\/04\/Hotel_CaDOro_Piscina_dettaglio_02-1600x1065.jpg 1600w, https:\/\/www.hotelcadoro.com\/wp-content\/uploads\/2020\/04\/Hotel_CaDOro_Piscina_dettaglio_02-1536x1022.jpg 1536w, https:\/\/www.hotelcadoro.com\/wp-content\/uploads\/2020\/04\/Hotel_CaDOro_Piscina_dettaglio_02-1200x799.jpg 1200w, https:\/\/www.hotelcadoro.com\/wp-content\/uploads\/2020\/04\/Hotel_CaDOro_Piscina_dettaglio_02-1980x1318.jpg 1980w, https:\/\/www.hotelcadoro.com\/wp-content\/uploads\/2020\/04\/Hotel_CaDOro_Piscina_dettaglio_02.jpg 2000w\" sizes=\"auto, (max-width: 1024px) 100vw, 1024px\" \/><\/figure><\/li><li class=\"blocks-gallery-item\"><figure><img loading=\"lazy\" decoding=\"async\" width=\"1024\" height=\"666\" src=\"https:\/\/www.hotelcadoro.com\/wp-content\/uploads\/2020\/04\/home_test_cadoro-1024x666.jpg\" alt=\"\" data-id=\"548\" data-full-url=\"https:\/\/www.hotelcadoro.com\/wp-content\/uploads\/2020\/04\/home_test_cadoro.jpg\" data-link=\"https:\/\/www.hotelcadoro.com\/it\/hotel\/home_test_cadoro\/\" class=\"wp-image-550\" srcset=\"https:\/\/www.hotelcadoro.com\/wp-content\/uploads\/2020\/04\/home_test_cadoro-1024x666.jpg 1024w, https:\/\/www.hotelcadoro.com\/wp-content\/uploads\/2020\/04\/home_test_cadoro-300x195.jpg 300w, https:\/\/www.hotelcadoro.com\/wp-content\/uploads\/2020\/04\/home_test_cadoro-768x499.jpg 768w, https:\/\/www.hotelcadoro.com\/wp-content\/uploads\/2020\/04\/home_test_cadoro-1600x1040.jpg 1600w, https:\/\/www.hotelcadoro.com\/wp-content\/uploads\/2020\/04\/home_test_cadoro-1536x998.jpg 1536w, https:\/\/www.hotelcadoro.com\/wp-content\/uploads\/2020\/04\/home_test_cadoro-1200x780.jpg 1200w, https:\/\/www.hotelcadoro.com\/wp-content\/uploads\/2020\/04\/home_test_cadoro-1980x1287.jpg 1980w, https:\/\/www.hotelcadoro.com\/wp-content\/uploads\/2020\/04\/home_test_cadoro.jpg 2000w\" sizes=\"auto, (max-width: 1024px) 100vw, 1024px\" \/><\/figure><\/li><li class=\"blocks-gallery-item\"><figure><img loading=\"lazy\" decoding=\"async\" width=\"1024\" height=\"681\" src=\"https:\/\/www.hotelcadoro.com\/wp-content\/uploads\/2020\/04\/Hotel_CaDOro_Piscina_dettaglio_01-1024x681.jpg\" alt=\"\" data-id=\"649\" data-full-url=\"https:\/\/www.hotelcadoro.com\/wp-content\/uploads\/2020\/04\/Hotel_CaDOro_Piscina_dettaglio_01.jpg\" data-link=\"https:\/\/www.hotelcadoro.com\/it\/?attachment_id=649\" class=\"wp-image-651\" srcset=\"https:\/\/www.hotelcadoro.com\/wp-content\/uploads\/2020\/04\/Hotel_CaDOro_Piscina_dettaglio_01-1024x681.jpg 1024w, https:\/\/www.hotelcadoro.com\/wp-content\/uploads\/2020\/04\/Hotel_CaDOro_Piscina_dettaglio_01-300x199.jpg 300w, https:\/\/www.hotelcadoro.com\/wp-content\/uploads\/2020\/04\/Hotel_CaDOro_Piscina_dettaglio_01-768x510.jpg 768w, https:\/\/www.hotelcadoro.com\/wp-content\/uploads\/2020\/04\/Hotel_CaDOro_Piscina_dettaglio_01-1600x1063.jpg 1600w, https:\/\/www.hotelcadoro.com\/wp-content\/uploads\/2020\/04\/Hotel_CaDOro_Piscina_dettaglio_01-1536x1021.jpg 1536w, https:\/\/www.hotelcadoro.com\/wp-content\/uploads\/2020\/04\/Hotel_CaDOro_Piscina_dettaglio_01-1200x798.jpg 1200w, https:\/\/www.hotelcadoro.com\/wp-content\/uploads\/2020\/04\/Hotel_CaDOro_Piscina_dettaglio_01-1980x1316.jpg 1980w, https:\/\/www.hotelcadoro.com\/wp-content\/uploads\/2020\/04\/Hotel_CaDOro_Piscina_dettaglio_01.jpg 2001w\" sizes=\"auto, (max-width: 1024px) 100vw, 1024px\" \/><\/figure><\/li><li class=\"blocks-gallery-item\"><figure><img loading=\"lazy\" decoding=\"async\" width=\"1024\" height=\"681\" src=\"https:\/\/www.hotelcadoro.com\/wp-content\/uploads\/2020\/04\/Hotel_CaDOro_Piscina_notte-1024x681.jpg\" alt=\"\" data-id=\"652\" data-full-url=\"https:\/\/www.hotelcadoro.com\/wp-content\/uploads\/2020\/04\/Hotel_CaDOro_Piscina_notte.jpg\" data-link=\"https:\/\/www.hotelcadoro.com\/it\/?attachment_id=652\" class=\"wp-image-654\" srcset=\"https:\/\/www.hotelcadoro.com\/wp-content\/uploads\/2020\/04\/Hotel_CaDOro_Piscina_notte-1024x681.jpg 1024w, https:\/\/www.hotelcadoro.com\/wp-content\/uploads\/2020\/04\/Hotel_CaDOro_Piscina_notte-300x199.jpg 300w, https:\/\/www.hotelcadoro.com\/wp-content\/uploads\/2020\/04\/Hotel_CaDOro_Piscina_notte-768x510.jpg 768w, https:\/\/www.hotelcadoro.com\/wp-content\/uploads\/2020\/04\/Hotel_CaDOro_Piscina_notte-1600x1063.jpg 1600w, https:\/\/www.hotelcadoro.com\/wp-content\/uploads\/2020\/04\/Hotel_CaDOro_Piscina_notte-1536x1021.jpg 1536w, https:\/\/www.hotelcadoro.com\/wp-content\/uploads\/2020\/04\/Hotel_CaDOro_Piscina_notte-1200x798.jpg 1200w, https:\/\/www.hotelcadoro.com\/wp-content\/uploads\/2020\/04\/Hotel_CaDOro_Piscina_notte-1980x1316.jpg 1980w, https:\/\/www.hotelcadoro.com\/wp-content\/uploads\/2020\/04\/Hotel_CaDOro_Piscina_notte.jpg 2001w\" sizes=\"auto, (max-width: 1024px) 100vw, 1024px\" \/><\/figure><\/li><li class=\"blocks-gallery-item\"><figure><img loading=\"lazy\" decoding=\"async\" width=\"1024\" height=\"681\" src=\"https:\/\/www.hotelcadoro.com\/wp-content\/uploads\/2020\/04\/Hotel_CaDOro_Piscina_alto-1-1024x681.jpg\" alt=\"\" data-id=\"646\" data-full-url=\"https:\/\/www.hotelcadoro.com\/wp-content\/uploads\/2020\/04\/Hotel_CaDOro_Piscina_alto-1.jpg\" data-link=\"https:\/\/www.hotelcadoro.com\/it\/?attachment_id=646\" class=\"wp-image-648 is-layout-flex wp-block-gallery-is-layout-flex\" srcset=\"https:\/\/www.hotelcadoro.com\/wp-content\/uploads\/2020\/04\/Hotel_CaDOro_Piscina_alto-1-1024x681.jpg 1024w, https:\/\/www.hotelcadoro.com\/wp-content\/uploads\/2020\/04\/Hotel_CaDOro_Piscina_alto-1-300x199.jpg 300w, https:\/\/www.hotelcadoro.com\/wp-content\/uploads\/2020\/04\/Hotel_CaDOro_Piscina_alto-1-768x510.jpg 768w, https:\/\/www.hotelcadoro.com\/wp-content\/uploads\/2020\/04\/Hotel_CaDOro_Piscina_alto-1-1600x1063.jpg 1600w, https:\/\/www.hotelcadoro.com\/wp-content\/uploads\/2020\/04\/Hotel_CaDOro_Piscina_alto-1-1536x1021.jpg 1536w, https:\/\/www.hotelcadoro.com\/wp-content\/uploads\/2020\/04\/Hotel_CaDOro_Piscina_alto-1-1200x798.jpg 1200w, https:\/\/www.hotelcadoro.com\/wp-content\/uploads\/2020\/04\/Hotel_CaDOro_Piscina_alto-1-1980x1316.jpg 1980w, https:\/\/www.hotelcadoro.com\/wp-content\/uploads\/2020\/04\/Hotel_CaDOro_Piscina_alto-1.jpg 2001w\" sizes=\"auto, (max-width: 1024px) 100vw, 1024px\" \/><\/figure><\/li><\/ul><\/figure>\n<\/div><\/div>\n","protected":false},"excerpt":{"rendered":"<p>Pool und Jacuzzi auf der Terrasse Nehmen Sie sich etwas Zeit, um Geist und K\u00f6rper auf unserer Sonnenterrasse zu entspannen, entweder machen Sie es sich auf den Sonnenliegen bequem oder tauchen Sie in den gro\u00dfen beheizten Schwimmbecken ein. Und wenn Sie sich besonders verw\u00f6hnen m\u00f6chten, gibt es nichts Besseres als unseren 35\u00b0 C Whirlpool\u2026 um [&hellip;]<\/p>\n","protected":false},"author":2,"featured_media":2759,"parent":0,"menu_order":0,"comment_status":"closed","ping_status":"closed","template":"","meta":{"_acf_changed":false,"advgb_blocks_editor_width":"","advgb_blocks_columns_visual_guide":"","footnotes":""},"class_list":["post-1049","page","type-page","status-publish","has-post-thumbnail","hentry"],"acf":[],"yoast_head":"<!-- This site is optimized with the Yoast SEO plugin v25.6 - https:\/\/yoast.com\/wordpress\/plugins\/seo\/ -->\n<title>Pool und Jacuzzi - Hotel Ca&#039; D&#039;Oro - Drei-Sterne-Oberin in Bibione<\/title>\n<meta name=\"description\" content=\"Tre Stelle Superior a Bibione Nehmen Sie sich etwas Zeit, um Geist und K\u00f6rper auf unserer Sonnenterrasse zu entspannen.\" \/>\n<meta name=\"robots\" content=\"index, follow, max-snippet:-1, max-image-preview:large, max-video-preview:-1\" \/>\n<link rel=\"canonical\" href=\"https:\/\/www.hotelcadoro.com\/de\/pool-und-jacuzzi\/\" \/>\n<meta property=\"og:locale\" content=\"de_DE\" \/>\n<meta property=\"og:type\" content=\"article\" \/>\n<meta property=\"og:title\" content=\"Pool und Jacuzzi - Hotel Ca&#039; D&#039;Oro - Drei-Sterne-Oberin in Bibione\" \/>\n<meta property=\"og:description\" content=\"Tre Stelle Superior a Bibione Nehmen Sie sich etwas Zeit, um Geist und K\u00f6rper auf unserer Sonnenterrasse zu entspannen.\" \/>\n<meta property=\"og:url\" content=\"https:\/\/www.hotelcadoro.com\/de\/pool-und-jacuzzi\/\" \/>\n<meta property=\"og:site_name\" content=\"Hotel Ca&#039; D&#039;Oro\" \/>\n<meta property=\"article:modified_time\" content=\"2020-04-20T12:21:06+00:00\" \/>\n<meta property=\"og:image\" content=\"https:\/\/www.hotelcadoro.com\/wp-content\/uploads\/2021\/07\/piscina-hotel-ca-doro-banner.jpg\" \/>\n\t<meta property=\"og:image:width\" content=\"2000\" \/>\n\t<meta property=\"og:image:height\" content=\"490\" \/>\n\t<meta property=\"og:image:type\" content=\"image\/jpeg\" \/>\n<meta name=\"twitter:card\" content=\"summary_large_image\" \/>\n<script type=\"application\/ld+json\" class=\"yoast-schema-graph\">{\"@context\":\"https:\/\/schema.org\",\"@graph\":[{\"@type\":\"WebPage\",\"@id\":\"https:\/\/www.hotelcadoro.com\/de\/pool-und-jacuzzi\/\",\"url\":\"https:\/\/www.hotelcadoro.com\/de\/pool-und-jacuzzi\/\",\"name\":\"Pool und Jacuzzi - Hotel Ca&#039; D&#039;Oro - Drei-Sterne-Oberin in Bibione\",\"isPartOf\":{\"@id\":\"https:\/\/www.hotelcadoro.com\/de\/#website\"},\"primaryImageOfPage\":{\"@id\":\"https:\/\/www.hotelcadoro.com\/de\/pool-und-jacuzzi\/#primaryimage\"},\"image\":{\"@id\":\"https:\/\/www.hotelcadoro.com\/de\/pool-und-jacuzzi\/#primaryimage\"},\"thumbnailUrl\":\"https:\/\/www.hotelcadoro.com\/wp-content\/uploads\/2021\/07\/piscina-hotel-ca-doro-banner.jpg\",\"datePublished\":\"2020-04-10T10:45:30+00:00\",\"dateModified\":\"2020-04-20T12:21:06+00:00\",\"description\":\"Tre Stelle Superior a Bibione Nehmen Sie sich etwas Zeit, um Geist und K\u00f6rper auf unserer Sonnenterrasse zu entspannen.\",\"breadcrumb\":{\"@id\":\"https:\/\/www.hotelcadoro.com\/de\/pool-und-jacuzzi\/#breadcrumb\"},\"inLanguage\":\"de\",\"potentialAction\":[{\"@type\":\"ReadAction\",\"target\":[\"https:\/\/www.hotelcadoro.com\/de\/pool-und-jacuzzi\/\"]}]},{\"@type\":\"ImageObject\",\"inLanguage\":\"de\",\"@id\":\"https:\/\/www.hotelcadoro.com\/de\/pool-und-jacuzzi\/#primaryimage\",\"url\":\"https:\/\/www.hotelcadoro.com\/wp-content\/uploads\/2021\/07\/piscina-hotel-ca-doro-banner.jpg\",\"contentUrl\":\"https:\/\/www.hotelcadoro.com\/wp-content\/uploads\/2021\/07\/piscina-hotel-ca-doro-banner.jpg\",\"width\":2000,\"height\":490,\"caption\":\"Piscina d'hotel con sdraio e scalinata artistica.\"},{\"@type\":\"BreadcrumbList\",\"@id\":\"https:\/\/www.hotelcadoro.com\/de\/pool-und-jacuzzi\/#breadcrumb\",\"itemListElement\":[{\"@type\":\"ListItem\",\"position\":1,\"name\":\"Home\",\"item\":\"https:\/\/www.hotelcadoro.com\/de\/\"},{\"@type\":\"ListItem\",\"position\":2,\"name\":\"Pool und Jacuzzi\"}]},{\"@type\":\"WebSite\",\"@id\":\"https:\/\/www.hotelcadoro.com\/de\/#website\",\"url\":\"https:\/\/www.hotelcadoro.com\/de\/\",\"name\":\"Hotel Ca&#039; D&#039;Oro\",\"description\":\"\",\"publisher\":{\"@id\":\"https:\/\/www.hotelcadoro.com\/de\/#organization\"},\"potentialAction\":[{\"@type\":\"SearchAction\",\"target\":{\"@type\":\"EntryPoint\",\"urlTemplate\":\"https:\/\/www.hotelcadoro.com\/de\/?s={search_term_string}\"},\"query-input\":{\"@type\":\"PropertyValueSpecification\",\"valueRequired\":true,\"valueName\":\"search_term_string\"}}],\"inLanguage\":\"de\"},{\"@type\":\"Organization\",\"@id\":\"https:\/\/www.hotelcadoro.com\/de\/#organization\",\"name\":\"Hotel Ca' D'Oro\",\"url\":\"https:\/\/www.hotelcadoro.com\/de\/\",\"logo\":{\"@type\":\"ImageObject\",\"inLanguage\":\"de\",\"@id\":\"https:\/\/www.hotelcadoro.com\/de\/#\/schema\/logo\/image\/\",\"url\":\"https:\/\/www.hotelcadoro.com\/wp-content\/uploads\/2020\/03\/logo.png\",\"contentUrl\":\"https:\/\/www.hotelcadoro.com\/wp-content\/uploads\/2020\/03\/logo.png\",\"width\":528,\"height\":400,\"caption\":\"Hotel Ca' D'Oro\"},\"image\":{\"@id\":\"https:\/\/www.hotelcadoro.com\/de\/#\/schema\/logo\/image\/\"}}]}<\/script>\n<!-- \/ Yoast SEO plugin. -->","yoast_head_json":{"title":"Pool und Jacuzzi - Hotel Ca&#039; D&#039;Oro - Drei-Sterne-Oberin in Bibione","description":"Tre Stelle Superior a Bibione Nehmen Sie sich etwas Zeit, um Geist und K\u00f6rper auf unserer Sonnenterrasse zu entspannen.","robots":{"index":"index","follow":"follow","max-snippet":"max-snippet:-1","max-image-preview":"max-image-preview:large","max-video-preview":"max-video-preview:-1"},"canonical":"https:\/\/www.hotelcadoro.com\/de\/pool-und-jacuzzi\/","og_locale":"de_DE","og_type":"article","og_title":"Pool und Jacuzzi - Hotel Ca&#039; D&#039;Oro - Drei-Sterne-Oberin in Bibione","og_description":"Tre Stelle Superior a Bibione Nehmen Sie sich etwas Zeit, um Geist und K\u00f6rper auf unserer Sonnenterrasse zu entspannen.","og_url":"https:\/\/www.hotelcadoro.com\/de\/pool-und-jacuzzi\/","og_site_name":"Hotel Ca&#039; D&#039;Oro","article_modified_time":"2020-04-20T12:21:06+00:00","og_image":[{"width":2000,"height":490,"url":"https:\/\/www.hotelcadoro.com\/wp-content\/uploads\/2021\/07\/piscina-hotel-ca-doro-banner.jpg","type":"image\/jpeg"}],"twitter_card":"summary_large_image","schema":{"@context":"https:\/\/schema.org","@graph":[{"@type":"WebPage","@id":"https:\/\/www.hotelcadoro.com\/de\/pool-und-jacuzzi\/","url":"https:\/\/www.hotelcadoro.com\/de\/pool-und-jacuzzi\/","name":"Pool und Jacuzzi - Hotel Ca&#039; D&#039;Oro - Drei-Sterne-Oberin in Bibione","isPartOf":{"@id":"https:\/\/www.hotelcadoro.com\/de\/#website"},"primaryImageOfPage":{"@id":"https:\/\/www.hotelcadoro.com\/de\/pool-und-jacuzzi\/#primaryimage"},"image":{"@id":"https:\/\/www.hotelcadoro.com\/de\/pool-und-jacuzzi\/#primaryimage"},"thumbnailUrl":"https:\/\/www.hotelcadoro.com\/wp-content\/uploads\/2021\/07\/piscina-hotel-ca-doro-banner.jpg","datePublished":"2020-04-10T10:45:30+00:00","dateModified":"2020-04-20T12:21:06+00:00","description":"Tre Stelle Superior a Bibione Nehmen Sie sich etwas Zeit, um Geist und K\u00f6rper auf unserer Sonnenterrasse zu entspannen.","breadcrumb":{"@id":"https:\/\/www.hotelcadoro.com\/de\/pool-und-jacuzzi\/#breadcrumb"},"inLanguage":"de","potentialAction":[{"@type":"ReadAction","target":["https:\/\/www.hotelcadoro.com\/de\/pool-und-jacuzzi\/"]}]},{"@type":"ImageObject","inLanguage":"de","@id":"https:\/\/www.hotelcadoro.com\/de\/pool-und-jacuzzi\/#primaryimage","url":"https:\/\/www.hotelcadoro.com\/wp-content\/uploads\/2021\/07\/piscina-hotel-ca-doro-banner.jpg","contentUrl":"https:\/\/www.hotelcadoro.com\/wp-content\/uploads\/2021\/07\/piscina-hotel-ca-doro-banner.jpg","width":2000,"height":490,"caption":"Piscina d'hotel con sdraio e scalinata artistica."},{"@type":"BreadcrumbList","@id":"https:\/\/www.hotelcadoro.com\/de\/pool-und-jacuzzi\/#breadcrumb","itemListElement":[{"@type":"ListItem","position":1,"name":"Home","item":"https:\/\/www.hotelcadoro.com\/de\/"},{"@type":"ListItem","position":2,"name":"Pool und Jacuzzi"}]},{"@type":"WebSite","@id":"https:\/\/www.hotelcadoro.com\/de\/#website","url":"https:\/\/www.hotelcadoro.com\/de\/","name":"Hotel Ca&#039; D&#039;Oro","description":"","publisher":{"@id":"https:\/\/www.hotelcadoro.com\/de\/#organization"},"potentialAction":[{"@type":"SearchAction","target":{"@type":"EntryPoint","urlTemplate":"https:\/\/www.hotelcadoro.com\/de\/?s={search_term_string}"},"query-input":{"@type":"PropertyValueSpecification","valueRequired":true,"valueName":"search_term_string"}}],"inLanguage":"de"},{"@type":"Organization","@id":"https:\/\/www.hotelcadoro.com\/de\/#organization","name":"Hotel Ca' D'Oro","url":"https:\/\/www.hotelcadoro.com\/de\/","logo":{"@type":"ImageObject","inLanguage":"de","@id":"https:\/\/www.hotelcadoro.com\/de\/#\/schema\/logo\/image\/","url":"https:\/\/www.hotelcadoro.com\/wp-content\/uploads\/2020\/03\/logo.png","contentUrl":"https:\/\/www.hotelcadoro.com\/wp-content\/uploads\/2020\/03\/logo.png","width":528,"height":400,"caption":"Hotel Ca' D'Oro"},"image":{"@id":"https:\/\/www.hotelcadoro.com\/de\/#\/schema\/logo\/image\/"}}]}},"coauthors":[],"author_meta":{"author_link":"https:\/\/www.hotelcadoro.com\/de\/author\/c4d-0r0w\/","display_name":"c4d-0r0w"},"relative_dates":{"created":"Posted 6\u00a0Jahren ago","modified":"Updated 6\u00a0Jahren ago"},"absolute_dates":{"created":"Posted on 10 April 2020","modified":"Updated on 20 April 2020"},"absolute_dates_time":{"created":"Posted on 10 April 2020 12:45","modified":"Updated on 20 April 2020 14:21"},"featured_img_caption":"","featured_img":"https:\/\/www.hotelcadoro.com\/wp-content\/uploads\/2021\/07\/piscina-hotel-ca-doro-banner-1200x294.jpg","series_order":"","_links":{"self":[{"href":"https:\/\/www.hotelcadoro.com\/de\/wp-json\/wp\/v2\/pages\/1049","targetHints":{"allow":["GET"]}}],"collection":[{"href":"https:\/\/www.hotelcadoro.com\/de\/wp-json\/wp\/v2\/pages"}],"about":[{"href":"https:\/\/www.hotelcadoro.com\/de\/wp-json\/wp\/v2\/types\/page"}],"author":[{"embeddable":true,"href":"https:\/\/www.hotelcadoro.com\/de\/wp-json\/wp\/v2\/users\/2"}],"replies":[{"embeddable":true,"href":"https:\/\/www.hotelcadoro.com\/de\/wp-json\/wp\/v2\/comments?post=1049"}],"version-history":[{"count":0,"href":"https:\/\/www.hotelcadoro.com\/de\/wp-json\/wp\/v2\/pages\/1049\/revisions"}],"wp:featuredmedia":[{"embeddable":true,"href":"https:\/\/www.hotelcadoro.com\/de\/wp-json\/wp\/v2\/media\/2759"}],"wp:attachment":[{"href":"https:\/\/www.hotelcadoro.com\/de\/wp-json\/wp\/v2\/media?parent=1049"}],"curies":[{"name":"wp","href":"https:\/\/api.w.org\/{rel}","templated":true}]}}